{"id":16844,"date":"2026-03-18T22:03:59","date_gmt":"2026-03-18T21:03:59","guid":{"rendered":"https:\/\/gltestm.webology.pl\/produkt\/pedal-fuer-maschine-modell-hkt-72-c-dreifachstecker\/"},"modified":"2026-03-22T21:49:21","modified_gmt":"2026-03-22T20:49:21","slug":"pedal-fuer-maschine-modell-hkt-72-c-dreifachstecker","status":"publish","type":"product","link":"https:\/\/gltestm.webology.pl\/de\/produkt\/pedal-fuer-maschine-modell-hkt-72-c-dreifachstecker\/","title":{"rendered":"Pedal f\u00fcr Maschine Modell HKT-72 C &#8211; Dreifachstecker"},"content":{"rendered":"<p><strong>N\u00e4hgeschwindigkeitsregler<\/strong>, geeignet f\u00fcr <strong>Lucznik-Maschinen<\/strong>. Es steuert die Geschwindigkeit der Motoren in den <strong>N\u00e4hmaschinen<\/strong>. <strong>Der Starter <\/strong>wird mit einem Kabel geliefert, um die Maschine zum Starten an das Stromnetz anzuschlie\u00dfen. <\/p>\n<h2>Kompatibilit\u00e4t mit Maschinen<\/h2>\n<p><strong>Lucznik-Maschinen<\/strong>, die mit dieser Steuerung kompatibel sind:<\/p>\n<ul>\n<li>Kornelia 2004<\/li>\n<li>Laura 555<\/li>\n<li>Sophia II 2015<\/li>\n<li>Teresa<\/li>\n<li>Paulina 512<\/li>\n<li>Polonia 2018<\/li>\n<li>Hoffnung 2019<\/li>\n<li>Anna 510<\/li>\n<li>Paulina 511<\/li>\n<li>Amelia II 2005<\/li>\n<li>Dorota<\/li>\n<\/ul>\n<h2>Kompatibilit\u00e4t mit anderen Modellen<\/h2>\n<ul>\n<li>Babylock Modell BL2160.<\/li>\n<li>Bernina (Bernette) Maschine Modell Funlock 003, 004, 004D, 006, 006D, 007D, 008D, 009D, 009DCC &amp; 430.<\/li>\n<li>Elna Modell 1010, FA, F4, L2, L4, L4D, L4DE, L5, L5D, L40, PRO4DE, PRO5D, 604E, 614DE, 624DSE, 683, 686 &amp; 704DEX. <\/li>\n<li>Euro Pro, Omega Modelle 415, 416, 420, 440DX, 6130, 6130A, 7100, 7132, 7133, 7142, 7500 &amp; 8260. <\/li>\n<li>Husqvarna Viking Modelle E10 Huskystar &amp; E20 Huskystar. <\/li>\n<li>Juki Modell HZL-27Z, HZL-35Z, MO613, MO614, MO634, MO634D, MO644, MO644D und MO654DE. <\/li>\n<li>Jaguar Modell J413 und J415.<\/li>\n<li>Necchi Modell Omega 6018.<\/li>\n<li>Pfaff Modell 78, 783, 788, 4850 und Hobbylock 2.0<\/li>\n<li>Riccar Modell R552 und R651.<\/li>\n<li>Hai &#8211; Euro Pro Modell 7133.<\/li>\n<li>Simplicity Modell SL415, SL640, SL630, SL6150 und SL6150. <\/li>\n<li>Singer Modell 118, 1007, 1012, 1014, 1105, 1107, 1116, 1120, 1130, 1507, 1525, 1725, 1732, 1748, 2250, 2259, 2263, 2273, 2639, 2662, 2712, 2718, 2722, 2724, 2730, 2732, 2932, 3207, 3214, 3116, 3709, 3722, 3810, 3820, 3825, 3825, 3962, 4102, 4205, 4206, 4210, 4212, 4220, 4228, 4411 Heavy Duty, 4423 Heavy Duty, 50T8, 6239, 6510, 6550, 7312, 7322, 7350, 8132, 8280, 8510, 995D2, 996D2, E99670, Quantum Decor, 14T948DS, 14T957DC, 14T967DC &amp;. 14T968DC. <\/li>\n<li>Wei\u00dfes Modell 299D, 2220, 2221, 2222, 4041, 4042, 5340 und 7340.<\/li>\n<\/ul>\n<p><span> <strong>Hinweis<\/strong>: Die Nummer\/Kennzeichnung auf dem Typenschild kann variieren. Bitte orientieren Sie sich bei der Auswahl an der Form des Steckers<\/span><\/p>\n","protected":false},"excerpt":{"rendered":"<p>N\u00e4hgeschwindigkeitsregler geeignet f\u00fcr Lucznik, Juki Singer, Elna und andere Maschinen. Regelt die Geschwindigkeit von Motoren in N\u00e4hmaschinen. Wird mit einem Kabel geliefert, um die Maschine zur Inbetriebnahme an das Stromnetz anzuschlie\u00dfen. Dreifach-Ste<\/p>\n","protected":false},"featured_media":15397,"comment_status":"open","ping_status":"closed","template":"","meta":[],"product_brand":[],"product_cat":[480],"product_tag":[],"class_list":{"0":"post-16844","1":"product","2":"type-product","3":"status-publish","4":"has-post-thumbnail","6":"product_cat-pedaly-do-maszyn-i-regulatory-obrotow","8":"first","9":"instock","10":"taxable","11":"shipping-taxable","12":"purchasable","13":"product-type-simple"},"_links":{"self":[{"href":"https:\/\/gltestm.webology.pl\/de\/wp-json\/wp\/v2\/product\/16844","targetHints":{"allow":["GET"]}}],"collection":[{"href":"https:\/\/gltestm.webology.pl\/de\/wp-json\/wp\/v2\/product"}],"about":[{"href":"https:\/\/gltestm.webology.pl\/de\/wp-json\/wp\/v2\/types\/product"}],"replies":[{"embeddable":true,"href":"https:\/\/gltestm.webology.pl\/de\/wp-json\/wp\/v2\/comments?post=16844"}],"version-history":[{"count":0,"href":"https:\/\/gltestm.webology.pl\/de\/wp-json\/wp\/v2\/product\/16844\/revisions"}],"wp:featuredmedia":[{"embeddable":true,"href":"https:\/\/gltestm.webology.pl\/de\/wp-json\/wp\/v2\/media\/15397"}],"wp:attachment":[{"href":"https:\/\/gltestm.webology.pl\/de\/wp-json\/wp\/v2\/media?parent=16844"}],"wp:term":[{"taxonomy":"product_brand","embeddable":true,"href":"https:\/\/gltestm.webology.pl\/de\/wp-json\/wp\/v2\/product_brand?post=16844"},{"taxonomy":"product_cat","embeddable":true,"href":"https:\/\/gltestm.webology.pl\/de\/wp-json\/wp\/v2\/product_cat?post=16844"},{"taxonomy":"product_tag","embeddable":true,"href":"https:\/\/gltestm.webology.pl\/de\/wp-json\/wp\/v2\/product_tag?post=16844"}],"curies":[{"name":"wp","href":"https:\/\/api.w.org\/{rel}","templated":true}]}}