{"id":16820,"date":"2026-03-18T22:03:58","date_gmt":"2026-03-18T21:03:58","guid":{"rendered":"https:\/\/gltestm.webology.pl\/produkt\/gerade-aluminiumdraehte-12-mm\/"},"modified":"2026-03-22T21:49:08","modified_gmt":"2026-03-22T20:49:08","slug":"gerade-aluminiumdraehte-12-mm","status":"publish","type":"product","link":"https:\/\/gltestm.webology.pl\/de\/produkt\/gerade-aluminiumdraehte-12-mm\/","title":{"rendered":"Gerade Aluminiumdr\u00e4hte 12 mm"},"content":{"rendered":"<p>F\u00fcr die Herstellung von warmen Pullovern, M\u00fctzen, Schals oder Socken mit st\u00e4rkerem Garn. Mit starkem Garn und diesen Dr\u00e4hten k\u00f6nnen Sie interessante Strukturen des Produkts erreichen. Sie k\u00f6nnen sie zum Stricken von Schn\u00fcren verwenden. Sie werden ihre St\u00e4rke, ausreichende Flexibilit\u00e4t und ihr geringes Gewicht zu sch\u00e4tzen wissen. Das Paket enth\u00e4lt ein Paar Dr\u00e4hte<\/p>\n","protected":false},"excerpt":{"rendered":"<p>Gerade Dr\u00e4hte stricken 12 mm<\/p>\n","protected":false},"featured_media":14103,"comment_status":"open","ping_status":"closed","template":"","meta":[],"product_brand":[],"product_cat":[385],"product_tag":[],"class_list":{"0":"post-16820","1":"product","2":"type-product","3":"status-publish","4":"has-post-thumbnail","6":"product_cat-druty-do-szydelkowania","8":"first","9":"instock","10":"taxable","11":"shipping-taxable","12":"purchasable","13":"product-type-simple"},"_links":{"self":[{"href":"https:\/\/gltestm.webology.pl\/de\/wp-json\/wp\/v2\/product\/16820","targetHints":{"allow":["GET"]}}],"collection":[{"href":"https:\/\/gltestm.webology.pl\/de\/wp-json\/wp\/v2\/product"}],"about":[{"href":"https:\/\/gltestm.webology.pl\/de\/wp-json\/wp\/v2\/types\/product"}],"replies":[{"embeddable":true,"href":"https:\/\/gltestm.webology.pl\/de\/wp-json\/wp\/v2\/comments?post=16820"}],"version-history":[{"count":0,"href":"https:\/\/gltestm.webology.pl\/de\/wp-json\/wp\/v2\/product\/16820\/revisions"}],"wp:featuredmedia":[{"embeddable":true,"href":"https:\/\/gltestm.webology.pl\/de\/wp-json\/wp\/v2\/media\/14103"}],"wp:attachment":[{"href":"https:\/\/gltestm.webology.pl\/de\/wp-json\/wp\/v2\/media?parent=16820"}],"wp:term":[{"taxonomy":"product_brand","embeddable":true,"href":"https:\/\/gltestm.webology.pl\/de\/wp-json\/wp\/v2\/product_brand?post=16820"},{"taxonomy":"product_cat","embeddable":true,"href":"https:\/\/gltestm.webology.pl\/de\/wp-json\/wp\/v2\/product_cat?post=16820"},{"taxonomy":"product_tag","embeddable":true,"href":"https:\/\/gltestm.webology.pl\/de\/wp-json\/wp\/v2\/product_tag?post=16820"}],"curies":[{"name":"wp","href":"https:\/\/api.w.org\/{rel}","templated":true}]}}