{"id":16808,"date":"2026-03-18T22:03:57","date_gmt":"2026-03-18T21:03:57","guid":{"rendered":"https:\/\/gltestm.webology.pl\/produkt\/gerade-aluminiumdraehte-65-mm\/"},"modified":"2026-03-22T21:10:44","modified_gmt":"2026-03-22T20:10:44","slug":"gerade-aluminiumdraehte-65-mm","status":"publish","type":"product","link":"https:\/\/gltestm.webology.pl\/de\/produkt\/gerade-aluminiumdraehte-65-mm\/","title":{"rendered":"Gerade Aluminiumdr\u00e4hte 6,5 mm"},"content":{"rendered":"<p>Ideal f\u00fcr die Herstellung von Pullovern, M\u00fctzen, Schals oder F\u00e4ustlingen. Sie sind von hoher Qualit\u00e4t, stark, ausreichend flexibel und leicht. Die Dr\u00e4hte sind langlebig und widerstandsf\u00e4hig, sie verbiegen sich nicht bei der Arbeit, und die glatte Oberfl\u00e4che erm\u00f6glicht es Ihnen, nachfolgende \u00d6sen ohne Ziehen anzubringen. Das Paket enth\u00e4lt ein Paar Dr\u00e4hte<\/p>\n","protected":false},"excerpt":{"rendered":"<p>Stricken gerade Dr\u00e4hte 6,5 mm<\/p>\n","protected":false},"featured_media":15831,"comment_status":"open","ping_status":"closed","template":"","meta":[],"product_brand":[],"product_cat":[385],"product_tag":[],"class_list":{"0":"post-16808","1":"product","2":"type-product","3":"status-publish","4":"has-post-thumbnail","6":"product_cat-druty-do-szydelkowania","8":"first","9":"instock","10":"taxable","11":"shipping-taxable","12":"purchasable","13":"product-type-simple"},"_links":{"self":[{"href":"https:\/\/gltestm.webology.pl\/de\/wp-json\/wp\/v2\/product\/16808","targetHints":{"allow":["GET"]}}],"collection":[{"href":"https:\/\/gltestm.webology.pl\/de\/wp-json\/wp\/v2\/product"}],"about":[{"href":"https:\/\/gltestm.webology.pl\/de\/wp-json\/wp\/v2\/types\/product"}],"replies":[{"embeddable":true,"href":"https:\/\/gltestm.webology.pl\/de\/wp-json\/wp\/v2\/comments?post=16808"}],"version-history":[{"count":0,"href":"https:\/\/gltestm.webology.pl\/de\/wp-json\/wp\/v2\/product\/16808\/revisions"}],"wp:featuredmedia":[{"embeddable":true,"href":"https:\/\/gltestm.webology.pl\/de\/wp-json\/wp\/v2\/media\/15831"}],"wp:attachment":[{"href":"https:\/\/gltestm.webology.pl\/de\/wp-json\/wp\/v2\/media?parent=16808"}],"wp:term":[{"taxonomy":"product_brand","embeddable":true,"href":"https:\/\/gltestm.webology.pl\/de\/wp-json\/wp\/v2\/product_brand?post=16808"},{"taxonomy":"product_cat","embeddable":true,"href":"https:\/\/gltestm.webology.pl\/de\/wp-json\/wp\/v2\/product_cat?post=16808"},{"taxonomy":"product_tag","embeddable":true,"href":"https:\/\/gltestm.webology.pl\/de\/wp-json\/wp\/v2\/product_tag?post=16808"}],"curies":[{"name":"wp","href":"https:\/\/api.w.org\/{rel}","templated":true}]}}