{"id":16804,"date":"2026-03-18T22:03:56","date_gmt":"2026-03-18T21:03:56","guid":{"rendered":"https:\/\/gltestm.webology.pl\/produkt\/gerade-aluminiumdraehte-10-mm\/"},"modified":"2026-03-22T21:49:05","modified_gmt":"2026-03-22T20:49:05","slug":"gerade-aluminiumdraehte-10-mm","status":"publish","type":"product","link":"https:\/\/gltestm.webology.pl\/de\/produkt\/gerade-aluminiumdraehte-10-mm\/","title":{"rendered":"Gerade Aluminiumdr\u00e4hte 10 mm"},"content":{"rendered":"<p><strong><span><span><span><span>Sie werden verwendet, um warme Pullover, M\u00fctzen, Schals oder Socken mit st\u00e4rkerem Garn herzustellen. Mit starkem Garn und diesen Dr\u00e4hten k\u00f6nnen Sie interessante Strukturen des Produkts erreichen. Sie k\u00f6nnen sie zum Stricken von Schn\u00fcren verwenden. Sie werden ihre St\u00e4rke, ausreichende Flexibilit\u00e4t und ihr geringes Gewicht zu sch\u00e4tzen wissen. <\/span><\/span><\/span><\/span><\/strong><strong><span><span><span><span>Die Packung enth\u00e4lt ein Paar Dr\u00e4hte.<\/span><\/span><\/span><\/span><\/strong><\/p>\n<p><span><span><span><span><span><span><span>Nadeldurchmesser:<\/span><\/span><\/span><\/span><\/span><\/span><\/span><strong><span><span><span><span><span><span><strong>10 mm<\/strong><\/span><\/span><\/span><\/span><\/span><\/span><\/strong><\/p>\n<p><span><span><span><span><span><span><span>L\u00e4nge:<\/span><\/span><\/span><\/span><\/span><\/span><\/span><strong><span><span><span><span><span><span><strong>35 cm<\/strong><\/span><\/span><\/span><\/span><\/span><\/span><\/strong><\/p>\n<p><strong><span><span><span><span><span><span><strong>Ausgeh\u00f6hlt<\/strong><\/span><\/span><\/span><\/span><\/span><\/span><\/strong><\/p>\n","protected":false},"excerpt":{"rendered":"<p>Stricken von geraden Dr\u00e4hten 10 mm<\/p>\n","protected":false},"featured_media":13185,"comment_status":"open","ping_status":"closed","template":"","meta":[],"product_brand":[],"product_cat":[385],"product_tag":[],"class_list":{"0":"post-16804","1":"product","2":"type-product","3":"status-publish","4":"has-post-thumbnail","6":"product_cat-druty-do-szydelkowania","8":"first","9":"instock","10":"taxable","11":"shipping-taxable","12":"purchasable","13":"product-type-simple"},"_links":{"self":[{"href":"https:\/\/gltestm.webology.pl\/de\/wp-json\/wp\/v2\/product\/16804","targetHints":{"allow":["GET"]}}],"collection":[{"href":"https:\/\/gltestm.webology.pl\/de\/wp-json\/wp\/v2\/product"}],"about":[{"href":"https:\/\/gltestm.webology.pl\/de\/wp-json\/wp\/v2\/types\/product"}],"replies":[{"embeddable":true,"href":"https:\/\/gltestm.webology.pl\/de\/wp-json\/wp\/v2\/comments?post=16804"}],"version-history":[{"count":0,"href":"https:\/\/gltestm.webology.pl\/de\/wp-json\/wp\/v2\/product\/16804\/revisions"}],"wp:featuredmedia":[{"embeddable":true,"href":"https:\/\/gltestm.webology.pl\/de\/wp-json\/wp\/v2\/media\/13185"}],"wp:attachment":[{"href":"https:\/\/gltestm.webology.pl\/de\/wp-json\/wp\/v2\/media?parent=16804"}],"wp:term":[{"taxonomy":"product_brand","embeddable":true,"href":"https:\/\/gltestm.webology.pl\/de\/wp-json\/wp\/v2\/product_brand?post=16804"},{"taxonomy":"product_cat","embeddable":true,"href":"https:\/\/gltestm.webology.pl\/de\/wp-json\/wp\/v2\/product_cat?post=16804"},{"taxonomy":"product_tag","embeddable":true,"href":"https:\/\/gltestm.webology.pl\/de\/wp-json\/wp\/v2\/product_tag?post=16804"}],"curies":[{"name":"wp","href":"https:\/\/api.w.org\/{rel}","templated":true}]}}