{"id":16792,"date":"2026-03-18T22:03:55","date_gmt":"2026-03-18T21:03:55","guid":{"rendered":"https:\/\/gltestm.webology.pl\/produkt\/gerade-aluminiumdraehte-75-mm\/"},"modified":"2026-03-22T21:49:02","modified_gmt":"2026-03-22T20:49:02","slug":"gerade-aluminiumdraehte-75-mm","status":"publish","type":"product","link":"https:\/\/gltestm.webology.pl\/de\/produkt\/gerade-aluminiumdraehte-75-mm\/","title":{"rendered":"Gerade Aluminiumdr\u00e4hte 7,5 mm"},"content":{"rendered":"<p>Sie k\u00f6nnen sie zum Stricken von Kordeln verwenden, aber auch f\u00fcr die Herstellung von Pullovern, M\u00fctzen, Schals und Handschuhen. Die Dr\u00e4hte sind haltbar und widerstandsf\u00e4hig, sie verbiegen sich nicht bei der Arbeit, und die glatte Oberfl\u00e4che erm\u00f6glicht es Ihnen, die n\u00e4chsten \u00d6sen ohne Ziehen anzubringen. Die Dr\u00e4hte passen zu starkem Garn, wodurch das Produkt eine Struktur erh\u00e4lt. Das Paket enth\u00e4lt ein Paar Dr\u00e4hte<\/p>\n","protected":false},"excerpt":{"rendered":"<p>Gerade Dr\u00e4hte stricken 7,5 mm<\/p>\n","protected":false},"featured_media":14520,"comment_status":"open","ping_status":"closed","template":"","meta":[],"product_brand":[],"product_cat":[385],"product_tag":[],"class_list":{"0":"post-16792","1":"product","2":"type-product","3":"status-publish","4":"has-post-thumbnail","6":"product_cat-druty-do-szydelkowania","8":"first","9":"instock","10":"taxable","11":"shipping-taxable","12":"purchasable","13":"product-type-simple"},"_links":{"self":[{"href":"https:\/\/gltestm.webology.pl\/de\/wp-json\/wp\/v2\/product\/16792","targetHints":{"allow":["GET"]}}],"collection":[{"href":"https:\/\/gltestm.webology.pl\/de\/wp-json\/wp\/v2\/product"}],"about":[{"href":"https:\/\/gltestm.webology.pl\/de\/wp-json\/wp\/v2\/types\/product"}],"replies":[{"embeddable":true,"href":"https:\/\/gltestm.webology.pl\/de\/wp-json\/wp\/v2\/comments?post=16792"}],"version-history":[{"count":0,"href":"https:\/\/gltestm.webology.pl\/de\/wp-json\/wp\/v2\/product\/16792\/revisions"}],"wp:featuredmedia":[{"embeddable":true,"href":"https:\/\/gltestm.webology.pl\/de\/wp-json\/wp\/v2\/media\/14520"}],"wp:attachment":[{"href":"https:\/\/gltestm.webology.pl\/de\/wp-json\/wp\/v2\/media?parent=16792"}],"wp:term":[{"taxonomy":"product_brand","embeddable":true,"href":"https:\/\/gltestm.webology.pl\/de\/wp-json\/wp\/v2\/product_brand?post=16792"},{"taxonomy":"product_cat","embeddable":true,"href":"https:\/\/gltestm.webology.pl\/de\/wp-json\/wp\/v2\/product_cat?post=16792"},{"taxonomy":"product_tag","embeddable":true,"href":"https:\/\/gltestm.webology.pl\/de\/wp-json\/wp\/v2\/product_tag?post=16792"}],"curies":[{"name":"wp","href":"https:\/\/api.w.org\/{rel}","templated":true}]}}