{"id":16784,"date":"2026-03-18T22:03:55","date_gmt":"2026-03-18T21:03:55","guid":{"rendered":"https:\/\/gltestm.webology.pl\/produkt\/gerade-aluminiumdraehte-55-mm\/"},"modified":"2026-03-22T21:49:01","modified_gmt":"2026-03-22T20:49:01","slug":"gerade-aluminiumdraehte-55-mm","status":"publish","type":"product","link":"https:\/\/gltestm.webology.pl\/de\/produkt\/gerade-aluminiumdraehte-55-mm\/","title":{"rendered":"Gerade Aluminiumdr\u00e4hte 5,5 mm"},"content":{"rendered":"<p>Die Dr\u00e4hte sind f\u00fcr die Herstellung von Pullovern, M\u00fctzen, Schals und Handschuhen bestimmt. Sie sind von hoher Qualit\u00e4t, stark, ausreichend flexibel und leicht. Geeignet f\u00fcr Anf\u00e4nger und fortgeschrittene Bastlerinnen. Ein Paar Dr\u00e4hte ist im Paket enthalten<\/p>\n","protected":false},"excerpt":{"rendered":"<p>Gerade Dr\u00e4hte stricken 5 mm<\/p>\n","protected":false},"featured_media":15651,"comment_status":"open","ping_status":"closed","template":"","meta":[],"product_brand":[],"product_cat":[385],"product_tag":[],"class_list":{"0":"post-16784","1":"product","2":"type-product","3":"status-publish","4":"has-post-thumbnail","6":"product_cat-druty-do-szydelkowania","8":"first","9":"instock","10":"taxable","11":"shipping-taxable","12":"purchasable","13":"product-type-simple"},"_links":{"self":[{"href":"https:\/\/gltestm.webology.pl\/de\/wp-json\/wp\/v2\/product\/16784","targetHints":{"allow":["GET"]}}],"collection":[{"href":"https:\/\/gltestm.webology.pl\/de\/wp-json\/wp\/v2\/product"}],"about":[{"href":"https:\/\/gltestm.webology.pl\/de\/wp-json\/wp\/v2\/types\/product"}],"replies":[{"embeddable":true,"href":"https:\/\/gltestm.webology.pl\/de\/wp-json\/wp\/v2\/comments?post=16784"}],"version-history":[{"count":0,"href":"https:\/\/gltestm.webology.pl\/de\/wp-json\/wp\/v2\/product\/16784\/revisions"}],"wp:featuredmedia":[{"embeddable":true,"href":"https:\/\/gltestm.webology.pl\/de\/wp-json\/wp\/v2\/media\/15651"}],"wp:attachment":[{"href":"https:\/\/gltestm.webology.pl\/de\/wp-json\/wp\/v2\/media?parent=16784"}],"wp:term":[{"taxonomy":"product_brand","embeddable":true,"href":"https:\/\/gltestm.webology.pl\/de\/wp-json\/wp\/v2\/product_brand?post=16784"},{"taxonomy":"product_cat","embeddable":true,"href":"https:\/\/gltestm.webology.pl\/de\/wp-json\/wp\/v2\/product_cat?post=16784"},{"taxonomy":"product_tag","embeddable":true,"href":"https:\/\/gltestm.webology.pl\/de\/wp-json\/wp\/v2\/product_tag?post=16784"}],"curies":[{"name":"wp","href":"https:\/\/api.w.org\/{rel}","templated":true}]}}