{"id":16764,"date":"2026-03-18T22:03:53","date_gmt":"2026-03-18T21:03:53","guid":{"rendered":"https:\/\/gltestm.webology.pl\/produkt\/gerade-aluminiumdraehte-25-mm\/"},"modified":"2026-03-22T21:48:58","modified_gmt":"2026-03-22T20:48:58","slug":"gerade-aluminiumdraehte-25-mm","status":"publish","type":"product","link":"https:\/\/gltestm.webology.pl\/de\/produkt\/gerade-aluminiumdraehte-25-mm\/","title":{"rendered":"Gerade Aluminiumdr\u00e4hte 2,5 mm"},"content":{"rendered":"<p>Ideal f\u00fcr die Herstellung von Sommerpullovern oder Kinderkleidung aus d\u00fcnnerem Garn. Sie werden ihre St\u00e4rke, ausreichende Elastizit\u00e4t und ihr geringes Gewicht zu sch\u00e4tzen wissen. Geeignet f\u00fcr Anf\u00e4nger und fortgeschrittene Bastler. Ein Paar Dr\u00e4hte ist in der Packung enthalten.<\/p>\n","protected":false},"excerpt":{"rendered":"<p>Stricken von geraden Dr\u00e4hten 2,5 mm<\/p>\n","protected":false},"featured_media":14763,"comment_status":"open","ping_status":"closed","template":"","meta":[],"product_brand":[],"product_cat":[385],"product_tag":[],"class_list":{"0":"post-16764","1":"product","2":"type-product","3":"status-publish","4":"has-post-thumbnail","6":"product_cat-druty-do-szydelkowania","8":"first","9":"instock","10":"taxable","11":"shipping-taxable","12":"purchasable","13":"product-type-simple"},"_links":{"self":[{"href":"https:\/\/gltestm.webology.pl\/de\/wp-json\/wp\/v2\/product\/16764","targetHints":{"allow":["GET"]}}],"collection":[{"href":"https:\/\/gltestm.webology.pl\/de\/wp-json\/wp\/v2\/product"}],"about":[{"href":"https:\/\/gltestm.webology.pl\/de\/wp-json\/wp\/v2\/types\/product"}],"replies":[{"embeddable":true,"href":"https:\/\/gltestm.webology.pl\/de\/wp-json\/wp\/v2\/comments?post=16764"}],"version-history":[{"count":0,"href":"https:\/\/gltestm.webology.pl\/de\/wp-json\/wp\/v2\/product\/16764\/revisions"}],"wp:featuredmedia":[{"embeddable":true,"href":"https:\/\/gltestm.webology.pl\/de\/wp-json\/wp\/v2\/media\/14763"}],"wp:attachment":[{"href":"https:\/\/gltestm.webology.pl\/de\/wp-json\/wp\/v2\/media?parent=16764"}],"wp:term":[{"taxonomy":"product_brand","embeddable":true,"href":"https:\/\/gltestm.webology.pl\/de\/wp-json\/wp\/v2\/product_brand?post=16764"},{"taxonomy":"product_cat","embeddable":true,"href":"https:\/\/gltestm.webology.pl\/de\/wp-json\/wp\/v2\/product_cat?post=16764"},{"taxonomy":"product_tag","embeddable":true,"href":"https:\/\/gltestm.webology.pl\/de\/wp-json\/wp\/v2\/product_tag?post=16764"}],"curies":[{"name":"wp","href":"https:\/\/api.w.org\/{rel}","templated":true}]}}