{"id":16740,"date":"2026-03-18T22:03:52","date_gmt":"2026-03-18T21:03:52","guid":{"rendered":"https:\/\/gltestm.webology.pl\/produkt\/tisch-fuer-lucznik-karolina-2040-naehmaschine\/"},"modified":"2026-03-22T21:10:17","modified_gmt":"2026-03-22T20:10:17","slug":"tisch-fuer-lucznik-karolina-2040-naehmaschine","status":"publish","type":"product","link":"https:\/\/gltestm.webology.pl\/de\/produkt\/tisch-fuer-lucznik-karolina-2040-naehmaschine\/","title":{"rendered":"Tisch f\u00fcr \u0141ucznik Karolina 2040 N\u00e4hmaschine"},"content":{"rendered":"<p><strong>Atable zur Erweiterung des Arbeitsfeldes<\/strong> f\u00fcr die Maschine <strong>Karolina 2040<\/strong>. Ideal zur Erleichterung des Quiltens oder des N\u00e4hens von Materialien mit einer gro\u00dfen Oberfl\u00e4che, wie Gardinen, Tischdecken, Vorh\u00e4nge oder Bettw\u00e4sche. Zu diesem Zweck verbessert er den Arbeitskomfort enorm.<\/p>\n<p><strong>Der Tisch, der das Arbeitsfeld<\/strong> vergr\u00f6\u00dfert, ist auch eine geeignete Stabilisierung beim N\u00e4hen von Stoffen.<\/p>\n<p><strong>Der Tisch <\/strong>ist aus Kunststoff hergestellt, was ideal f\u00fcr die Manipulation und das Bewegen von verschiedenen Materialarten ist.<\/p>\n<p>In unserem Angebot finden Sie auch <strong>N\u00e4hmaschinentische <\/strong>f\u00fcr die N\u00e4hmaschinen <strong>Martyna 2080<\/strong>, <strong>Patrycja 2090, Malwina 2070 <\/strong>und <strong>Balladyna 2020<\/strong>.<\/p>\n","protected":false},"excerpt":{"rendered":"<p>Tisch zur Erweiterung der Arbeitsfl\u00e4che f\u00fcr die Maschine Karolina 2040. Ideal zur Erleichterung des Quiltens oder N\u00e4hen von Materialien mit einer gro\u00dfen Fl\u00e4che, wie Vorh\u00e4nge, Tischdecken, Gardinen oder Bettw\u00e4sche &#8211; extrem verbessert den Komfort der Arbeit<\/p>\n","protected":false},"featured_media":15499,"comment_status":"open","ping_status":"closed","template":"","meta":[],"product_brand":[],"product_cat":[545],"product_tag":[],"class_list":{"0":"post-16740","1":"product","2":"type-product","3":"status-publish","4":"has-post-thumbnail","6":"product_cat-stoliki-do-maszyn","8":"first","9":"instock","10":"sale","11":"taxable","12":"shipping-taxable","13":"purchasable","14":"product-type-simple"},"_links":{"self":[{"href":"https:\/\/gltestm.webology.pl\/de\/wp-json\/wp\/v2\/product\/16740","targetHints":{"allow":["GET"]}}],"collection":[{"href":"https:\/\/gltestm.webology.pl\/de\/wp-json\/wp\/v2\/product"}],"about":[{"href":"https:\/\/gltestm.webology.pl\/de\/wp-json\/wp\/v2\/types\/product"}],"replies":[{"embeddable":true,"href":"https:\/\/gltestm.webology.pl\/de\/wp-json\/wp\/v2\/comments?post=16740"}],"version-history":[{"count":0,"href":"https:\/\/gltestm.webology.pl\/de\/wp-json\/wp\/v2\/product\/16740\/revisions"}],"wp:featuredmedia":[{"embeddable":true,"href":"https:\/\/gltestm.webology.pl\/de\/wp-json\/wp\/v2\/media\/15499"}],"wp:attachment":[{"href":"https:\/\/gltestm.webology.pl\/de\/wp-json\/wp\/v2\/media?parent=16740"}],"wp:term":[{"taxonomy":"product_brand","embeddable":true,"href":"https:\/\/gltestm.webology.pl\/de\/wp-json\/wp\/v2\/product_brand?post=16740"},{"taxonomy":"product_cat","embeddable":true,"href":"https:\/\/gltestm.webology.pl\/de\/wp-json\/wp\/v2\/product_cat?post=16740"},{"taxonomy":"product_tag","embeddable":true,"href":"https:\/\/gltestm.webology.pl\/de\/wp-json\/wp\/v2\/product_tag?post=16740"}],"curies":[{"name":"wp","href":"https:\/\/api.w.org\/{rel}","templated":true}]}}