{"id":16736,"date":"2026-03-18T22:03:52","date_gmt":"2026-03-18T21:03:52","guid":{"rendered":"https:\/\/gltestm.webology.pl\/produkt\/sd-809-reise-haartrockner\/"},"modified":"2026-03-22T21:48:54","modified_gmt":"2026-03-22T20:48:54","slug":"sd-809-reise-haartrockner","status":"publish","type":"product","link":"https:\/\/gltestm.webology.pl\/de\/produkt\/sd-809-reise-haartrockner\/","title":{"rendered":"SD-809 Reise-Haartrockner"},"content":{"rendered":"<h2><strong>SD-809 Reise-Haartrockner<\/strong><\/h2>\n<p><strong>Der handliche Reisehaartrockner SD-809<\/strong> ist klein und<strong> hat einen klappbaren Griff<\/strong>, so dass er in Ihrem Badezimmer wenig Platz einnimmt und Sie den Raum aufger\u00e4umt halten k\u00f6nnen, vor allem wenn er nicht besonders gro\u00df ist. Auch auf Reisen ist er ein unverzichtbarer Begleiter, da er aufgrund seiner Abmessungen und des bereits erw\u00e4hnten klappbaren <strong>Griffs<\/strong> nur wenig Platz in Ihrem Koffer einnimmt.<\/p>\n<h2>Wichtigste Merkmale:<\/h2>\n<ul>\n<li><span>leistung: <strong>1200 W<\/strong><\/span><\/li>\n<li><span><strong>geringe<\/strong> Gr\u00f6\u00dfe<\/span><\/li>\n<li><span><strong>einklappbarer <\/strong>Griff<\/span><\/li>\n<li><strong>konzentrator<\/strong><\/li>\n<\/ul>\n<h2><strong>Leicht und kompakt<\/strong><\/h2>\n<p><strong>Der<\/strong><strong>kompakte Haartrockner<\/strong> <strong>SD-809 <\/strong> verf\u00fcgt \u00fcber eine konzentrierte Luftd\u00fcse, mit der Sie den Luftstrom genau ausrichten k\u00f6nnen. So k\u00f6nnen Sie Ihr Haar gr\u00fcndlicher (und damit schneller) trocknen oder stylen. <\/p>\n<h2>Zwei Gebl\u00e4sestufen<\/h2>\n<p>Der <strong>Haartrockner <\/strong> verf\u00fcgt \u00fcber <strong>zwei<\/strong> Gebl\u00e4segeschwindigkeiten <strong>. <\/strong> Die erste Geschwindigkeit mit halber Leistung erzeugt eine mittlere Hitze, die f\u00fcr das sanfte Formen und Trocknen der Haare geeignet ist. Die zweite Geschwindigkeit (volle Leistung) erm\u00f6glicht es Ihnen, Ihr Haar mit hoher Hitze schnell zu trocknen.<\/p>\n<h2>24-monatige Garantie<\/h2>\n<p><strong>Der Reisehaartrockner SD-809 <\/strong>wird mit <strong>einer 24-monatigen Garantie<\/strong> und einer Bedienungsanleitung in polnischer Sprache geliefert, die vor der Benutzung des Ger\u00e4ts gelesen werden sollte.<\/p>\n","protected":false},"excerpt":{"rendered":"<p>SD-809 Haartrockner mit klappbarem Griff, ideal f\u00fcr Reisen oder ein kleines Badezimmer.<\/p>\n","protected":false},"featured_media":15643,"comment_status":"open","ping_status":"closed","template":"","meta":[],"product_brand":[],"product_cat":[680],"product_tag":[],"class_list":{"0":"post-16736","1":"product","2":"type-product","3":"status-publish","4":"has-post-thumbnail","6":"product_cat-suszarki-do-wlosow","8":"first","9":"instock","10":"taxable","11":"shipping-taxable","12":"purchasable","13":"product-type-simple"},"_links":{"self":[{"href":"https:\/\/gltestm.webology.pl\/de\/wp-json\/wp\/v2\/product\/16736","targetHints":{"allow":["GET"]}}],"collection":[{"href":"https:\/\/gltestm.webology.pl\/de\/wp-json\/wp\/v2\/product"}],"about":[{"href":"https:\/\/gltestm.webology.pl\/de\/wp-json\/wp\/v2\/types\/product"}],"replies":[{"embeddable":true,"href":"https:\/\/gltestm.webology.pl\/de\/wp-json\/wp\/v2\/comments?post=16736"}],"version-history":[{"count":0,"href":"https:\/\/gltestm.webology.pl\/de\/wp-json\/wp\/v2\/product\/16736\/revisions"}],"wp:featuredmedia":[{"embeddable":true,"href":"https:\/\/gltestm.webology.pl\/de\/wp-json\/wp\/v2\/media\/15643"}],"wp:attachment":[{"href":"https:\/\/gltestm.webology.pl\/de\/wp-json\/wp\/v2\/media?parent=16736"}],"wp:term":[{"taxonomy":"product_brand","embeddable":true,"href":"https:\/\/gltestm.webology.pl\/de\/wp-json\/wp\/v2\/product_brand?post=16736"},{"taxonomy":"product_cat","embeddable":true,"href":"https:\/\/gltestm.webology.pl\/de\/wp-json\/wp\/v2\/product_cat?post=16736"},{"taxonomy":"product_tag","embeddable":true,"href":"https:\/\/gltestm.webology.pl\/de\/wp-json\/wp\/v2\/product_tag?post=16736"}],"curies":[{"name":"wp","href":"https:\/\/api.w.org\/{rel}","templated":true}]}}