{"id":16728,"date":"2026-03-18T22:03:51","date_gmt":"2026-03-18T21:03:51","guid":{"rendered":"https:\/\/gltestm.webology.pl\/produkt\/ersatz-waescheraufsatz-ah-95-outlet\/"},"modified":"2026-03-22T21:48:53","modified_gmt":"2026-03-22T20:48:53","slug":"ersatz-waescheraufsatz-ah-95-outlet","status":"publish","type":"product","link":"https:\/\/gltestm.webology.pl\/de\/produkt\/ersatz-waescheraufsatz-ah-95-outlet\/","title":{"rendered":"Ersatz-W\u00e4scheraufsatz AH-95 Outlet"},"content":{"rendered":"<p>Die Schrubbspitze AH95 hat feine wei\u00dfe und schwarze Borsten, die f\u00fcr das Schrubben des Gesichts bestimmt sind.<\/p>\n<p>Sie ist mit einer Kunststoffabdeckung versehen, um sie vor Besch\u00e4digungen zu sch\u00fctzen.<\/p>\n<p>Sie passt auf das B\u00fcrstenmodell AH8495.<\/p>\n","protected":false},"excerpt":{"rendered":"<p>Ersatz-Schrubbspitze AH95 f\u00fcr die Gesichtsreinigungsb\u00fcrste AH8495<\/p>\n","protected":false},"featured_media":15405,"comment_status":"open","ping_status":"closed","template":"","meta":[],"product_brand":[],"product_cat":[900],"product_tag":[],"class_list":{"0":"post-16728","1":"product","2":"type-product","3":"status-publish","4":"has-post-thumbnail","6":"product_cat-pielegnacja-twarzy","8":"first","9":"outofstock","10":"taxable","11":"shipping-taxable","12":"purchasable","13":"product-type-simple"},"_links":{"self":[{"href":"https:\/\/gltestm.webology.pl\/de\/wp-json\/wp\/v2\/product\/16728","targetHints":{"allow":["GET"]}}],"collection":[{"href":"https:\/\/gltestm.webology.pl\/de\/wp-json\/wp\/v2\/product"}],"about":[{"href":"https:\/\/gltestm.webology.pl\/de\/wp-json\/wp\/v2\/types\/product"}],"replies":[{"embeddable":true,"href":"https:\/\/gltestm.webology.pl\/de\/wp-json\/wp\/v2\/comments?post=16728"}],"version-history":[{"count":0,"href":"https:\/\/gltestm.webology.pl\/de\/wp-json\/wp\/v2\/product\/16728\/revisions"}],"wp:featuredmedia":[{"embeddable":true,"href":"https:\/\/gltestm.webology.pl\/de\/wp-json\/wp\/v2\/media\/15405"}],"wp:attachment":[{"href":"https:\/\/gltestm.webology.pl\/de\/wp-json\/wp\/v2\/media?parent=16728"}],"wp:term":[{"taxonomy":"product_brand","embeddable":true,"href":"https:\/\/gltestm.webology.pl\/de\/wp-json\/wp\/v2\/product_brand?post=16728"},{"taxonomy":"product_cat","embeddable":true,"href":"https:\/\/gltestm.webology.pl\/de\/wp-json\/wp\/v2\/product_cat?post=16728"},{"taxonomy":"product_tag","embeddable":true,"href":"https:\/\/gltestm.webology.pl\/de\/wp-json\/wp\/v2\/product_tag?post=16728"}],"curies":[{"name":"wp","href":"https:\/\/api.w.org\/{rel}","templated":true}]}}