{"id":16724,"date":"2026-03-18T22:03:51","date_gmt":"2026-03-18T21:03:51","guid":{"rendered":"https:\/\/gltestm.webology.pl\/produkt\/reinigungs-und-abschminkspitze-fuer-ah-94-zahnbuerste-outlet\/"},"modified":"2026-03-22T21:48:52","modified_gmt":"2026-03-22T20:48:52","slug":"reinigungs-und-abschminkspitze-fuer-ah-94-zahnbuerste-outlet","status":"publish","type":"product","link":"https:\/\/gltestm.webology.pl\/de\/produkt\/reinigungs-und-abschminkspitze-fuer-ah-94-zahnbuerste-outlet\/","title":{"rendered":"Reinigungs- und Abschminkspitze f\u00fcr AH-94 Zahnb\u00fcrste Outlet"},"content":{"rendered":"<p>Die Spitze des Make-up-Entferners hat sehr feine wei\u00dfe Borsten, die zum Abwaschen und Entfernen von Gesichtsmake-up gedacht sind.<\/p>\n<p>Sie ist mit einer Kunststoffabdeckung versehen, um sie vor Besch\u00e4digungen zu sch\u00fctzen.<\/p>\n<p>Er passt zum Zahnb\u00fcrstenmodell AH 8495.<\/p>\n","protected":false},"excerpt":{"rendered":"<p>Ersatz-Make-up-Entferner und Reinigungsspitze AH94 f\u00fcr Gesichtsreinigungsb\u00fcrste AH8495<\/p>\n","protected":false},"featured_media":13252,"comment_status":"open","ping_status":"closed","template":"","meta":[],"product_brand":[],"product_cat":[900],"product_tag":[],"class_list":{"0":"post-16724","1":"product","2":"type-product","3":"status-publish","4":"has-post-thumbnail","6":"product_cat-pielegnacja-twarzy","8":"first","9":"outofstock","10":"taxable","11":"shipping-taxable","12":"purchasable","13":"product-type-simple"},"_links":{"self":[{"href":"https:\/\/gltestm.webology.pl\/de\/wp-json\/wp\/v2\/product\/16724","targetHints":{"allow":["GET"]}}],"collection":[{"href":"https:\/\/gltestm.webology.pl\/de\/wp-json\/wp\/v2\/product"}],"about":[{"href":"https:\/\/gltestm.webology.pl\/de\/wp-json\/wp\/v2\/types\/product"}],"replies":[{"embeddable":true,"href":"https:\/\/gltestm.webology.pl\/de\/wp-json\/wp\/v2\/comments?post=16724"}],"version-history":[{"count":0,"href":"https:\/\/gltestm.webology.pl\/de\/wp-json\/wp\/v2\/product\/16724\/revisions"}],"wp:featuredmedia":[{"embeddable":true,"href":"https:\/\/gltestm.webology.pl\/de\/wp-json\/wp\/v2\/media\/13252"}],"wp:attachment":[{"href":"https:\/\/gltestm.webology.pl\/de\/wp-json\/wp\/v2\/media?parent=16724"}],"wp:term":[{"taxonomy":"product_brand","embeddable":true,"href":"https:\/\/gltestm.webology.pl\/de\/wp-json\/wp\/v2\/product_brand?post=16724"},{"taxonomy":"product_cat","embeddable":true,"href":"https:\/\/gltestm.webology.pl\/de\/wp-json\/wp\/v2\/product_cat?post=16724"},{"taxonomy":"product_tag","embeddable":true,"href":"https:\/\/gltestm.webology.pl\/de\/wp-json\/wp\/v2\/product_tag?post=16724"}],"curies":[{"name":"wp","href":"https:\/\/api.w.org\/{rel}","templated":true}]}}