{"id":16708,"date":"2026-03-18T22:03:50","date_gmt":"2026-03-18T21:03:50","guid":{"rendered":"https:\/\/gltestm.webology.pl\/produkt\/anti-fussel-waeschebaelle\/"},"modified":"2026-03-22T21:48:20","modified_gmt":"2026-03-22T20:48:20","slug":"anti-fussel-waeschebaelle","status":"publish","type":"product","link":"https:\/\/gltestm.webology.pl\/de\/produkt\/anti-fussel-waeschebaelle\/","title":{"rendered":"Anti-Fussel-W\u00e4scheb\u00e4lle"},"content":{"rendered":"<p>Ideal f\u00fcr <strong>Liebhaber von Hunden, Katzen, Frettchen und anderen Haustieren<\/strong>, sowie f\u00fcr alle langhaarigen Liebhaber von schwerem Ton. Einf\u00fchrung von Reinigungskugeln f\u00fcr Kleidung und Bettw\u00e4sche, umgangssprachlich bekannt als <strong>Anti-Fussel <\/strong>(oder Anti-Pelz).<\/p>\n<h2>Wichtigste Merkmale<\/h2>\n<ul>\n<li><strong>bis zu 9 St\u00fcck<\/strong> im Set<\/li>\n<li><strong>35 mm<\/strong> Durchmesser<\/li>\n<li>entfernen <strong>Haare<\/strong>, <strong>Flusen<\/strong> und <strong>Behaarung<\/strong> von gewaschenen Gegenst\u00e4nden<\/li>\n<li><strong>mehrfache<\/strong> Verwendung<\/li>\n<li><strong>unterst\u00fctzen<\/strong> den Waschvorgang<\/li>\n<li><strong>sch\u00fctzen<\/strong> die <strong>Filter<\/strong> der Waschmaschine <\/li>\n<\/ul>\n<h2>Wie werden die W\u00e4scheb\u00e4lle verwendet?<\/h2>\n<p>Die Kugeln sind <strong>f\u00fcr mehrere Waschg\u00e4nge<\/strong>geeignet, sie sollten zusammen mit der W\u00e4sche in die Waschmaschine geworfen werden, und ihre Anzahl sollte an die Anzahl der gewaschenen Teile angepasst werden &#8211; damit sie sich w\u00e4hrend des Waschens frei bewegen k\u00f6nnen.<\/p>\n<p>Die Kugeln sammeln w\u00e4hrend des Waschvorgangs<strong>Haare, Flusen und<\/strong> von den gewaschenen Gegenst\u00e4nden auf . Sie vermindern auch die Gefahr von verstopften Filtern in der Waschmaschine. Nach dem Waschen sollten die Kugeln von Verunreinigungen befreit werden, damit sie wieder verwendet werden k\u00f6nnen.<\/p>\n<h2>Unterst\u00fctzen den Waschvorgang<\/h2>\n<p><strong>Sie unterst\u00fctzen den Waschvorgang<\/strong> und sollten zusammen mit normalem Waschmittel verwendet werden. Besonders gut funktionieren sie in Kombination mit dem <strong>Lucznik-W\u00e4scheball<\/strong>.<\/p>\n<h2>Achtung<\/h2>\n<p>Die Haarsammelb\u00e4lle sollten nicht f\u00fcr Kleidung aus <strong>empfindlichen<\/strong> und leicht <strong>dehnbaren<\/strong> Stoffen verwendet werden. Verwenden Sie sie bei einer Temperatur von nicht mehr als<strong> 60 Grad C<\/strong>.<\/p>\n","protected":false},"excerpt":{"rendered":"<p>Waschkugeln &#8211; so genannte Antifussel &#8211; k\u00f6nnen in Waschmaschinen, Trocknern und bei der Handw\u00e4sche verwendet werden. Ideal f\u00fcr Liebhaber von Hunden, Katzen, Frettchen und anderen Haustieren, sowie f\u00fcr alle langhaarigen, strapazierf\u00e4higen Liebhaber.<\/p>\n","protected":false},"featured_media":14740,"comment_status":"open","ping_status":"closed","template":"","meta":[],"product_brand":[],"product_cat":[650],"product_tag":[],"class_list":{"0":"post-16708","1":"product","2":"type-product","3":"status-publish","4":"has-post-thumbnail","6":"product_cat-pozostale","8":"first","9":"instock","10":"taxable","11":"shipping-taxable","12":"purchasable","13":"product-type-simple"},"_links":{"self":[{"href":"https:\/\/gltestm.webology.pl\/de\/wp-json\/wp\/v2\/product\/16708","targetHints":{"allow":["GET"]}}],"collection":[{"href":"https:\/\/gltestm.webology.pl\/de\/wp-json\/wp\/v2\/product"}],"about":[{"href":"https:\/\/gltestm.webology.pl\/de\/wp-json\/wp\/v2\/types\/product"}],"replies":[{"embeddable":true,"href":"https:\/\/gltestm.webology.pl\/de\/wp-json\/wp\/v2\/comments?post=16708"}],"version-history":[{"count":0,"href":"https:\/\/gltestm.webology.pl\/de\/wp-json\/wp\/v2\/product\/16708\/revisions"}],"wp:featuredmedia":[{"embeddable":true,"href":"https:\/\/gltestm.webology.pl\/de\/wp-json\/wp\/v2\/media\/14740"}],"wp:attachment":[{"href":"https:\/\/gltestm.webology.pl\/de\/wp-json\/wp\/v2\/media?parent=16708"}],"wp:term":[{"taxonomy":"product_brand","embeddable":true,"href":"https:\/\/gltestm.webology.pl\/de\/wp-json\/wp\/v2\/product_brand?post=16708"},{"taxonomy":"product_cat","embeddable":true,"href":"https:\/\/gltestm.webology.pl\/de\/wp-json\/wp\/v2\/product_cat?post=16708"},{"taxonomy":"product_tag","embeddable":true,"href":"https:\/\/gltestm.webology.pl\/de\/wp-json\/wp\/v2\/product_tag?post=16708"}],"curies":[{"name":"wp","href":"https:\/\/api.w.org\/{rel}","templated":true}]}}