{"id":16612,"date":"2026-03-18T22:03:47","date_gmt":"2026-03-18T21:03:47","guid":{"rendered":"https:\/\/gltestm.webology.pl\/produkt\/carnet-nadeln-kofferraum\/"},"modified":"2026-03-22T21:48:11","modified_gmt":"2026-03-22T20:48:11","slug":"carnet-nadeln-kofferraum","status":"publish","type":"product","link":"https:\/\/gltestm.webology.pl\/de\/produkt\/carnet-nadeln-kofferraum\/","title":{"rendered":"Carnet-Nadeln &#8211; Kofferraum"},"content":{"rendered":"<div>\n<div>\n<div>\n<div>\n<div>\n<div>\n<div>\n<div>\n<div>\n<p>Der Pass enth\u00e4lt 9 Nadeln der Gr\u00f6\u00dfe 42-50 mm und 12 Nadeln der Gr\u00f6\u00dfe 30-40 mm + 1 Einf\u00e4dler. Der Pass ist praktisch in der Anwendung, es ist kein Nadelkissen erforderlich, da die Nadel nach Gebrauch in den Pass gesteckt werden kann.  <\/p>\n<\/div>\n<\/div>\n<\/div>\n<\/div>\n<\/div>\n<\/div>\n<\/div>\n<\/div>\n<\/div>\n","protected":false},"excerpt":{"rendered":"<p>KARNET Nadeln Stamm, innen gibt es 21 St\u00fcck Nadeln und ein Einf\u00e4dler.<\/p>\n","protected":false},"featured_media":15691,"comment_status":"open","ping_status":"closed","template":"","meta":[],"product_brand":[],"product_cat":[360],"product_tag":[],"class_list":{"0":"post-16612","1":"product","2":"type-product","3":"status-publish","4":"has-post-thumbnail","6":"product_cat-igly","8":"first","9":"instock","10":"taxable","11":"shipping-taxable","12":"purchasable","13":"product-type-simple"},"_links":{"self":[{"href":"https:\/\/gltestm.webology.pl\/de\/wp-json\/wp\/v2\/product\/16612","targetHints":{"allow":["GET"]}}],"collection":[{"href":"https:\/\/gltestm.webology.pl\/de\/wp-json\/wp\/v2\/product"}],"about":[{"href":"https:\/\/gltestm.webology.pl\/de\/wp-json\/wp\/v2\/types\/product"}],"replies":[{"embeddable":true,"href":"https:\/\/gltestm.webology.pl\/de\/wp-json\/wp\/v2\/comments?post=16612"}],"version-history":[{"count":0,"href":"https:\/\/gltestm.webology.pl\/de\/wp-json\/wp\/v2\/product\/16612\/revisions"}],"wp:featuredmedia":[{"embeddable":true,"href":"https:\/\/gltestm.webology.pl\/de\/wp-json\/wp\/v2\/media\/15691"}],"wp:attachment":[{"href":"https:\/\/gltestm.webology.pl\/de\/wp-json\/wp\/v2\/media?parent=16612"}],"wp:term":[{"taxonomy":"product_brand","embeddable":true,"href":"https:\/\/gltestm.webology.pl\/de\/wp-json\/wp\/v2\/product_brand?post=16612"},{"taxonomy":"product_cat","embeddable":true,"href":"https:\/\/gltestm.webology.pl\/de\/wp-json\/wp\/v2\/product_cat?post=16612"},{"taxonomy":"product_tag","embeddable":true,"href":"https:\/\/gltestm.webology.pl\/de\/wp-json\/wp\/v2\/product_tag?post=16612"}],"curies":[{"name":"wp","href":"https:\/\/api.w.org\/{rel}","templated":true}]}}