{"id":16600,"date":"2026-03-18T22:03:46","date_gmt":"2026-03-18T21:03:46","guid":{"rendered":"https:\/\/gltestm.webology.pl\/produkt\/leicht-einzufaedelnde-nadeln-12-stueck\/"},"modified":"2026-03-22T21:48:09","modified_gmt":"2026-03-22T20:48:09","slug":"leicht-einzufaedelnde-nadeln-12-stueck","status":"publish","type":"product","link":"https:\/\/gltestm.webology.pl\/de\/produkt\/leicht-einzufaedelnde-nadeln-12-stueck\/","title":{"rendered":"Leicht einzuf\u00e4delnde Nadeln 12 St\u00fcck."},"content":{"rendered":"<p>Ein Satz mit zw\u00f6lf Nadeln zum einfachen Einf\u00e4deln. Beim Einf\u00e4deln der Nadel wird der Faden <strong>einfach<\/strong> durch die \u00d6se gezogen. Eine gro\u00dfe <strong>Erleichterung<\/strong> f\u00fcr Menschen mit Sehschw\u00e4che.<\/p>\n<p>Nadell\u00e4ngen: 38, 40, 45 mm<\/p>\n","protected":false},"excerpt":{"rendered":"<p>Ein Satz mit 12 Nadeln zum einfachen Einf\u00e4deln f\u00fcr Sehbehinderte<\/p>\n","protected":false},"featured_media":15743,"comment_status":"open","ping_status":"closed","template":"","meta":[],"product_brand":[],"product_cat":[360],"product_tag":[],"class_list":{"0":"post-16600","1":"product","2":"type-product","3":"status-publish","4":"has-post-thumbnail","6":"product_cat-igly","8":"first","9":"instock","10":"taxable","11":"shipping-taxable","12":"purchasable","13":"product-type-simple"},"_links":{"self":[{"href":"https:\/\/gltestm.webology.pl\/de\/wp-json\/wp\/v2\/product\/16600","targetHints":{"allow":["GET"]}}],"collection":[{"href":"https:\/\/gltestm.webology.pl\/de\/wp-json\/wp\/v2\/product"}],"about":[{"href":"https:\/\/gltestm.webology.pl\/de\/wp-json\/wp\/v2\/types\/product"}],"replies":[{"embeddable":true,"href":"https:\/\/gltestm.webology.pl\/de\/wp-json\/wp\/v2\/comments?post=16600"}],"version-history":[{"count":0,"href":"https:\/\/gltestm.webology.pl\/de\/wp-json\/wp\/v2\/product\/16600\/revisions"}],"wp:featuredmedia":[{"embeddable":true,"href":"https:\/\/gltestm.webology.pl\/de\/wp-json\/wp\/v2\/media\/15743"}],"wp:attachment":[{"href":"https:\/\/gltestm.webology.pl\/de\/wp-json\/wp\/v2\/media?parent=16600"}],"wp:term":[{"taxonomy":"product_brand","embeddable":true,"href":"https:\/\/gltestm.webology.pl\/de\/wp-json\/wp\/v2\/product_brand?post=16600"},{"taxonomy":"product_cat","embeddable":true,"href":"https:\/\/gltestm.webology.pl\/de\/wp-json\/wp\/v2\/product_cat?post=16600"},{"taxonomy":"product_tag","embeddable":true,"href":"https:\/\/gltestm.webology.pl\/de\/wp-json\/wp\/v2\/product_tag?post=16600"}],"curies":[{"name":"wp","href":"https:\/\/api.w.org\/{rel}","templated":true}]}}