{"id":16588,"date":"2026-03-18T22:03:46","date_gmt":"2026-03-18T21:03:46","guid":{"rendered":"https:\/\/gltestm.webology.pl\/produkt\/sticknadeln-ohne-spitze-galant\/"},"modified":"2026-03-22T21:48:07","modified_gmt":"2026-03-22T20:48:07","slug":"sticknadeln-ohne-spitze-galant","status":"publish","type":"product","link":"https:\/\/gltestm.webology.pl\/de\/produkt\/sticknadeln-ohne-spitze-galant\/","title":{"rendered":"Sticknadeln ohne Spitze GALANT"},"content":{"rendered":"<p><span><span>Die Nadeln sind in einer Blisterpackung verpackt, die 6 Nadeln der Gr\u00f6\u00dfen 18 &#8211; 22 enth\u00e4lt.<\/span><\/span><\/p>\n<p><span><span>Gr\u00f6\u00dfe.18: Nadeldurchmesser: 1,2 mm, L\u00e4nge: 50 mm<\/span><\/span><\/p>\n<p><span><span>Rozm.20: Nadeldurchmesser: 1 mm, L\u00e4nge: 43 mm<\/span><\/span><\/p>\n<p><span><span>Gr\u00f6\u00dfe.22: Nadeldurchmesser: 0,9 mm, L\u00e4nge: 40 mm<\/span><\/span><\/p>\n","protected":false},"excerpt":{"rendered":"<p>Die Nadeln sind in einer Blisterpackung verpackt, die 6 Nadeln der Gr\u00f6\u00dfen 18 &#8211; 22 enth\u00e4lt. Gr\u00f6\u00dfe.18: Nadeldurchmesser: 1,2 mm,<\/p>\n","protected":false},"featured_media":14914,"comment_status":"open","ping_status":"closed","template":"","meta":[],"product_brand":[],"product_cat":[360],"product_tag":[],"class_list":{"0":"post-16588","1":"product","2":"type-product","3":"status-publish","4":"has-post-thumbnail","6":"product_cat-igly","8":"first","9":"instock","10":"taxable","11":"shipping-taxable","12":"purchasable","13":"product-type-simple"},"_links":{"self":[{"href":"https:\/\/gltestm.webology.pl\/de\/wp-json\/wp\/v2\/product\/16588","targetHints":{"allow":["GET"]}}],"collection":[{"href":"https:\/\/gltestm.webology.pl\/de\/wp-json\/wp\/v2\/product"}],"about":[{"href":"https:\/\/gltestm.webology.pl\/de\/wp-json\/wp\/v2\/types\/product"}],"replies":[{"embeddable":true,"href":"https:\/\/gltestm.webology.pl\/de\/wp-json\/wp\/v2\/comments?post=16588"}],"version-history":[{"count":0,"href":"https:\/\/gltestm.webology.pl\/de\/wp-json\/wp\/v2\/product\/16588\/revisions"}],"wp:featuredmedia":[{"embeddable":true,"href":"https:\/\/gltestm.webology.pl\/de\/wp-json\/wp\/v2\/media\/14914"}],"wp:attachment":[{"href":"https:\/\/gltestm.webology.pl\/de\/wp-json\/wp\/v2\/media?parent=16588"}],"wp:term":[{"taxonomy":"product_brand","embeddable":true,"href":"https:\/\/gltestm.webology.pl\/de\/wp-json\/wp\/v2\/product_brand?post=16588"},{"taxonomy":"product_cat","embeddable":true,"href":"https:\/\/gltestm.webology.pl\/de\/wp-json\/wp\/v2\/product_cat?post=16588"},{"taxonomy":"product_tag","embeddable":true,"href":"https:\/\/gltestm.webology.pl\/de\/wp-json\/wp\/v2\/product_tag?post=16588"}],"curies":[{"name":"wp","href":"https:\/\/api.w.org\/{rel}","templated":true}]}}