{"id":16580,"date":"2026-03-18T22:03:45","date_gmt":"2026-03-18T21:03:45","guid":{"rendered":"https:\/\/gltestm.webology.pl\/produkt\/flexi-tambour-haengerahmen-o20-cm\/"},"modified":"2026-03-22T21:09:44","modified_gmt":"2026-03-22T20:09:44","slug":"flexi-tambour-haengerahmen-o20-cm","status":"publish","type":"product","link":"https:\/\/gltestm.webology.pl\/de\/produkt\/flexi-tambour-haengerahmen-o20-cm\/","title":{"rendered":"FLEXI Tambour \/ H\u00e4ngerahmen \u00d820 cm"},"content":{"rendered":"<p><span>Der FLEXI-Tambour ist ein Artikel, der das Sticken erleichtert. Er besteht aus zwei Reifen: einer ist aus flexiblem Gummi, der Holz imitiert, der andere aus Kunststoff. Der eine ist aus flexiblem Gummi, der Holz imitiert, der andere aus Kunststoff. Die Reifen werden aufeinander geklemmt und spannen das dazwischen gespannte Material.<\/span><\/p>\n<p><span>Au\u00dferdem ist der Tambour mit einem Metallb\u00fcgel ausgestattet, mit dem das fertige Werk als Dekoration an die Wand geh\u00e4ngt werden kann. <\/span><\/p>\n<ul>\n<li>Innendurchmesser: <strong>19 cm<\/strong><\/li>\n<li>Mittlerer Durchmesser: <strong>20<\/strong> cm<\/li>\n<li>\u00c4u\u00dferer Durchmesser: <strong>21,5<\/strong> cm<\/li>\n<li><strong>Holzimitation<\/strong><\/li>\n<\/ul>\n","protected":false},"excerpt":{"rendered":"<p>FLEXI Tambour ist ein Artikel zur Erleichterung der Stickerei, bestehend aus zwei Reifen. Innendurchmesser: 19 cm Mittlerer Durchmesser: 20 cm. Au\u00dfendurchmesser: 21,5 cm Nachahmung von Holz<\/p>\n","protected":false},"featured_media":13238,"comment_status":"open","ping_status":"closed","template":"","meta":[],"product_brand":[],"product_cat":[375],"product_tag":[],"class_list":{"0":"post-16580","1":"product","2":"type-product","3":"status-publish","4":"has-post-thumbnail","6":"product_cat-tamborki","8":"first","9":"instock","10":"taxable","11":"shipping-taxable","12":"purchasable","13":"product-type-simple"},"_links":{"self":[{"href":"https:\/\/gltestm.webology.pl\/de\/wp-json\/wp\/v2\/product\/16580","targetHints":{"allow":["GET"]}}],"collection":[{"href":"https:\/\/gltestm.webology.pl\/de\/wp-json\/wp\/v2\/product"}],"about":[{"href":"https:\/\/gltestm.webology.pl\/de\/wp-json\/wp\/v2\/types\/product"}],"replies":[{"embeddable":true,"href":"https:\/\/gltestm.webology.pl\/de\/wp-json\/wp\/v2\/comments?post=16580"}],"version-history":[{"count":0,"href":"https:\/\/gltestm.webology.pl\/de\/wp-json\/wp\/v2\/product\/16580\/revisions"}],"wp:featuredmedia":[{"embeddable":true,"href":"https:\/\/gltestm.webology.pl\/de\/wp-json\/wp\/v2\/media\/13238"}],"wp:attachment":[{"href":"https:\/\/gltestm.webology.pl\/de\/wp-json\/wp\/v2\/media?parent=16580"}],"wp:term":[{"taxonomy":"product_brand","embeddable":true,"href":"https:\/\/gltestm.webology.pl\/de\/wp-json\/wp\/v2\/product_brand?post=16580"},{"taxonomy":"product_cat","embeddable":true,"href":"https:\/\/gltestm.webology.pl\/de\/wp-json\/wp\/v2\/product_cat?post=16580"},{"taxonomy":"product_tag","embeddable":true,"href":"https:\/\/gltestm.webology.pl\/de\/wp-json\/wp\/v2\/product_tag?post=16580"}],"curies":[{"name":"wp","href":"https:\/\/api.w.org\/{rel}","templated":true}]}}