{"id":16524,"date":"2026-03-18T22:03:43","date_gmt":"2026-03-18T21:03:43","guid":{"rendered":"https:\/\/gltestm.webology.pl\/produkt\/schneiderwirbel-aus-metall\/"},"modified":"2026-03-22T21:48:01","modified_gmt":"2026-03-22T20:48:01","slug":"schneiderwirbel-aus-metall","status":"publish","type":"product","link":"https:\/\/gltestm.webology.pl\/de\/produkt\/schneiderwirbel-aus-metall\/","title":{"rendered":"Schneiderwirbel aus Metall"},"content":{"rendered":"<p>Es dient unter anderem dazu,<strong> auf dem Stoff die Stelle zu markieren, an der geschnitten werden soll<\/strong>. Es ist auch n\u00fctzlich f\u00fcr die \u00dcbertragung von <strong>Mustern von Rohlingen auf<\/strong> Stoff.<\/p>\n<p>Der Chopper hat einen Holzgriff, scharfe Kanten auf einem 19 mm Durchmesser Rad, und die Gesamtl\u00e4nge des Ger\u00e4ts ist 15 cm<\/p>\n","protected":false},"excerpt":{"rendered":"<p>Schneiderknoten aus Metall mit Holzgriff 150mm<\/p>\n","protected":false},"featured_media":15148,"comment_status":"open","ping_status":"closed","template":"","meta":[],"product_brand":[],"product_cat":[745],"product_tag":[],"class_list":{"0":"post-16524","1":"product","2":"type-product","3":"status-publish","4":"has-post-thumbnail","6":"product_cat-mydelka-krawieckie-i-ich-zamienniki","8":"first","9":"instock","10":"taxable","11":"shipping-taxable","12":"purchasable","13":"product-type-simple"},"_links":{"self":[{"href":"https:\/\/gltestm.webology.pl\/de\/wp-json\/wp\/v2\/product\/16524","targetHints":{"allow":["GET"]}}],"collection":[{"href":"https:\/\/gltestm.webology.pl\/de\/wp-json\/wp\/v2\/product"}],"about":[{"href":"https:\/\/gltestm.webology.pl\/de\/wp-json\/wp\/v2\/types\/product"}],"replies":[{"embeddable":true,"href":"https:\/\/gltestm.webology.pl\/de\/wp-json\/wp\/v2\/comments?post=16524"}],"version-history":[{"count":0,"href":"https:\/\/gltestm.webology.pl\/de\/wp-json\/wp\/v2\/product\/16524\/revisions"}],"wp:featuredmedia":[{"embeddable":true,"href":"https:\/\/gltestm.webology.pl\/de\/wp-json\/wp\/v2\/media\/15148"}],"wp:attachment":[{"href":"https:\/\/gltestm.webology.pl\/de\/wp-json\/wp\/v2\/media?parent=16524"}],"wp:term":[{"taxonomy":"product_brand","embeddable":true,"href":"https:\/\/gltestm.webology.pl\/de\/wp-json\/wp\/v2\/product_brand?post=16524"},{"taxonomy":"product_cat","embeddable":true,"href":"https:\/\/gltestm.webology.pl\/de\/wp-json\/wp\/v2\/product_cat?post=16524"},{"taxonomy":"product_tag","embeddable":true,"href":"https:\/\/gltestm.webology.pl\/de\/wp-json\/wp\/v2\/product_tag?post=16524"}],"curies":[{"name":"wp","href":"https:\/\/api.w.org\/{rel}","templated":true}]}}