{"id":16520,"date":"2026-03-18T22:03:42","date_gmt":"2026-03-18T21:03:42","guid":{"rendered":"https:\/\/gltestm.webology.pl\/produkt\/grosser-meissel\/"},"modified":"2026-03-22T21:47:48","modified_gmt":"2026-03-22T20:47:48","slug":"grosser-meissel","status":"publish","type":"product","link":"https:\/\/gltestm.webology.pl\/de\/produkt\/grosser-meissel\/","title":{"rendered":"Gro\u00dfer Mei\u00dfel"},"content":{"rendered":"<h2>Mei\u00dfel &#8211; ein unentbehrlicher Helfer des Schneiders<\/h2>\n<p>Ein gro\u00dfer Metallmei\u00dfel erleichtert uns das Beschneiden von N\u00e4hten, aber auch das Anbringen von L\u00f6chern und Schnitten im Stoff. Dies ist ein sehr cleveres Werkzeug, das in jeder Schneiderecke unverzichtbar ist.<\/p>\n<p>Mit ihm k\u00f6nnen wir auch m\u00fchelos die Etiketten entfernen, die uns beim Tragen der Kleidung kratzen. Manchmal reicht es nicht aus, das Etikett einfach abzuschneiden, aber mit der Prujka k\u00f6nnen wir es vollst\u00e4ndig entfernen.<\/p>\n<h2>Verarbeitung und Abmessungen<\/h2>\n<p>Der Mei\u00dfel hat einen Klingenstopfen aus transparentem Kunststoff. Der Griff hingegen besteht aus einem Kunststoff, der Holz imitiert.<\/p>\n<p>Die L\u00e4nge des Stemmeisens betr\u00e4gt 130 mm. Wenn Sie einen kleineren, pr\u00e4ziseren <a href=\"https:\/\/galerialucznik.pl\/pl\/products\/przybory-do-szycia\/akcesoria-krawieckie\/noze-noze-krazkowe-i-przecinaki\/prujka-dlugosc-120-mm-251.html?query_id=1\" target=\"_blank\" rel=\"noopener\">Mei\u00dfel<\/a> suchen, k\u00f6nnen Sie ihn auf unserer Website finden.<\/p>\n","protected":false},"excerpt":{"rendered":"<p>Nahttrenner mit Metallende, 130 mm<\/p>\n","protected":false},"featured_media":14930,"comment_status":"open","ping_status":"closed","template":"","meta":[],"product_brand":[],"product_cat":[760],"product_tag":[],"class_list":{"0":"post-16520","1":"product","2":"type-product","3":"status-publish","4":"has-post-thumbnail","6":"product_cat-noze-noze-krazkowe-i-przecinaki","8":"first","9":"instock","10":"taxable","11":"shipping-taxable","12":"purchasable","13":"product-type-simple"},"_links":{"self":[{"href":"https:\/\/gltestm.webology.pl\/de\/wp-json\/wp\/v2\/product\/16520","targetHints":{"allow":["GET"]}}],"collection":[{"href":"https:\/\/gltestm.webology.pl\/de\/wp-json\/wp\/v2\/product"}],"about":[{"href":"https:\/\/gltestm.webology.pl\/de\/wp-json\/wp\/v2\/types\/product"}],"replies":[{"embeddable":true,"href":"https:\/\/gltestm.webology.pl\/de\/wp-json\/wp\/v2\/comments?post=16520"}],"version-history":[{"count":0,"href":"https:\/\/gltestm.webology.pl\/de\/wp-json\/wp\/v2\/product\/16520\/revisions"}],"wp:featuredmedia":[{"embeddable":true,"href":"https:\/\/gltestm.webology.pl\/de\/wp-json\/wp\/v2\/media\/14930"}],"wp:attachment":[{"href":"https:\/\/gltestm.webology.pl\/de\/wp-json\/wp\/v2\/media?parent=16520"}],"wp:term":[{"taxonomy":"product_brand","embeddable":true,"href":"https:\/\/gltestm.webology.pl\/de\/wp-json\/wp\/v2\/product_brand?post=16520"},{"taxonomy":"product_cat","embeddable":true,"href":"https:\/\/gltestm.webology.pl\/de\/wp-json\/wp\/v2\/product_cat?post=16520"},{"taxonomy":"product_tag","embeddable":true,"href":"https:\/\/gltestm.webology.pl\/de\/wp-json\/wp\/v2\/product_tag?post=16520"}],"curies":[{"name":"wp","href":"https:\/\/api.w.org\/{rel}","templated":true}]}}