{"id":16512,"date":"2026-03-18T22:03:42","date_gmt":"2026-03-18T21:03:42","guid":{"rendered":"https:\/\/gltestm.webology.pl\/produkt\/einfaedler\/"},"modified":"2026-03-22T21:47:35","modified_gmt":"2026-03-22T20:47:35","slug":"einfaedler","status":"publish","type":"product","link":"https:\/\/gltestm.webology.pl\/de\/produkt\/einfaedler\/","title":{"rendered":"Einf\u00e4dler"},"content":{"rendered":"<h2><strong>Anwendung des Einf\u00e4dlers<\/strong><\/h2>\n<p>Er ist unentbehrlich f\u00fcr das Einf\u00e4deln beim N\u00e4hen mit der Hand, aber auch bei N\u00e4hmaschinen. Dank ihm wird der Faden schnell und ohne unn\u00f6tige Komplikationen auf die Nadel gef\u00e4delt.<\/p>\n<h2><strong>Abmessungen des Einf\u00e4dlers<\/strong><\/h2>\n<p>Der Einf\u00e4dler ist eine Metallplatte mit einem d\u00fcnnen Draht, der in einem Ohr angeordnet ist. Seine Abmessungen sind:<\/p>\n<p>Breite: 2 cm L\u00e4nge: 5,2 cm Abmessungen des Ohrs: 0,4 x 1,5 cm<\/p>\n<h2><strong>So wird das Einf\u00e4deln mit diesem Produkt erleichtert<\/strong><\/h2>\n<p>Um den Faden auf die Nadel zu f\u00e4deln, wird zun\u00e4chst das \u00d6hr in das Nadel\u00f6hr eingef\u00fchrt. Ziehen Sie dann den Faden durch das \u00d6hr und ziehen Sie schlie\u00dflich das \u00d6hr zusammen mit dem Faden aus dem Nadel\u00f6hr heraus. Geschafft!<\/p>\n","protected":false},"excerpt":{"rendered":"<p>Einf\u00e4dler aus Metall. Erleichtert die T\u00e4tigkeit des Einf\u00e4delns des Fadens durch das Nadel\u00f6hr.<\/p>\n","protected":false},"featured_media":15100,"comment_status":"open","ping_status":"closed","template":"","meta":[],"product_brand":[],"product_cat":[775],"product_tag":[],"class_list":{"0":"post-16512","1":"product","2":"type-product","3":"status-publish","4":"has-post-thumbnail","6":"product_cat-inne-narzedzia-i-akcesoria","8":"first","9":"instock","10":"taxable","11":"shipping-taxable","12":"purchasable","13":"product-type-simple"},"_links":{"self":[{"href":"https:\/\/gltestm.webology.pl\/de\/wp-json\/wp\/v2\/product\/16512","targetHints":{"allow":["GET"]}}],"collection":[{"href":"https:\/\/gltestm.webology.pl\/de\/wp-json\/wp\/v2\/product"}],"about":[{"href":"https:\/\/gltestm.webology.pl\/de\/wp-json\/wp\/v2\/types\/product"}],"replies":[{"embeddable":true,"href":"https:\/\/gltestm.webology.pl\/de\/wp-json\/wp\/v2\/comments?post=16512"}],"version-history":[{"count":0,"href":"https:\/\/gltestm.webology.pl\/de\/wp-json\/wp\/v2\/product\/16512\/revisions"}],"wp:featuredmedia":[{"embeddable":true,"href":"https:\/\/gltestm.webology.pl\/de\/wp-json\/wp\/v2\/media\/15100"}],"wp:attachment":[{"href":"https:\/\/gltestm.webology.pl\/de\/wp-json\/wp\/v2\/media?parent=16512"}],"wp:term":[{"taxonomy":"product_brand","embeddable":true,"href":"https:\/\/gltestm.webology.pl\/de\/wp-json\/wp\/v2\/product_brand?post=16512"},{"taxonomy":"product_cat","embeddable":true,"href":"https:\/\/gltestm.webology.pl\/de\/wp-json\/wp\/v2\/product_cat?post=16512"},{"taxonomy":"product_tag","embeddable":true,"href":"https:\/\/gltestm.webology.pl\/de\/wp-json\/wp\/v2\/product_tag?post=16512"}],"curies":[{"name":"wp","href":"https:\/\/api.w.org\/{rel}","templated":true}]}}