{"id":16496,"date":"2026-03-18T22:03:41","date_gmt":"2026-03-18T21:03:41","guid":{"rendered":"https:\/\/gltestm.webology.pl\/produkt\/sicherheitsnadeln-satz-mit-12-stueck\/"},"modified":"2026-03-22T21:47:30","modified_gmt":"2026-03-22T20:47:30","slug":"sicherheitsnadeln-satz-mit-12-stueck","status":"publish","type":"product","link":"https:\/\/gltestm.webology.pl\/de\/produkt\/sicherheitsnadeln-satz-mit-12-stueck\/","title":{"rendered":"Sicherheitsnadeln Satz mit 12 St\u00fcck"},"content":{"rendered":"<h2><strong>Sicherheitsnadeln &#8211; ein unverzichtbares Produkt <\/strong><\/h2>\n<p>Sie sind ein unverzichtbares Produkt in jedem Haushalt. Sie dienen dazu, zwei Stoffst\u00fccke schnell zu verbinden und verschiedene Elemente an Kleidung und Dekorationen zu befestigen. Auch Bandagen und Dreieckst\u00fccher lassen sich damit befestigen.<\/p>\n<h2><strong>Verwendung beim Schneidern<\/strong><\/h2>\n<p>In der Schneiderei werden sie oft verwendet, um die Schnur, das Band in einen vorher gen\u00e4hten Tunnel zu ziehen &#8211; in Kapuzenpullis von Sweatshirts, Rucks\u00e4cken oder allen Arten von Taschen.<\/p>\n<h2><strong>Inhalt des Sets<\/strong><\/h2>\n<p>Das Set enth\u00e4lt 12 St\u00fcck Sicherheitsnadeln in einer Gr\u00f6\u00dfe &#8211; 28 mm. Jede ist aus geh\u00e4rtetem Stahl hergestellt, was eine h\u00f6here Festigkeit bei der Arbeit gew\u00e4hrleistet.<\/p>\n","protected":false},"excerpt":{"rendered":"<p>Satz von 12 St\u00fcck Sicherheitsnadeln in der Gr\u00f6\u00dfe 28 mm.<\/p>\n","protected":false},"featured_media":15023,"comment_status":"open","ping_status":"closed","template":"","meta":[],"product_brand":[],"product_cat":[740],"product_tag":[],"class_list":{"0":"post-16496","1":"product","2":"type-product","3":"status-publish","4":"has-post-thumbnail","6":"product_cat-szpilki-agrafki-i-poduszeczki","8":"first","9":"instock","10":"taxable","11":"shipping-taxable","12":"purchasable","13":"product-type-simple"},"_links":{"self":[{"href":"https:\/\/gltestm.webology.pl\/de\/wp-json\/wp\/v2\/product\/16496","targetHints":{"allow":["GET"]}}],"collection":[{"href":"https:\/\/gltestm.webology.pl\/de\/wp-json\/wp\/v2\/product"}],"about":[{"href":"https:\/\/gltestm.webology.pl\/de\/wp-json\/wp\/v2\/types\/product"}],"replies":[{"embeddable":true,"href":"https:\/\/gltestm.webology.pl\/de\/wp-json\/wp\/v2\/comments?post=16496"}],"version-history":[{"count":0,"href":"https:\/\/gltestm.webology.pl\/de\/wp-json\/wp\/v2\/product\/16496\/revisions"}],"wp:featuredmedia":[{"embeddable":true,"href":"https:\/\/gltestm.webology.pl\/de\/wp-json\/wp\/v2\/media\/15023"}],"wp:attachment":[{"href":"https:\/\/gltestm.webology.pl\/de\/wp-json\/wp\/v2\/media?parent=16496"}],"wp:term":[{"taxonomy":"product_brand","embeddable":true,"href":"https:\/\/gltestm.webology.pl\/de\/wp-json\/wp\/v2\/product_brand?post=16496"},{"taxonomy":"product_cat","embeddable":true,"href":"https:\/\/gltestm.webology.pl\/de\/wp-json\/wp\/v2\/product_cat?post=16496"},{"taxonomy":"product_tag","embeddable":true,"href":"https:\/\/gltestm.webology.pl\/de\/wp-json\/wp\/v2\/product_tag?post=16496"}],"curies":[{"name":"wp","href":"https:\/\/api.w.org\/{rel}","templated":true}]}}