{"id":16492,"date":"2026-03-18T22:03:40","date_gmt":"2026-03-18T21:03:40","guid":{"rendered":"https:\/\/gltestm.webology.pl\/produkt\/schneidermassband-mix-selbstaufrollend\/"},"modified":"2026-03-22T21:47:25","modified_gmt":"2026-03-22T20:47:25","slug":"schneidermassband-mix-selbstaufrollend","status":"publish","type":"product","link":"https:\/\/gltestm.webology.pl\/de\/produkt\/schneidermassband-mix-selbstaufrollend\/","title":{"rendered":"Schneiderma\u00dfband MIX, selbstaufrollend"},"content":{"rendered":"<h2><strong>Messskala<\/strong><\/h2>\n<p>Das Zentimeterma\u00df kann bis zu einer L\u00e4nge von 150 cm abgerollt werden. Das Ma\u00df ist doppelseitig, auf einer Seite ist das Ma\u00df in Zentimetern und auf der anderen Seite in Zoll angegeben.<\/p>\n<h2><strong>Was k\u00f6nnen wir messen?<\/strong><\/h2>\n<p>Das doppelseitige Ma\u00dfband ist nicht nur beim N\u00e4hen und Anfertigen von Zuschnitten ein unentbehrlicher Helfer, sondern auch im Alltag, wenn wir schnell etwas abmessen m\u00fcssen.<\/p>\n<p>Dank des Zentimeterma\u00dfes k\u00f6nnen wir auch die Ma\u00dfe der Figur leicht abmessen.<\/p>\n<p>Das selbstaufrollende Ma\u00dfband besteht aus flexiblem Kunststoff, so dass es sich leicht an die gemessene Form anpasst.<\/p>\n<p>Das Zentimeterma\u00df gibt es in drei Farben: rot, gelb und blau. Das Angebot gilt f\u00fcr ein St\u00fcck. Wir verschicken die Farbe zuf\u00e4llig!<\/p>\n","protected":false},"excerpt":{"rendered":"<p>Ein selbstaufrollendes Schneiderbandma\u00df mit einer L\u00e4nge von 150 cm. Es ist in drei Farben erh\u00e4ltlich: rot, blau und gelb.<\/p>\n","protected":false},"featured_media":15906,"comment_status":"open","ping_status":"closed","template":"","meta":[],"product_brand":[],"product_cat":[755],"product_tag":[],"class_list":{"0":"post-16492","1":"product","2":"type-product","3":"status-publish","4":"has-post-thumbnail","6":"product_cat-miary-linijki-i-cyrkle","8":"first","9":"instock","10":"taxable","11":"shipping-taxable","12":"purchasable","13":"product-type-simple"},"_links":{"self":[{"href":"https:\/\/gltestm.webology.pl\/de\/wp-json\/wp\/v2\/product\/16492","targetHints":{"allow":["GET"]}}],"collection":[{"href":"https:\/\/gltestm.webology.pl\/de\/wp-json\/wp\/v2\/product"}],"about":[{"href":"https:\/\/gltestm.webology.pl\/de\/wp-json\/wp\/v2\/types\/product"}],"replies":[{"embeddable":true,"href":"https:\/\/gltestm.webology.pl\/de\/wp-json\/wp\/v2\/comments?post=16492"}],"version-history":[{"count":0,"href":"https:\/\/gltestm.webology.pl\/de\/wp-json\/wp\/v2\/product\/16492\/revisions"}],"wp:featuredmedia":[{"embeddable":true,"href":"https:\/\/gltestm.webology.pl\/de\/wp-json\/wp\/v2\/media\/15906"}],"wp:attachment":[{"href":"https:\/\/gltestm.webology.pl\/de\/wp-json\/wp\/v2\/media?parent=16492"}],"wp:term":[{"taxonomy":"product_brand","embeddable":true,"href":"https:\/\/gltestm.webology.pl\/de\/wp-json\/wp\/v2\/product_brand?post=16492"},{"taxonomy":"product_cat","embeddable":true,"href":"https:\/\/gltestm.webology.pl\/de\/wp-json\/wp\/v2\/product_cat?post=16492"},{"taxonomy":"product_tag","embeddable":true,"href":"https:\/\/gltestm.webology.pl\/de\/wp-json\/wp\/v2\/product_tag?post=16492"}],"curies":[{"name":"wp","href":"https:\/\/api.w.org\/{rel}","templated":true}]}}