{"id":16484,"date":"2026-03-18T22:03:40","date_gmt":"2026-03-18T21:03:40","guid":{"rendered":"https:\/\/gltestm.webology.pl\/produkt\/doppelseitiger-schneider-zentimeter\/"},"modified":"2026-03-22T21:47:24","modified_gmt":"2026-03-22T20:47:24","slug":"doppelseitiger-schneider-zentimeter","status":"publish","type":"product","link":"https:\/\/gltestm.webology.pl\/de\/produkt\/doppelseitiger-schneider-zentimeter\/","title":{"rendered":"Doppelseitiger Schneider-Zentimeter"},"content":{"rendered":"<h2><strong>Schneiderbandma\u00df &#8211; Verwendung<\/strong><\/h2>\n<p>Das doppelseitige Schneiderma\u00dfband ist ein unentbehrlicher Helfer beim N\u00e4hen und Anfertigen von Zuschnitten. Sie k\u00f6nnen damit auch leicht Ihre Figur messen.<\/p>\n<h2><strong>Skala des Zentimeterma\u00dfes<\/strong><\/h2>\n<p>Das Zentimeterma\u00df ist beidseitig bedruckt, auf der R\u00fcckseite ist 150 cm 0 cm, 149 ist 1 cm, usw. Die L\u00e4nge des Zentimeterma\u00dfes betr\u00e4gt 150 cm, und die Breite ist etwa 1,6 cm.<\/p>\n<h2><strong>Gestaltung<\/strong><\/h2>\n<p>Es besteht aus flexiblem Kunststoff, so dass Sie es leicht an die Form, die Sie messen, anpassen k\u00f6nnen.<\/p>\n<p>Die Farbe des Zentimeters wird zuf\u00e4llig verschickt!<\/p>\n","protected":false},"excerpt":{"rendered":"<p>Zweiseitiges Schneiderma\u00df mit einer L\u00e4nge von 150 cm.<\/p>\n","protected":false},"featured_media":13901,"comment_status":"open","ping_status":"closed","template":"","meta":[],"product_brand":[],"product_cat":[755],"product_tag":[],"class_list":{"0":"post-16484","1":"product","2":"type-product","3":"status-publish","4":"has-post-thumbnail","6":"product_cat-miary-linijki-i-cyrkle","8":"first","9":"instock","10":"taxable","11":"shipping-taxable","12":"purchasable","13":"product-type-simple"},"_links":{"self":[{"href":"https:\/\/gltestm.webology.pl\/de\/wp-json\/wp\/v2\/product\/16484","targetHints":{"allow":["GET"]}}],"collection":[{"href":"https:\/\/gltestm.webology.pl\/de\/wp-json\/wp\/v2\/product"}],"about":[{"href":"https:\/\/gltestm.webology.pl\/de\/wp-json\/wp\/v2\/types\/product"}],"replies":[{"embeddable":true,"href":"https:\/\/gltestm.webology.pl\/de\/wp-json\/wp\/v2\/comments?post=16484"}],"version-history":[{"count":0,"href":"https:\/\/gltestm.webology.pl\/de\/wp-json\/wp\/v2\/product\/16484\/revisions"}],"wp:featuredmedia":[{"embeddable":true,"href":"https:\/\/gltestm.webology.pl\/de\/wp-json\/wp\/v2\/media\/13901"}],"wp:attachment":[{"href":"https:\/\/gltestm.webology.pl\/de\/wp-json\/wp\/v2\/media?parent=16484"}],"wp:term":[{"taxonomy":"product_brand","embeddable":true,"href":"https:\/\/gltestm.webology.pl\/de\/wp-json\/wp\/v2\/product_brand?post=16484"},{"taxonomy":"product_cat","embeddable":true,"href":"https:\/\/gltestm.webology.pl\/de\/wp-json\/wp\/v2\/product_cat?post=16484"},{"taxonomy":"product_tag","embeddable":true,"href":"https:\/\/gltestm.webology.pl\/de\/wp-json\/wp\/v2\/product_tag?post=16484"}],"curies":[{"name":"wp","href":"https:\/\/api.w.org\/{rel}","templated":true}]}}