{"id":16480,"date":"2026-03-18T22:03:40","date_gmt":"2026-03-18T21:03:40","guid":{"rendered":"https:\/\/gltestm.webology.pl\/produkt\/stifte-mit-glaskopf-laenge-48-mm\/"},"modified":"2026-03-22T21:47:18","modified_gmt":"2026-03-22T20:47:18","slug":"stifte-mit-glaskopf-laenge-48-mm","status":"publish","type":"product","link":"https:\/\/gltestm.webology.pl\/de\/produkt\/stifte-mit-glaskopf-laenge-48-mm\/","title":{"rendered":"Stifte mit Glaskopf L\u00e4nge 48 mm"},"content":{"rendered":"<p>Schneiderstifte mit Glask\u00f6pfen sind gut zu sehen, sie dringen ein und halten gut. Die Nadeln sind von hoher Qualit\u00e4t, unzerbrechlich und im Vergleich zu Metallnadeln etwas flexibel. Die Nadeln sind in einer Kunststoffbox verpackt.<\/p>\n<p>Gewicht: 30 g<\/p>\n<p>Verpackungsinhalt: ca. 140 St\u00fcck<\/p>\n","protected":false},"excerpt":{"rendered":"<p>Stifte mit Glaskopf L\u00e4nge 48 mm<\/p>\n","protected":false},"featured_media":13831,"comment_status":"open","ping_status":"closed","template":"","meta":[],"product_brand":[],"product_cat":[740],"product_tag":[],"class_list":{"0":"post-16480","1":"product","2":"type-product","3":"status-publish","4":"has-post-thumbnail","6":"product_cat-szpilki-agrafki-i-poduszeczki","8":"first","9":"instock","10":"taxable","11":"shipping-taxable","12":"purchasable","13":"product-type-simple"},"_links":{"self":[{"href":"https:\/\/gltestm.webology.pl\/de\/wp-json\/wp\/v2\/product\/16480","targetHints":{"allow":["GET"]}}],"collection":[{"href":"https:\/\/gltestm.webology.pl\/de\/wp-json\/wp\/v2\/product"}],"about":[{"href":"https:\/\/gltestm.webology.pl\/de\/wp-json\/wp\/v2\/types\/product"}],"replies":[{"embeddable":true,"href":"https:\/\/gltestm.webology.pl\/de\/wp-json\/wp\/v2\/comments?post=16480"}],"version-history":[{"count":0,"href":"https:\/\/gltestm.webology.pl\/de\/wp-json\/wp\/v2\/product\/16480\/revisions"}],"wp:featuredmedia":[{"embeddable":true,"href":"https:\/\/gltestm.webology.pl\/de\/wp-json\/wp\/v2\/media\/13831"}],"wp:attachment":[{"href":"https:\/\/gltestm.webology.pl\/de\/wp-json\/wp\/v2\/media?parent=16480"}],"wp:term":[{"taxonomy":"product_brand","embeddable":true,"href":"https:\/\/gltestm.webology.pl\/de\/wp-json\/wp\/v2\/product_brand?post=16480"},{"taxonomy":"product_cat","embeddable":true,"href":"https:\/\/gltestm.webology.pl\/de\/wp-json\/wp\/v2\/product_cat?post=16480"},{"taxonomy":"product_tag","embeddable":true,"href":"https:\/\/gltestm.webology.pl\/de\/wp-json\/wp\/v2\/product_tag?post=16480"}],"curies":[{"name":"wp","href":"https:\/\/api.w.org\/{rel}","templated":true}]}}