{"id":16476,"date":"2026-03-18T22:03:39","date_gmt":"2026-03-18T21:03:39","guid":{"rendered":"https:\/\/gltestm.webology.pl\/produkt\/prujka-laenge-120-mm\/"},"modified":"2026-03-22T21:47:11","modified_gmt":"2026-03-22T20:47:11","slug":"prujka-laenge-120-mm","status":"publish","type":"product","link":"https:\/\/gltestm.webology.pl\/de\/produkt\/prujka-laenge-120-mm\/","title":{"rendered":"Prujka L\u00e4nge 120 mm"},"content":{"rendered":"<p>Der Cutter ist ideal zum Paspeln von N\u00e4hten, Anh\u00e4ngern und zum Schneiden von Knopfl\u00f6chern. Wird mit einem Schutzstopfen aus Kunststoff geliefert.<\/p>\n","protected":false},"excerpt":{"rendered":"<p>Pflaume ideal f\u00fcr Paspeln\u00e4hte<\/p>\n","protected":false},"featured_media":14259,"comment_status":"open","ping_status":"closed","template":"","meta":[],"product_brand":[],"product_cat":[775],"product_tag":[],"class_list":{"0":"post-16476","1":"product","2":"type-product","3":"status-publish","4":"has-post-thumbnail","6":"product_cat-inne-narzedzia-i-akcesoria","8":"first","9":"instock","10":"taxable","11":"shipping-taxable","12":"purchasable","13":"product-type-simple"},"_links":{"self":[{"href":"https:\/\/gltestm.webology.pl\/de\/wp-json\/wp\/v2\/product\/16476","targetHints":{"allow":["GET"]}}],"collection":[{"href":"https:\/\/gltestm.webology.pl\/de\/wp-json\/wp\/v2\/product"}],"about":[{"href":"https:\/\/gltestm.webology.pl\/de\/wp-json\/wp\/v2\/types\/product"}],"replies":[{"embeddable":true,"href":"https:\/\/gltestm.webology.pl\/de\/wp-json\/wp\/v2\/comments?post=16476"}],"version-history":[{"count":0,"href":"https:\/\/gltestm.webology.pl\/de\/wp-json\/wp\/v2\/product\/16476\/revisions"}],"wp:featuredmedia":[{"embeddable":true,"href":"https:\/\/gltestm.webology.pl\/de\/wp-json\/wp\/v2\/media\/14259"}],"wp:attachment":[{"href":"https:\/\/gltestm.webology.pl\/de\/wp-json\/wp\/v2\/media?parent=16476"}],"wp:term":[{"taxonomy":"product_brand","embeddable":true,"href":"https:\/\/gltestm.webology.pl\/de\/wp-json\/wp\/v2\/product_brand?post=16476"},{"taxonomy":"product_cat","embeddable":true,"href":"https:\/\/gltestm.webology.pl\/de\/wp-json\/wp\/v2\/product_cat?post=16476"},{"taxonomy":"product_tag","embeddable":true,"href":"https:\/\/gltestm.webology.pl\/de\/wp-json\/wp\/v2\/product_tag?post=16476"}],"curies":[{"name":"wp","href":"https:\/\/api.w.org\/{rel}","templated":true}]}}