{"id":16452,"date":"2026-03-18T22:03:38","date_gmt":"2026-03-18T21:03:38","guid":{"rendered":"https:\/\/gltestm.webology.pl\/produkt\/28mm-materialschneider\/"},"modified":"2026-03-22T21:47:08","modified_gmt":"2026-03-22T20:47:08","slug":"28mm-materialschneider","status":"publish","type":"product","link":"https:\/\/gltestm.webology.pl\/de\/produkt\/28mm-materialschneider\/","title":{"rendered":"28mm Materialschneider"},"content":{"rendered":"<h2>Kreismesser zum Schneiden von Stoffen<\/h2>\n<p>Messer mit einer rotierenden Klinge von 28 mm Durchmesser zum Schneiden von Stoffen entlang gerader Linien sowie entlang von Kurven. Es kann problemlos mehrere Lagen Stoff verarbeiten. Der kleine Durchmesser der Klinge hilft bei pr\u00e4ziseren Schnitten und erleichtert das Schneiden von Kurven.<\/p>\n<h2>Verwendung in anderen Techniken<\/h2>\n<p>Es eignet sich auch hervorragend f\u00fcr andere Techniken wie Scrapbooking, Quilling und Patchwork. Es kann auch problemlos von Linksh\u00e4ndern verwendet werden &#8211; drehen Sie einfach die Klinge auf die andere Seite. Das Rollmesser ist sowohl f\u00fcr Profis als auch f\u00fcr fortgeschrittene Amateure geeignet.<\/p>\n<h2>Sichere Verwendung des Rollmessers<\/h2>\n<p>Das Schneiden mit einem Rollmesser ist nur auf einem Tr\u00e4germaterial m\u00f6glich. Die Klinge ist aus hartem Wolframstahl gefertigt und wird beim Schneiden auf anderen Oberfl\u00e4chen schnell besch\u00e4digt.<\/p>\n<p>Die Klinge ist einziehbar, so dass wir sie schnell sichern k\u00f6nnen, wenn wir das Produkt nicht benutzen. Sie k\u00f6nnen <a href=\"https:\/\/galerialucznik.pl\/pl\/products\/przybory-do-szycia\/akcesoria-krawieckie\/noze-noze-krazkowe-i-przecinaki\/ostrze-do-noza-krazkowego-28-mm-proste-1092.html\" target=\"_blank\" rel=\"noopener\">Ersatzklingen<\/a> auf unserer Website kaufen.<\/p>\n","protected":false},"excerpt":{"rendered":"<p>Rollenschneider mit einer rotierenden Klinge mit einem Durchmesser von 28 mm<\/p>\n","protected":false},"featured_media":14230,"comment_status":"open","ping_status":"closed","template":"","meta":[],"product_brand":[],"product_cat":[760],"product_tag":[],"class_list":{"0":"post-16452","1":"product","2":"type-product","3":"status-publish","4":"has-post-thumbnail","6":"product_cat-noze-noze-krazkowe-i-przecinaki","8":"first","9":"instock","10":"taxable","11":"shipping-taxable","12":"purchasable","13":"product-type-simple"},"_links":{"self":[{"href":"https:\/\/gltestm.webology.pl\/de\/wp-json\/wp\/v2\/product\/16452","targetHints":{"allow":["GET"]}}],"collection":[{"href":"https:\/\/gltestm.webology.pl\/de\/wp-json\/wp\/v2\/product"}],"about":[{"href":"https:\/\/gltestm.webology.pl\/de\/wp-json\/wp\/v2\/types\/product"}],"replies":[{"embeddable":true,"href":"https:\/\/gltestm.webology.pl\/de\/wp-json\/wp\/v2\/comments?post=16452"}],"version-history":[{"count":0,"href":"https:\/\/gltestm.webology.pl\/de\/wp-json\/wp\/v2\/product\/16452\/revisions"}],"wp:featuredmedia":[{"embeddable":true,"href":"https:\/\/gltestm.webology.pl\/de\/wp-json\/wp\/v2\/media\/14230"}],"wp:attachment":[{"href":"https:\/\/gltestm.webology.pl\/de\/wp-json\/wp\/v2\/media?parent=16452"}],"wp:term":[{"taxonomy":"product_brand","embeddable":true,"href":"https:\/\/gltestm.webology.pl\/de\/wp-json\/wp\/v2\/product_brand?post=16452"},{"taxonomy":"product_cat","embeddable":true,"href":"https:\/\/gltestm.webology.pl\/de\/wp-json\/wp\/v2\/product_cat?post=16452"},{"taxonomy":"product_tag","embeddable":true,"href":"https:\/\/gltestm.webology.pl\/de\/wp-json\/wp\/v2\/product_tag?post=16452"}],"curies":[{"name":"wp","href":"https:\/\/api.w.org\/{rel}","templated":true}]}}