{"id":16420,"date":"2026-03-18T22:03:37","date_gmt":"2026-03-18T21:03:37","guid":{"rendered":"https:\/\/gltestm.webology.pl\/produkt\/stichmesslineal\/"},"modified":"2026-03-22T21:46:58","modified_gmt":"2026-03-22T20:46:58","slug":"stichmesslineal","status":"publish","type":"product","link":"https:\/\/gltestm.webology.pl\/de\/produkt\/stichmesslineal\/","title":{"rendered":"Stichmesslineal"},"content":{"rendered":"<h2>Verwendung<\/h2>\n<p>Ein praktisches Ma\u00dfband mit Stichz\u00e4hler und gekerbten Kanten ist ein unverzichtbarer Helfer in jedem N\u00e4hatelier. Es eignet sich hervorragend zum Markieren, Anlegen von Laschen und Vers\u00e4ubern von Kanten. Dank der Kerben auf der Zentimeterskala ist es ideal zum Markieren der Stichl\u00e4nge und zum Anzeichnen von Kerben auf dem Stoff. Mit ihm k\u00f6nnen Sie ganz einfach die Nahtzugabe beim Abpausen eines Musters bestimmen, die Gr\u00f6\u00dfe eines Knopflochs messen oder ein Muster markieren. Es ist ideal zum Anlegen von S\u00e4umen und Falten.<\/p>\n<h2>Skala des Lineals<\/h2>\n<p>Das Markierungslineal hat eine klare und genaue Skala von bis zu <strong>20 cm<\/strong><strong> auf <\/strong>beiden Seiten. Es hat keinen Rand, so dass das Ma\u00df gleichzeitig mit dem Anfang des Lineals beginnt.<\/p>\n<p>Es ist aus flexiblem Kunststoff gefertigt.<\/p>\n","protected":false},"excerpt":{"rendered":"<p>Schneiderma\u00df zum Markieren mit einer L\u00e4nge von 20 cm<\/p>\n","protected":false},"featured_media":13177,"comment_status":"open","ping_status":"closed","template":"","meta":[],"product_brand":[],"product_cat":[755],"product_tag":[],"class_list":{"0":"post-16420","1":"product","2":"type-product","3":"status-publish","4":"has-post-thumbnail","6":"product_cat-miary-linijki-i-cyrkle","8":"first","9":"instock","10":"taxable","11":"shipping-taxable","12":"purchasable","13":"product-type-simple"},"_links":{"self":[{"href":"https:\/\/gltestm.webology.pl\/de\/wp-json\/wp\/v2\/product\/16420","targetHints":{"allow":["GET"]}}],"collection":[{"href":"https:\/\/gltestm.webology.pl\/de\/wp-json\/wp\/v2\/product"}],"about":[{"href":"https:\/\/gltestm.webology.pl\/de\/wp-json\/wp\/v2\/types\/product"}],"replies":[{"embeddable":true,"href":"https:\/\/gltestm.webology.pl\/de\/wp-json\/wp\/v2\/comments?post=16420"}],"version-history":[{"count":0,"href":"https:\/\/gltestm.webology.pl\/de\/wp-json\/wp\/v2\/product\/16420\/revisions"}],"wp:featuredmedia":[{"embeddable":true,"href":"https:\/\/gltestm.webology.pl\/de\/wp-json\/wp\/v2\/media\/13177"}],"wp:attachment":[{"href":"https:\/\/gltestm.webology.pl\/de\/wp-json\/wp\/v2\/media?parent=16420"}],"wp:term":[{"taxonomy":"product_brand","embeddable":true,"href":"https:\/\/gltestm.webology.pl\/de\/wp-json\/wp\/v2\/product_brand?post=16420"},{"taxonomy":"product_cat","embeddable":true,"href":"https:\/\/gltestm.webology.pl\/de\/wp-json\/wp\/v2\/product_cat?post=16420"},{"taxonomy":"product_tag","embeddable":true,"href":"https:\/\/gltestm.webology.pl\/de\/wp-json\/wp\/v2\/product_tag?post=16420"}],"curies":[{"name":"wp","href":"https:\/\/api.w.org\/{rel}","templated":true}]}}