{"id":16380,"date":"2026-03-18T22:03:35","date_gmt":"2026-03-18T21:03:35","guid":{"rendered":"https:\/\/gltestm.webology.pl\/produkt\/doppelaeugige-klee-nadeln\/"},"modified":"2026-03-22T21:08:47","modified_gmt":"2026-03-22T20:08:47","slug":"doppelaeugige-klee-nadeln","status":"publish","type":"product","link":"https:\/\/gltestm.webology.pl\/de\/produkt\/doppelaeugige-klee-nadeln\/","title":{"rendered":"Doppel\u00e4ugige Klee-Nadeln"},"content":{"rendered":"<p><span><span><span><span><strong>Handnadeln zum Einf\u00e4deln mit Doppel\u00f6hr.<\/strong><\/span><\/span><\/span><\/span><\/p>\n<p><span>In<span><span><span><span><span><span><span><span><strong>der<\/strong><\/span><\/span><\/span><\/span><\/span><\/span><\/span><\/span><span><span><span><span><span><span><span><span><strong>Blisterpackung<\/strong><\/span><\/span><\/span><\/span><\/span><\/span><\/span><\/span> sind<span><span><span><span><span><span><span><span><strong> Nadeln<\/strong><\/span><\/span><\/span><\/span><\/span><\/span><\/span><\/span> enthalten<span><span><span><span><span><span><span><span><strong>:<\/strong><\/span><\/span><\/span><\/span><\/span><\/span><\/span><\/span><\/span><\/p>\n<p><span><span><span><span><span><span><span>nr. 15 1,80 x 60,0 mm<br \/> Nr. 17 1,35 x 54,6 mm<br \/> Nr. 201 <\/span><\/span><\/span><\/span><\/span><\/span><\/span><span><span><span><span><span><span><span>1,<\/span><\/span><\/span><\/span><\/span><\/span><\/span><span><span><span><span><span><span><span>7 x 45,5 mm<\/span><\/span><\/span><\/span><\/span><\/span><\/span><\/p>\n","protected":false},"excerpt":{"rendered":"<p>Satz scharfe und stumpfe Sticknadeln mit doppelten \u00d6sen (dick)<\/p>\n","protected":false},"featured_media":15401,"comment_status":"open","ping_status":"closed","template":"","meta":[],"product_brand":[],"product_cat":[360],"product_tag":[],"class_list":{"0":"post-16380","1":"product","2":"type-product","3":"status-publish","4":"has-post-thumbnail","6":"product_cat-igly","8":"first","9":"instock","10":"taxable","11":"shipping-taxable","12":"purchasable","13":"product-type-simple"},"_links":{"self":[{"href":"https:\/\/gltestm.webology.pl\/de\/wp-json\/wp\/v2\/product\/16380","targetHints":{"allow":["GET"]}}],"collection":[{"href":"https:\/\/gltestm.webology.pl\/de\/wp-json\/wp\/v2\/product"}],"about":[{"href":"https:\/\/gltestm.webology.pl\/de\/wp-json\/wp\/v2\/types\/product"}],"replies":[{"embeddable":true,"href":"https:\/\/gltestm.webology.pl\/de\/wp-json\/wp\/v2\/comments?post=16380"}],"version-history":[{"count":0,"href":"https:\/\/gltestm.webology.pl\/de\/wp-json\/wp\/v2\/product\/16380\/revisions"}],"wp:featuredmedia":[{"embeddable":true,"href":"https:\/\/gltestm.webology.pl\/de\/wp-json\/wp\/v2\/media\/15401"}],"wp:attachment":[{"href":"https:\/\/gltestm.webology.pl\/de\/wp-json\/wp\/v2\/media?parent=16380"}],"wp:term":[{"taxonomy":"product_brand","embeddable":true,"href":"https:\/\/gltestm.webology.pl\/de\/wp-json\/wp\/v2\/product_brand?post=16380"},{"taxonomy":"product_cat","embeddable":true,"href":"https:\/\/gltestm.webology.pl\/de\/wp-json\/wp\/v2\/product_cat?post=16380"},{"taxonomy":"product_tag","embeddable":true,"href":"https:\/\/gltestm.webology.pl\/de\/wp-json\/wp\/v2\/product_tag?post=16380"}],"curies":[{"name":"wp","href":"https:\/\/api.w.org\/{rel}","templated":true}]}}