{"id":16364,"date":"2026-03-18T22:03:35","date_gmt":"2026-03-18T21:03:35","guid":{"rendered":"https:\/\/gltestm.webology.pl\/produkt\/hawaiianische-quilting-nadeln-2007\/"},"modified":"2026-03-22T21:08:43","modified_gmt":"2026-03-22T20:08:43","slug":"hawaiianische-quilting-nadeln-2007","status":"publish","type":"product","link":"https:\/\/gltestm.webology.pl\/de\/produkt\/hawaiianische-quilting-nadeln-2007\/","title":{"rendered":"Hawaiianische Quilting-Nadeln 2007"},"content":{"rendered":"<p>Der Blister enth\u00e4lt Nadeln:<\/p>\n<p>0.69&#215;46,8 mm &#8211; 2 St\u00fcck f\u00fcr die Befestigung<\/p>\n<p>0.46&#215;28,8 mm &#8211; 2 St\u00fcck zum Aufn\u00e4hen<\/p>\n<p>0,53&#215;27,0 mm &#8211; 2 St\u00fcck zum Quilten<\/p>\n<p>0.51&#215;22,7 mm &#8211; 2 St\u00fcck zum Quilten<\/p>\n<h1><span><span><span><span><span><strong>Quilten<\/strong><\/span><\/span><\/span><\/span><\/span><\/h1>\n<h1><span><span><span><span><span>Amerikanisches Patchwork, auch &#8222;Quilt&#8220; (<\/span><span><strong>Quilting <\/strong><\/span><span><strong>&#8211; <\/strong><\/span><span> Steppung<\/span><span>)<\/span><span>genannt<\/span><span>, wird aus winzigen Stoffst\u00fccken, z. B. Resten alter Kleidung, zu kleineren oder gr\u00f6\u00dferen Fl\u00e4chen zusammengen\u00e4ht, die dann zu Steppdecken, Tagesdecken, Kissen und allerlei dekorativem Stoffschmuck werden.<\/span><\/span><\/span><\/span><\/span><\/h1>\n","protected":false},"excerpt":{"rendered":"<p>Hawaiianische Handquilting-Nadeln (Sashico)<\/p>\n","protected":false},"featured_media":13569,"comment_status":"open","ping_status":"closed","template":"","meta":[],"product_brand":[],"product_cat":[360],"product_tag":[],"class_list":{"0":"post-16364","1":"product","2":"type-product","3":"status-publish","4":"has-post-thumbnail","6":"product_cat-igly","8":"first","9":"instock","10":"taxable","11":"shipping-taxable","12":"purchasable","13":"product-type-simple"},"_links":{"self":[{"href":"https:\/\/gltestm.webology.pl\/de\/wp-json\/wp\/v2\/product\/16364","targetHints":{"allow":["GET"]}}],"collection":[{"href":"https:\/\/gltestm.webology.pl\/de\/wp-json\/wp\/v2\/product"}],"about":[{"href":"https:\/\/gltestm.webology.pl\/de\/wp-json\/wp\/v2\/types\/product"}],"replies":[{"embeddable":true,"href":"https:\/\/gltestm.webology.pl\/de\/wp-json\/wp\/v2\/comments?post=16364"}],"version-history":[{"count":0,"href":"https:\/\/gltestm.webology.pl\/de\/wp-json\/wp\/v2\/product\/16364\/revisions"}],"wp:featuredmedia":[{"embeddable":true,"href":"https:\/\/gltestm.webology.pl\/de\/wp-json\/wp\/v2\/media\/13569"}],"wp:attachment":[{"href":"https:\/\/gltestm.webology.pl\/de\/wp-json\/wp\/v2\/media?parent=16364"}],"wp:term":[{"taxonomy":"product_brand","embeddable":true,"href":"https:\/\/gltestm.webology.pl\/de\/wp-json\/wp\/v2\/product_brand?post=16364"},{"taxonomy":"product_cat","embeddable":true,"href":"https:\/\/gltestm.webology.pl\/de\/wp-json\/wp\/v2\/product_cat?post=16364"},{"taxonomy":"product_tag","embeddable":true,"href":"https:\/\/gltestm.webology.pl\/de\/wp-json\/wp\/v2\/product_tag?post=16364"}],"curies":[{"name":"wp","href":"https:\/\/api.w.org\/{rel}","templated":true}]}}