{"id":16280,"date":"2026-03-18T22:03:30","date_gmt":"2026-03-18T21:03:30","guid":{"rendered":"https:\/\/gltestm.webology.pl\/produkt\/grofes-polierstifte-075x50\/"},"modified":"2026-03-22T21:46:50","modified_gmt":"2026-03-22T20:46:50","slug":"grofes-polierstifte-075x50","status":"publish","type":"product","link":"https:\/\/gltestm.webology.pl\/de\/produkt\/grofes-polierstifte-075x50\/","title":{"rendered":"GROFES Polierstifte 0,75&#215;50"},"content":{"rendered":"<p>Wir stellen seit 1982 Schneiderstifte her. Wir verf\u00fcgen \u00fcber einen eigenen Maschinenpark, der vom technischen Personal von Grofes entwickelt wurde. Unsere Nadeln werden von Kunden in ganz Europa gesch\u00e4tzt.<\/p>\n<p><span>Wussten Sie, dass wir bei der Herstellung von Glaskopfstiften bis zu 16 Arbeitsg\u00e4nge durchf\u00fchren? Angefangen vom Schneiden des Drahtes \u00fcber das Abschrecken, H\u00e4rten, Reinigen und Polieren bis hin zum Aufbringen der K\u00f6pfe. Das Glas, aus dem der Kopf gefertigt wird, wird auf Bestellung f\u00fcr uns hergestellt.<\/span><\/p>\n<p>Wenn Sie eine Schneidernadel aus unserer Verpackung nehmen, k\u00f6nnen Sie sicher sein, dass jedes St\u00fcck gut geschliffen ist und Sie es einfach benutzen k\u00f6nnen.<\/p>\n<p><strong>In der Packung befinden sich 50 Nadeln.<\/strong><\/p>\n","protected":false},"excerpt":{"rendered":"<p>Schneiderstifte aus geh\u00e4rtetem Stahl mit farbigen Glask\u00f6pfen, hergestellt aus Draht aus polnischen Stahlwerken.<\/p>\n","protected":false},"featured_media":14444,"comment_status":"open","ping_status":"closed","template":"","meta":[],"product_brand":[],"product_cat":[740],"product_tag":[],"class_list":{"0":"post-16280","1":"product","2":"type-product","3":"status-publish","4":"has-post-thumbnail","6":"product_cat-szpilki-agrafki-i-poduszeczki","8":"first","9":"instock","10":"taxable","11":"shipping-taxable","12":"purchasable","13":"product-type-simple"},"_links":{"self":[{"href":"https:\/\/gltestm.webology.pl\/de\/wp-json\/wp\/v2\/product\/16280","targetHints":{"allow":["GET"]}}],"collection":[{"href":"https:\/\/gltestm.webology.pl\/de\/wp-json\/wp\/v2\/product"}],"about":[{"href":"https:\/\/gltestm.webology.pl\/de\/wp-json\/wp\/v2\/types\/product"}],"replies":[{"embeddable":true,"href":"https:\/\/gltestm.webology.pl\/de\/wp-json\/wp\/v2\/comments?post=16280"}],"version-history":[{"count":0,"href":"https:\/\/gltestm.webology.pl\/de\/wp-json\/wp\/v2\/product\/16280\/revisions"}],"wp:featuredmedia":[{"embeddable":true,"href":"https:\/\/gltestm.webology.pl\/de\/wp-json\/wp\/v2\/media\/14444"}],"wp:attachment":[{"href":"https:\/\/gltestm.webology.pl\/de\/wp-json\/wp\/v2\/media?parent=16280"}],"wp:term":[{"taxonomy":"product_brand","embeddable":true,"href":"https:\/\/gltestm.webology.pl\/de\/wp-json\/wp\/v2\/product_brand?post=16280"},{"taxonomy":"product_cat","embeddable":true,"href":"https:\/\/gltestm.webology.pl\/de\/wp-json\/wp\/v2\/product_cat?post=16280"},{"taxonomy":"product_tag","embeddable":true,"href":"https:\/\/gltestm.webology.pl\/de\/wp-json\/wp\/v2\/product_tag?post=16280"}],"curies":[{"name":"wp","href":"https:\/\/api.w.org\/{rel}","templated":true}]}}