{"id":16276,"date":"2026-03-18T22:03:30","date_gmt":"2026-03-18T21:03:30","guid":{"rendered":"https:\/\/gltestm.webology.pl\/produkt\/grofes-polierstifte-065x44\/"},"modified":"2026-03-22T21:46:46","modified_gmt":"2026-03-22T20:46:46","slug":"grofes-polierstifte-065x44","status":"publish","type":"product","link":"https:\/\/gltestm.webology.pl\/de\/produkt\/grofes-polierstifte-065x44\/","title":{"rendered":"GROFES Polierstifte 0,65&#215;44"},"content":{"rendered":"<p><strong>Grofes<\/strong> stellt seit 1982 Schneiderstifte her. Das Unternehmen verf\u00fcgt \u00fcber einen eigenen Maschinenpark, der von seinem technischen Personal entwickelt wurde. Die Nadeln werden von Kunden in ganz Europa gesch\u00e4tzt.<\/p>\n<p><span>Wussten Sie, dass bei der Herstellung von Glaskopfstiften bis zu 16 Arbeitsg\u00e4nge durchgef\u00fchrt werden? Angefangen vom Schneiden des Drahtes \u00fcber das Abschrecken, H\u00e4rten, Reinigen und Polieren bis hin zum Aufbringen der K\u00f6pfe. Das Glas, aus dem der Kopf gefertigt wird, wird auf Bestellung hergestellt.<\/span><\/p>\n<p>Gr\u00f6\u00dfe der Stifte: 0,65&#215;44<\/p>\n<p><strong>Die Packung enth\u00e4lt etwa 100 Stifte<\/strong><\/p>\n","protected":false},"excerpt":{"rendered":"<p>N\u00e4hnadeln aus geh\u00e4rtetem Stahl mit farbigen Glask\u00f6pfen, hergestellt aus Draht aus polnischen Stahlwerken. Gr\u00f6\u00dfe 0,65&#215;44<\/p>\n","protected":false},"featured_media":14444,"comment_status":"open","ping_status":"closed","template":"","meta":[],"product_brand":[],"product_cat":[740],"product_tag":[],"class_list":{"0":"post-16276","1":"product","2":"type-product","3":"status-publish","4":"has-post-thumbnail","6":"product_cat-szpilki-agrafki-i-poduszeczki","8":"first","9":"instock","10":"taxable","11":"shipping-taxable","12":"purchasable","13":"product-type-simple"},"_links":{"self":[{"href":"https:\/\/gltestm.webology.pl\/de\/wp-json\/wp\/v2\/product\/16276","targetHints":{"allow":["GET"]}}],"collection":[{"href":"https:\/\/gltestm.webology.pl\/de\/wp-json\/wp\/v2\/product"}],"about":[{"href":"https:\/\/gltestm.webology.pl\/de\/wp-json\/wp\/v2\/types\/product"}],"replies":[{"embeddable":true,"href":"https:\/\/gltestm.webology.pl\/de\/wp-json\/wp\/v2\/comments?post=16276"}],"version-history":[{"count":0,"href":"https:\/\/gltestm.webology.pl\/de\/wp-json\/wp\/v2\/product\/16276\/revisions"}],"wp:featuredmedia":[{"embeddable":true,"href":"https:\/\/gltestm.webology.pl\/de\/wp-json\/wp\/v2\/media\/14444"}],"wp:attachment":[{"href":"https:\/\/gltestm.webology.pl\/de\/wp-json\/wp\/v2\/media?parent=16276"}],"wp:term":[{"taxonomy":"product_brand","embeddable":true,"href":"https:\/\/gltestm.webology.pl\/de\/wp-json\/wp\/v2\/product_brand?post=16276"},{"taxonomy":"product_cat","embeddable":true,"href":"https:\/\/gltestm.webology.pl\/de\/wp-json\/wp\/v2\/product_cat?post=16276"},{"taxonomy":"product_tag","embeddable":true,"href":"https:\/\/gltestm.webology.pl\/de\/wp-json\/wp\/v2\/product_tag?post=16276"}],"curies":[{"name":"wp","href":"https:\/\/api.w.org\/{rel}","templated":true}]}}