{"id":16240,"date":"2026-03-18T22:03:28","date_gmt":"2026-03-18T21:03:28","guid":{"rendered":"https:\/\/gltestm.webology.pl\/produkt\/metallpinzette-15-cm\/"},"modified":"2026-03-22T21:46:24","modified_gmt":"2026-03-22T20:46:24","slug":"metallpinzette-15-cm","status":"publish","type":"product","link":"https:\/\/gltestm.webology.pl\/de\/produkt\/metallpinzette-15-cm\/","title":{"rendered":"Metallpinzette 15 cm"},"content":{"rendered":"<h2>Leichteres Einf\u00e4deln von Overlocks<\/h2>\n<p>Eine Pinzette ist beim Einf\u00e4deln von Overlocks unverzichtbar. Sie wird uns das Einf\u00e4deln auf jeden Fall erleichtern. Sie kann auch beim Einf\u00e4deln von N\u00e4hmaschinen verwendet werden, insbesondere beim Einf\u00e4deln des Fadens auf der Nadel, wenn die Maschine keinen automatischen Einf\u00e4dler hat. Wir k\u00f6nnen die Metallpinzette f\u00fcr die Arbeit mit Stoffen und zum Herausziehen von F\u00e4den sowie f\u00fcr die Quilling-Technik verwenden.<\/p>\n<h2>Design und Gr\u00f6\u00dfe<\/h2>\n<p>Die gebogene Klinge erleichtert das Herausziehen und Einf\u00e4deln von F\u00e4den auf Nadeln in Maschinen und Overlockern.<\/p>\n<p>Die scharfe Spitze erleichtert das Erfassen und Festhalten selbst kleinster Stoffst\u00fccke.<\/p>\n<p>Die geriffelte Oberfl\u00e4che der Pinzette erleichtert das Halten in der Hand.<\/p>\n<p>Die Pinzette hat eine L\u00e4nge von 15 cm.<\/p>\n","protected":false},"excerpt":{"rendered":"<p>Metallpinzette zum einfachen Einf\u00e4deln von Overlocks und N\u00e4hmaschinen.<\/p>\n","protected":false},"featured_media":15880,"comment_status":"open","ping_status":"closed","template":"","meta":[],"product_brand":[],"product_cat":[775],"product_tag":[],"class_list":{"0":"post-16240","1":"product","2":"type-product","3":"status-publish","4":"has-post-thumbnail","6":"product_cat-inne-narzedzia-i-akcesoria","8":"first","9":"instock","10":"taxable","11":"shipping-taxable","12":"purchasable","13":"product-type-simple"},"_links":{"self":[{"href":"https:\/\/gltestm.webology.pl\/de\/wp-json\/wp\/v2\/product\/16240","targetHints":{"allow":["GET"]}}],"collection":[{"href":"https:\/\/gltestm.webology.pl\/de\/wp-json\/wp\/v2\/product"}],"about":[{"href":"https:\/\/gltestm.webology.pl\/de\/wp-json\/wp\/v2\/types\/product"}],"replies":[{"embeddable":true,"href":"https:\/\/gltestm.webology.pl\/de\/wp-json\/wp\/v2\/comments?post=16240"}],"version-history":[{"count":0,"href":"https:\/\/gltestm.webology.pl\/de\/wp-json\/wp\/v2\/product\/16240\/revisions"}],"wp:featuredmedia":[{"embeddable":true,"href":"https:\/\/gltestm.webology.pl\/de\/wp-json\/wp\/v2\/media\/15880"}],"wp:attachment":[{"href":"https:\/\/gltestm.webology.pl\/de\/wp-json\/wp\/v2\/media?parent=16240"}],"wp:term":[{"taxonomy":"product_brand","embeddable":true,"href":"https:\/\/gltestm.webology.pl\/de\/wp-json\/wp\/v2\/product_brand?post=16240"},{"taxonomy":"product_cat","embeddable":true,"href":"https:\/\/gltestm.webology.pl\/de\/wp-json\/wp\/v2\/product_cat?post=16240"},{"taxonomy":"product_tag","embeddable":true,"href":"https:\/\/gltestm.webology.pl\/de\/wp-json\/wp\/v2\/product_tag?post=16240"}],"curies":[{"name":"wp","href":"https:\/\/api.w.org\/{rel}","templated":true}]}}