{"id":16212,"date":"2026-03-18T22:03:27","date_gmt":"2026-03-18T21:03:27","guid":{"rendered":"https:\/\/gltestm.webology.pl\/produkt\/stickereistoff-kanava-weiss-20x30-cm-40-oesen\/"},"modified":"2026-03-22T21:46:20","modified_gmt":"2026-03-22T20:46:20","slug":"stickereistoff-kanava-weiss-20x30-cm-40-oesen","status":"publish","type":"product","link":"https:\/\/gltestm.webology.pl\/de\/produkt\/stickereistoff-kanava-weiss-20x30-cm-40-oesen\/","title":{"rendered":"Stickereistoff KANAVA wei\u00df 20&#215;30 cm 40 \u00d6sen"},"content":{"rendered":"<p><span><span><span><span>Eine Leinwand zum Sticken in einer idealen Gr\u00f6\u00dfe f\u00fcr Anf\u00e4nger. Eine gute Wahl f\u00fcr Schulen. Die Kinder erhalten ein perfekt abgemessenes St\u00fcck Leinwand und k\u00f6nnen mit Nadel und Baumwolle anfangen zu spielen.<\/span><\/span><\/span><\/span><\/p>\n<p><span><span><span><span><span><span><span>Das Set enth\u00e4lt wei\u00dfen Stickereistoff von<\/span><\/span><\/span><\/span><\/span><\/span><\/span><span><span><span><span><span><\/span><\/span><\/span><\/span><span><span><span><span><span><strong>20&#215;30 cm mit einer Maschendichte von 40 cm\/10 cm<\/strong><\/span><\/span><\/span><\/span><\/span><\/span><\/p>\n<p><strong><span><span><span>Der Stoff kann um ca. 5% einlaufen, daher empfehlen wir, ihn vor dem N\u00e4hen einzulaufen (durch Waschen oder B\u00fcgeln mit einem Dampfb\u00fcgeleisen).<\/span><\/span><\/span><\/strong><\/p>\n","protected":false},"excerpt":{"rendered":"<p>Eine Leinwand zum Sticken in einer idealen Gr\u00f6\u00dfe f\u00fcr Anf\u00e4nger.<\/p>\n","protected":false},"featured_media":13022,"comment_status":"open","ping_status":"closed","template":"","meta":[],"product_brand":[],"product_cat":[365],"product_tag":[],"class_list":{"0":"post-16212","1":"product","2":"type-product","3":"status-publish","4":"has-post-thumbnail","6":"product_cat-tkaniny","8":"first","9":"instock","10":"taxable","11":"shipping-taxable","12":"purchasable","13":"product-type-simple"},"_links":{"self":[{"href":"https:\/\/gltestm.webology.pl\/de\/wp-json\/wp\/v2\/product\/16212","targetHints":{"allow":["GET"]}}],"collection":[{"href":"https:\/\/gltestm.webology.pl\/de\/wp-json\/wp\/v2\/product"}],"about":[{"href":"https:\/\/gltestm.webology.pl\/de\/wp-json\/wp\/v2\/types\/product"}],"replies":[{"embeddable":true,"href":"https:\/\/gltestm.webology.pl\/de\/wp-json\/wp\/v2\/comments?post=16212"}],"version-history":[{"count":0,"href":"https:\/\/gltestm.webology.pl\/de\/wp-json\/wp\/v2\/product\/16212\/revisions"}],"wp:featuredmedia":[{"embeddable":true,"href":"https:\/\/gltestm.webology.pl\/de\/wp-json\/wp\/v2\/media\/13022"}],"wp:attachment":[{"href":"https:\/\/gltestm.webology.pl\/de\/wp-json\/wp\/v2\/media?parent=16212"}],"wp:term":[{"taxonomy":"product_brand","embeddable":true,"href":"https:\/\/gltestm.webology.pl\/de\/wp-json\/wp\/v2\/product_brand?post=16212"},{"taxonomy":"product_cat","embeddable":true,"href":"https:\/\/gltestm.webology.pl\/de\/wp-json\/wp\/v2\/product_cat?post=16212"},{"taxonomy":"product_tag","embeddable":true,"href":"https:\/\/gltestm.webology.pl\/de\/wp-json\/wp\/v2\/product_tag?post=16212"}],"curies":[{"name":"wp","href":"https:\/\/api.w.org\/{rel}","templated":true}]}}