{"id":16204,"date":"2026-03-18T22:03:26","date_gmt":"2026-03-18T21:03:26","guid":{"rendered":"https:\/\/gltestm.webology.pl\/produkt\/stoffkleber-50ml\/"},"modified":"2026-03-22T21:46:19","modified_gmt":"2026-03-22T20:46:19","slug":"stoffkleber-50ml","status":"publish","type":"product","link":"https:\/\/gltestm.webology.pl\/de\/produkt\/stoffkleber-50ml\/","title":{"rendered":"Stoffkleber 50ml"},"content":{"rendered":"<p><strong>Anwendung: Die zu klebenden Fl\u00e4chen m\u00fcssen sauber und trocken sein. Streichen Sie beide Seiten mit einer d\u00fcnnen Schicht Kleber ein. Bei empfindlichen Stoffen sollte der Kleber sparsam verwendet werden, damit er nicht auf die andere Seite durchdringt. Lassen Sie das L\u00f6sungsmittel einige Sekunden verdunsten und f\u00fcgen Sie dann die beiden Klebestellen fest zusammen. Dr\u00fccken Sie die Klebestelle mit der Handfl\u00e4che an, um die Haltbarkeit der Verbindung zu erh\u00f6hen. \u00dcbersch\u00fcssigen Kleber sofort mit Wasser abwischen. Der ausgeh\u00e4rtete Kleber kann mit Benzin entfernt werden. Lagern Sie den Kleber an einem k\u00fchlen Ort, setzen Sie ihn nicht dem Frost aus. <\/strong><\/p>\n<p>Textilkleber ist in feuchtem Zustand wei\u00df, wird aber nach dem Trocknen transparent und ist in einer d\u00fcnnen Schicht fast unsichtbar. Tragen Sie eine d\u00fcnne Schicht Kleber auf den Stoff auf, falten Sie die Klebefl\u00e4chen zusammen und lassen Sie sie <strong>30 Minuten lang<\/strong> trocknen. Testen Sie immer an einem kleinen St\u00fcck Stoff, vor allem, wenn Sie einen d\u00fcnnen, transparenten oder wei\u00dfen Stoff kleben.<strong> Sie k\u00f6nnen den geklebten Stoff waschen, er bleibt elastisch und h\u00e4rtet nicht aus.<\/strong> Der Kleber eignet sich zum Aufkleben von <strong>Steinchen und Pailletten auf alle Arten von Stoffen.<\/strong><\/p>\n","protected":false},"excerpt":{"rendered":"<p>Gewebekleber, 50 ml Inhalt.<\/p>\n","protected":false},"featured_media":15054,"comment_status":"open","ping_status":"closed","template":"","meta":[],"product_brand":[],"product_cat":[775],"product_tag":[],"class_list":{"0":"post-16204","1":"product","2":"type-product","3":"status-publish","4":"has-post-thumbnail","6":"product_cat-inne-narzedzia-i-akcesoria","8":"first","9":"instock","10":"taxable","11":"shipping-taxable","12":"purchasable","13":"product-type-simple"},"_links":{"self":[{"href":"https:\/\/gltestm.webology.pl\/de\/wp-json\/wp\/v2\/product\/16204","targetHints":{"allow":["GET"]}}],"collection":[{"href":"https:\/\/gltestm.webology.pl\/de\/wp-json\/wp\/v2\/product"}],"about":[{"href":"https:\/\/gltestm.webology.pl\/de\/wp-json\/wp\/v2\/types\/product"}],"replies":[{"embeddable":true,"href":"https:\/\/gltestm.webology.pl\/de\/wp-json\/wp\/v2\/comments?post=16204"}],"version-history":[{"count":0,"href":"https:\/\/gltestm.webology.pl\/de\/wp-json\/wp\/v2\/product\/16204\/revisions"}],"wp:featuredmedia":[{"embeddable":true,"href":"https:\/\/gltestm.webology.pl\/de\/wp-json\/wp\/v2\/media\/15054"}],"wp:attachment":[{"href":"https:\/\/gltestm.webology.pl\/de\/wp-json\/wp\/v2\/media?parent=16204"}],"wp:term":[{"taxonomy":"product_brand","embeddable":true,"href":"https:\/\/gltestm.webology.pl\/de\/wp-json\/wp\/v2\/product_brand?post=16204"},{"taxonomy":"product_cat","embeddable":true,"href":"https:\/\/gltestm.webology.pl\/de\/wp-json\/wp\/v2\/product_cat?post=16204"},{"taxonomy":"product_tag","embeddable":true,"href":"https:\/\/gltestm.webology.pl\/de\/wp-json\/wp\/v2\/product_tag?post=16204"}],"curies":[{"name":"wp","href":"https:\/\/api.w.org\/{rel}","templated":true}]}}