{"id":16200,"date":"2026-03-18T22:03:26","date_gmt":"2026-03-18T21:03:26","guid":{"rendered":"https:\/\/gltestm.webology.pl\/produkt\/temporaerer-spruehkleber-fuer-gewebe\/"},"modified":"2026-03-22T21:46:14","modified_gmt":"2026-03-22T20:46:14","slug":"temporaerer-spruehkleber-fuer-gewebe","status":"publish","type":"product","link":"https:\/\/gltestm.webology.pl\/de\/produkt\/temporaerer-spruehkleber-fuer-gewebe\/","title":{"rendered":"Tempor\u00e4rer Spr\u00fchkleber f\u00fcr Gewebe"},"content":{"rendered":"<p>Der tempor\u00e4re Klebstoff f\u00fcr Textilien erleichtert und beschleunigt Ihre N\u00e4harbeit. Sie verwenden ihn <strong>zum Befestigen von Schablonen, Zuschnitten, Vlies, Applikationen<\/strong> oder einfach zwei Stofflagen &#8211;<strong> ohne Stecknadeln oder Befestigung<\/strong>. Er ist unverzichtbar beim N\u00e4hen <strong>mit glatten Stoffen, die<\/strong> sich beim N\u00e4hen leicht l\u00f6sen.  <br \/>Er erleichtert das Anbringen von Einlagen und Kleber kann mehrfach verwendet werden, auch f\u00fcr Papier und Pappe, und l\u00e4sst sich leicht wieder entfernen. Der Kleber ist transparent, riecht nicht, hinterl\u00e4sst keine Flecken und l\u00e4sst sich leicht abwaschen. Er enth\u00e4lt keine S\u00e4uren und keine langfristigen Treibhausgase.<\/p>\n<p>Anwendung: Vor Gebrauch sch\u00fctteln. Tragen Sie den Kleber gleichm\u00e4\u00dfig auf eine Seite auf (vorzugsweise auf den Teil, den Sie befestigen wollen), und zwar aus einem Abstand von etwa 25 bis 30 cm. Den Rest des Klebers k\u00f6nnen Sie mit einem Tuch abwischen.<\/p>\n<ul>\n<li>Abmessungen:<strong>5x 23,5 cm<\/strong><\/li>\n<li>Inhalt:<strong> 300 ml<\/strong><\/li>\n<li><strong>EU-Produkt<\/strong><\/li>\n<\/ul>\n","protected":false},"excerpt":{"rendered":"<p>Mit ihm befestigen Sie Schablonen, Zuschnitte, Vlies, Applikationen oder einfach zwei Stofflagen &#8211; ohne Stecknadeln oder Befestigung. Er ist unersetzlich beim N\u00e4hen mit glatten Stoffen.<\/p>\n","protected":false},"featured_media":13896,"comment_status":"open","ping_status":"closed","template":"","meta":[],"product_brand":[],"product_cat":[775],"product_tag":[],"class_list":{"0":"post-16200","1":"product","2":"type-product","3":"status-publish","4":"has-post-thumbnail","6":"product_cat-inne-narzedzia-i-akcesoria","8":"first","9":"instock","10":"taxable","11":"shipping-taxable","12":"purchasable","13":"product-type-simple"},"_links":{"self":[{"href":"https:\/\/gltestm.webology.pl\/de\/wp-json\/wp\/v2\/product\/16200","targetHints":{"allow":["GET"]}}],"collection":[{"href":"https:\/\/gltestm.webology.pl\/de\/wp-json\/wp\/v2\/product"}],"about":[{"href":"https:\/\/gltestm.webology.pl\/de\/wp-json\/wp\/v2\/types\/product"}],"replies":[{"embeddable":true,"href":"https:\/\/gltestm.webology.pl\/de\/wp-json\/wp\/v2\/comments?post=16200"}],"version-history":[{"count":0,"href":"https:\/\/gltestm.webology.pl\/de\/wp-json\/wp\/v2\/product\/16200\/revisions"}],"wp:featuredmedia":[{"embeddable":true,"href":"https:\/\/gltestm.webology.pl\/de\/wp-json\/wp\/v2\/media\/13896"}],"wp:attachment":[{"href":"https:\/\/gltestm.webology.pl\/de\/wp-json\/wp\/v2\/media?parent=16200"}],"wp:term":[{"taxonomy":"product_brand","embeddable":true,"href":"https:\/\/gltestm.webology.pl\/de\/wp-json\/wp\/v2\/product_brand?post=16200"},{"taxonomy":"product_cat","embeddable":true,"href":"https:\/\/gltestm.webology.pl\/de\/wp-json\/wp\/v2\/product_cat?post=16200"},{"taxonomy":"product_tag","embeddable":true,"href":"https:\/\/gltestm.webology.pl\/de\/wp-json\/wp\/v2\/product_tag?post=16200"}],"curies":[{"name":"wp","href":"https:\/\/api.w.org\/{rel}","templated":true}]}}