{"id":16196,"date":"2026-03-18T22:03:26","date_gmt":"2026-03-18T21:03:26","guid":{"rendered":"https:\/\/gltestm.webology.pl\/produkt\/schneiderseife-gross\/"},"modified":"2026-03-22T21:46:11","modified_gmt":"2026-03-22T20:46:11","slug":"schneiderseife-gross","status":"publish","type":"product","link":"https:\/\/gltestm.webology.pl\/de\/produkt\/schneiderseife-gross\/","title":{"rendered":"Schneiderseife gro\u00df"},"content":{"rendered":"<h2><strong>Anwendung des Schneidermarkers<\/strong><\/h2>\n<p>Die Schneiderseife ist ein unverzichtbarer Helfer bei der Erstellung von Entw\u00fcrfen und Zuschnitten. Dank ihr k\u00f6nnen wir Schneiderkorrekturen auf den Stoff auftragen und die Zuschnitte auf den Stoffen einkreiden.<\/p>\n<h2><strong>Abmessungen der Seife<\/strong><\/h2>\n<p>Es handelt sich um einen flachen, rechteckigen W\u00fcrfel mit den Abmessungen von etwa 6 x 3,7 cm. Die l\u00e4ngeren Seiten sind angespitzt, was das Auftragen d\u00fcnner, klarer Linien auf dem Stoff erleichtert.<\/p>\n<p>Die Sichtbarkeit der Seifenmarkierung h\u00e4ngt von der Farbe des Stoffes ab, sie hinterl\u00e4sst eine klare Kontur.<\/p>\n<p>Seifenstriche lassen sich leicht mit Wasser oder Dampf von der Oberfl\u00e4che entfernen.<\/p>\n<p><span>Wir empfehlen, vorher einen Test auf einem St\u00fcck gebrauchten Stoffes durchzuf\u00fchren.<\/span><\/p>\n<p>Schneidermarker sind ein empfindliches Produkt, das trotz sorgf\u00e4ltiger Verpackung beim Transport besch\u00e4digt werden kann. Ein solches Produkt ist auch f\u00fcr den Gebrauch geeignet.<\/p>\n","protected":false},"excerpt":{"rendered":"<p>Eine gro\u00dfe Schneiderseife in einer hellen Farbe.<\/p>\n","protected":false},"featured_media":14719,"comment_status":"open","ping_status":"closed","template":"","meta":[],"product_brand":[],"product_cat":[745],"product_tag":[],"class_list":{"0":"post-16196","1":"product","2":"type-product","3":"status-publish","4":"has-post-thumbnail","6":"product_cat-mydelka-krawieckie-i-ich-zamienniki","8":"first","9":"instock","10":"taxable","11":"shipping-taxable","12":"purchasable","13":"product-type-simple"},"_links":{"self":[{"href":"https:\/\/gltestm.webology.pl\/de\/wp-json\/wp\/v2\/product\/16196","targetHints":{"allow":["GET"]}}],"collection":[{"href":"https:\/\/gltestm.webology.pl\/de\/wp-json\/wp\/v2\/product"}],"about":[{"href":"https:\/\/gltestm.webology.pl\/de\/wp-json\/wp\/v2\/types\/product"}],"replies":[{"embeddable":true,"href":"https:\/\/gltestm.webology.pl\/de\/wp-json\/wp\/v2\/comments?post=16196"}],"version-history":[{"count":0,"href":"https:\/\/gltestm.webology.pl\/de\/wp-json\/wp\/v2\/product\/16196\/revisions"}],"wp:featuredmedia":[{"embeddable":true,"href":"https:\/\/gltestm.webology.pl\/de\/wp-json\/wp\/v2\/media\/14719"}],"wp:attachment":[{"href":"https:\/\/gltestm.webology.pl\/de\/wp-json\/wp\/v2\/media?parent=16196"}],"wp:term":[{"taxonomy":"product_brand","embeddable":true,"href":"https:\/\/gltestm.webology.pl\/de\/wp-json\/wp\/v2\/product_brand?post=16196"},{"taxonomy":"product_cat","embeddable":true,"href":"https:\/\/gltestm.webology.pl\/de\/wp-json\/wp\/v2\/product_cat?post=16196"},{"taxonomy":"product_tag","embeddable":true,"href":"https:\/\/gltestm.webology.pl\/de\/wp-json\/wp\/v2\/product_tag?post=16196"}],"curies":[{"name":"wp","href":"https:\/\/api.w.org\/{rel}","templated":true}]}}