{"id":16192,"date":"2026-03-18T22:03:25","date_gmt":"2026-03-18T21:03:25","guid":{"rendered":"https:\/\/gltestm.webology.pl\/produkt\/verschwindender-stoffmarker-doppelseitig\/"},"modified":"2026-03-22T21:46:10","modified_gmt":"2026-03-22T20:46:10","slug":"verschwindender-stoffmarker-doppelseitig","status":"publish","type":"product","link":"https:\/\/gltestm.webology.pl\/de\/produkt\/verschwindender-stoffmarker-doppelseitig\/","title":{"rendered":"Verschwindender Stoffmarker doppelseitig"},"content":{"rendered":"<h2>Verschwindender Marker &#8211; wof\u00fcr wird er verwendet?<\/h2>\n<p>Der doppelseitige Marker wird zum Markieren von Linien auf Stoff, Papier, Holz und Kunststoff verwendet.<\/p>\n<p>Mit ihm k\u00f6nnen Sie die gestanzten Linien leicht auf den Stoff \u00fcbertragen. Er hat eine d\u00fcnne Spitze, mit der Sie pr\u00e4zise Linien markieren k\u00f6nnen.<\/p>\n<p>Der verschwindende Stift ist unentbehrlich f\u00fcr tempor\u00e4re Markierungen in N\u00e4hstuben, Stickereien, N\u00e4hateliers, Designstudios sowie bei der Erstellung von N\u00e4hprojekten zu Hause.<\/p>\n<h2>Zwei Spitzen<\/h2>\n<p>Schreibt auf Stoff, Papier, Holz, Kunststoff. Der Stift hat zwei d\u00fcnne Spitzen &#8211; eine<strong> in rosa <\/strong>(h\u00e4lt bis zu ca. 24 h) und die andere <strong>in lila<\/strong><strong> (<\/strong>h\u00e4lt bis zu ca. 48 h). Diese Zeit kann je nach Art des Materials und der Umgebungsbedingungen (Temperatur, Feuchtigkeit, Luftzirkulation) variieren.<\/p>\n<p>Testen Sie den doppelseitigen Marker vor der Verwendung auf dem Material.<\/p>\n","protected":false},"excerpt":{"rendered":"<p>Doppelseitiger Markierstift zum Markieren der Rohlinge auf dem Stoff, der rosa Teil verschwindet nach 24 Stunden, der violette Teil nach 48 Stunden.<\/p>\n","protected":false},"featured_media":14496,"comment_status":"open","ping_status":"closed","template":"","meta":[],"product_brand":[],"product_cat":[745],"product_tag":[],"class_list":{"0":"post-16192","1":"product","2":"type-product","3":"status-publish","4":"has-post-thumbnail","6":"product_cat-mydelka-krawieckie-i-ich-zamienniki","8":"first","9":"instock","10":"taxable","11":"shipping-taxable","12":"purchasable","13":"product-type-simple"},"_links":{"self":[{"href":"https:\/\/gltestm.webology.pl\/de\/wp-json\/wp\/v2\/product\/16192","targetHints":{"allow":["GET"]}}],"collection":[{"href":"https:\/\/gltestm.webology.pl\/de\/wp-json\/wp\/v2\/product"}],"about":[{"href":"https:\/\/gltestm.webology.pl\/de\/wp-json\/wp\/v2\/types\/product"}],"replies":[{"embeddable":true,"href":"https:\/\/gltestm.webology.pl\/de\/wp-json\/wp\/v2\/comments?post=16192"}],"version-history":[{"count":0,"href":"https:\/\/gltestm.webology.pl\/de\/wp-json\/wp\/v2\/product\/16192\/revisions"}],"wp:featuredmedia":[{"embeddable":true,"href":"https:\/\/gltestm.webology.pl\/de\/wp-json\/wp\/v2\/media\/14496"}],"wp:attachment":[{"href":"https:\/\/gltestm.webology.pl\/de\/wp-json\/wp\/v2\/media?parent=16192"}],"wp:term":[{"taxonomy":"product_brand","embeddable":true,"href":"https:\/\/gltestm.webology.pl\/de\/wp-json\/wp\/v2\/product_brand?post=16192"},{"taxonomy":"product_cat","embeddable":true,"href":"https:\/\/gltestm.webology.pl\/de\/wp-json\/wp\/v2\/product_cat?post=16192"},{"taxonomy":"product_tag","embeddable":true,"href":"https:\/\/gltestm.webology.pl\/de\/wp-json\/wp\/v2\/product_tag?post=16192"}],"curies":[{"name":"wp","href":"https:\/\/api.w.org\/{rel}","templated":true}]}}