{"id":16188,"date":"2026-03-18T22:03:25","date_gmt":"2026-03-18T21:03:25","guid":{"rendered":"https:\/\/gltestm.webology.pl\/produkt\/verschwindender-stoffmarker\/"},"modified":"2026-03-22T21:46:08","modified_gmt":"2026-03-22T20:46:08","slug":"verschwindender-stoffmarker","status":"publish","type":"product","link":"https:\/\/gltestm.webology.pl\/de\/produkt\/verschwindender-stoffmarker\/","title":{"rendered":"Verschwindender Stoffmarker"},"content":{"rendered":"<h2>Anwendung des verschwindenden Markers<\/h2>\n<p>Der Marker wird verwendet, um Linien auf Stoff, Papier, Holz und Kunststoff zu markieren.<\/p>\n<p>Mit ihm k\u00f6nnen Sie die Stanzung leicht auf den Stoff \u00fcbertragen. Er hat eine d\u00fcnne Spitze, mit der Sie pr\u00e4zise Linien markieren k\u00f6nnen.<\/p>\n<p>Der verschwindende Stift ist unentbehrlich f\u00fcr tempor\u00e4re Markierungen in N\u00e4hgesch\u00e4ften, Stickereien, N\u00e4hateliers, Designstudios sowie bei der Erstellung von N\u00e4hprojekten zu Hause. Er schreibt auf Stoff, Papier, Holz und Kunststoff. Die Feder ist rosafarben.<\/p>\n<h2>Entfernung der aufgetragenen Linien<\/h2>\n<p>Die Markierungen verschwinden nach etwa 24 Stunden. Diese Zeit kann je nach Art des Materials und der Umgebungsbedingungen (Temperatur, Feuchtigkeit, Luftzirkulation) variieren.<\/p>\n<p>Testen Sie den Marker vor der Verwendung auf dem Material.<\/p>\n","protected":false},"excerpt":{"rendered":"<p>Stift zum Markieren der Stanzung auf dem Stoff, verschwindet nach 24 Stunden.<\/p>\n","protected":false},"featured_media":14194,"comment_status":"open","ping_status":"closed","template":"","meta":[],"product_brand":[],"product_cat":[745],"product_tag":[],"class_list":{"0":"post-16188","1":"product","2":"type-product","3":"status-publish","4":"has-post-thumbnail","6":"product_cat-mydelka-krawieckie-i-ich-zamienniki","8":"first","9":"instock","10":"taxable","11":"shipping-taxable","12":"purchasable","13":"product-type-simple"},"_links":{"self":[{"href":"https:\/\/gltestm.webology.pl\/de\/wp-json\/wp\/v2\/product\/16188","targetHints":{"allow":["GET"]}}],"collection":[{"href":"https:\/\/gltestm.webology.pl\/de\/wp-json\/wp\/v2\/product"}],"about":[{"href":"https:\/\/gltestm.webology.pl\/de\/wp-json\/wp\/v2\/types\/product"}],"replies":[{"embeddable":true,"href":"https:\/\/gltestm.webology.pl\/de\/wp-json\/wp\/v2\/comments?post=16188"}],"version-history":[{"count":0,"href":"https:\/\/gltestm.webology.pl\/de\/wp-json\/wp\/v2\/product\/16188\/revisions"}],"wp:featuredmedia":[{"embeddable":true,"href":"https:\/\/gltestm.webology.pl\/de\/wp-json\/wp\/v2\/media\/14194"}],"wp:attachment":[{"href":"https:\/\/gltestm.webology.pl\/de\/wp-json\/wp\/v2\/media?parent=16188"}],"wp:term":[{"taxonomy":"product_brand","embeddable":true,"href":"https:\/\/gltestm.webology.pl\/de\/wp-json\/wp\/v2\/product_brand?post=16188"},{"taxonomy":"product_cat","embeddable":true,"href":"https:\/\/gltestm.webology.pl\/de\/wp-json\/wp\/v2\/product_cat?post=16188"},{"taxonomy":"product_tag","embeddable":true,"href":"https:\/\/gltestm.webology.pl\/de\/wp-json\/wp\/v2\/product_tag?post=16188"}],"curies":[{"name":"wp","href":"https:\/\/api.w.org\/{rel}","templated":true}]}}