{"id":16176,"date":"2026-03-18T22:03:24","date_gmt":"2026-03-18T21:03:24","guid":{"rendered":"https:\/\/gltestm.webology.pl\/produkt\/naehgarnset-medium\/"},"modified":"2026-03-22T21:46:02","modified_gmt":"2026-03-22T20:46:02","slug":"naehgarnset-medium","status":"publish","type":"product","link":"https:\/\/gltestm.webology.pl\/de\/produkt\/naehgarnset-medium\/","title":{"rendered":"N\u00e4hgarnset Medium"},"content":{"rendered":"<h2>Ein Set mit reichhaltigem N\u00e4hgarn &#8211; perfekt f\u00fcr Handarbeitsbegeisterte!<\/h2>\n<p>Wir stellen Ihnen unser Garnset vor, das bis zu<strong> 32 verschiedene Farben<\/strong> auf <strong>Papier<\/strong> und <strong>kleinen <\/strong> <strong>Kunststoffspulen<\/strong> enth\u00e4lt &#8211; insgesamt 64 St\u00fcck. Dieses Garnset ist ein <strong>unentbehrlicher<\/strong> <strong>Helfer<\/strong> f\u00fcr Ihr Zuhause, mit dem Sie <strong>Kleidung reparieren<\/strong> und <strong>kreative Projekte<\/strong> entwickeln k\u00f6nnen. Dank der gro\u00dfen Auswahl an Farben finden Sie immer den perfekten Faden f\u00fcr Ihre Bed\u00fcrfnisse.<\/p>\n<p>Unsere F\u00e4den eignen sich nicht nur zum<strong> Handn\u00e4hen<\/strong>, sondern auch zum <strong>Sticken<\/strong> und f\u00fcr andere Arten von <strong>Handarbeiten<\/strong>. Das Baumwoll-Polyester-Gemisch garantiert Langlebigkeit und Festigkeit, so dass Sie lange Freude an Ihren Arbeiten haben werden.<\/p>\n<p>Es ist jedoch zu beachten, dass F\u00e4den auf Papierspulen m\u00f6glicherweise nicht f\u00fcr das N\u00e4hen <strong>mit der Maschine<\/strong> geeignet sind. Die unregelm\u00e4\u00dfige Beschaffenheit der Papierspule kann dazu f\u00fchren, dass der Faden w\u00e4hrend des Maschinenbetriebs abrei\u00dft. Die Kunststoffspulen, die Sie in diesem Set finden, sind dagegen Standard-Unterfadenspulen f\u00fcr die meisten N\u00e4hmaschinen.<\/p>\n<p>Leider passen sie nicht auf \u00e4ltere Modelle oder Mini-Maschinen. Wir verwenden nur <strong>Metallspulen<\/strong>, die mit Mini-Maschinen kompatibel sind.<\/p>\n<h2>Unser Set enth\u00e4lt<\/h2>\n<ul>\n<li><strong>32 St\u00fcck verschiedenfarbige<\/strong> F\u00e4den, <strong>15 Meter<\/strong> lang, aus einem <strong>Baumwoll-Polyester-Gemisch<\/strong>,<\/li>\n<li><strong>32<\/strong> <strong>Kunststoff-Flachspulen<\/strong> f\u00fcr N\u00e4hmaschinen, <strong>15 Meter<\/strong> lang.<\/li>\n<\/ul>\n<p>Bitte beachten Sie, dass die Farben der F\u00e4den von Packung zu Packung variieren k\u00f6nnen, aber wir versichern Ihnen, dass jedes Set reich an verschiedenen und attraktiven Farben sein wird. Warten Sie nicht l\u00e4nger! Profitieren Sie von unserem einzigartigen N\u00e4hgarnset und lassen Sie Ihrer Kreativit\u00e4t freien Lauf. Bestellen Sie jetzt und beginnen Sie noch heute mit Ihren Handarbeitsabenteuern!<\/p>\n","protected":false},"excerpt":{"rendered":"<p>Ein Set mit verschiedenen N\u00e4hgarnen. Das Set enth\u00e4lt 64 Teile.<\/p>\n","protected":false},"featured_media":13537,"comment_status":"open","ping_status":"closed","template":"","meta":[],"product_brand":[],"product_cat":[765],"product_tag":[],"class_list":{"0":"post-16176","1":"product","2":"type-product","3":"status-publish","4":"has-post-thumbnail","6":"product_cat-przyborniki-i-zestawy-do-szycia","8":"first","9":"instock","10":"taxable","11":"shipping-taxable","12":"purchasable","13":"product-type-simple"},"_links":{"self":[{"href":"https:\/\/gltestm.webology.pl\/de\/wp-json\/wp\/v2\/product\/16176","targetHints":{"allow":["GET"]}}],"collection":[{"href":"https:\/\/gltestm.webology.pl\/de\/wp-json\/wp\/v2\/product"}],"about":[{"href":"https:\/\/gltestm.webology.pl\/de\/wp-json\/wp\/v2\/types\/product"}],"replies":[{"embeddable":true,"href":"https:\/\/gltestm.webology.pl\/de\/wp-json\/wp\/v2\/comments?post=16176"}],"version-history":[{"count":0,"href":"https:\/\/gltestm.webology.pl\/de\/wp-json\/wp\/v2\/product\/16176\/revisions"}],"wp:featuredmedia":[{"embeddable":true,"href":"https:\/\/gltestm.webology.pl\/de\/wp-json\/wp\/v2\/media\/13537"}],"wp:attachment":[{"href":"https:\/\/gltestm.webology.pl\/de\/wp-json\/wp\/v2\/media?parent=16176"}],"wp:term":[{"taxonomy":"product_brand","embeddable":true,"href":"https:\/\/gltestm.webology.pl\/de\/wp-json\/wp\/v2\/product_brand?post=16176"},{"taxonomy":"product_cat","embeddable":true,"href":"https:\/\/gltestm.webology.pl\/de\/wp-json\/wp\/v2\/product_cat?post=16176"},{"taxonomy":"product_tag","embeddable":true,"href":"https:\/\/gltestm.webology.pl\/de\/wp-json\/wp\/v2\/product_tag?post=16176"}],"curies":[{"name":"wp","href":"https:\/\/api.w.org\/{rel}","templated":true}]}}