{"id":16164,"date":"2026-03-18T22:03:23","date_gmt":"2026-03-18T21:03:23","guid":{"rendered":"https:\/\/gltestm.webology.pl\/produkt\/basic-naehset\/"},"modified":"2026-03-22T21:45:58","modified_gmt":"2026-03-22T20:45:58","slug":"basic-naehset","status":"publish","type":"product","link":"https:\/\/gltestm.webology.pl\/de\/produkt\/basic-naehset\/","title":{"rendered":"BASIC-N\u00e4hset"},"content":{"rendered":"<h2><strong>BASIC-Set &#8211; wozu ist es n\u00fctzlich?<\/strong><\/h2>\n<p>Das BASIC-Set ist ein Satz von Zubeh\u00f6rteilen, die Ihnen die Arbeit beim N\u00e4hen mit der Hand erleichtern werden. Einige davon, wie Nadeln, Metallspulen und ein Zentimeter, sind auch beim N\u00e4hen mit der Maschine sehr n\u00fctzlich.<\/p>\n<p>Dieses n\u00fctzliche Zubeh\u00f6r eignet sich nicht nur f\u00fcr N\u00e4hanf\u00e4nger, sondern ist auch in jedem Haushalt unentbehrlich, wenn man kurzfristig etwas n\u00e4hen oder reparieren muss.<\/p>\n<h2><strong>Inhalt des BASIC-Sets<\/strong><\/h2>\n<p>Das BASIC-Set besteht aus:<\/p>\n<ul>\n<li>21 Spulen Handn\u00e4hgarn, davon 16 auf TEXTUR Spulen und 5 auf PLASTIC Spulen<\/li>\n<li>16 Stk. Unterspulen aus METALL f\u00fcr Maschinen<\/li>\n<li>2 St\u00fcck Rosetten mit aufgespultem wei\u00dfem und schwarzem Garn zum Handn\u00e4hen (z.B. zum Ann\u00e4hen von Kn\u00f6pfen)<\/li>\n<li>mini-Schere<\/li>\n<li>10 St\u00fcck kleine Unterw\u00e4schekn\u00f6pfe (hell und schwarz)<\/li>\n<li>einf\u00e4dler f\u00fcr Garn<\/li>\n<li>fingerhut<\/li>\n<li>schneider-Zentimeter<\/li>\n<li>5 St\u00fcck Maschinennadeln f\u00fcr die Stoffst\u00e4rken: 70, 80 x 2pcs, 90 und 100.<\/li>\n<\/ul>\n<p>Thread Farben k\u00f6nnen von denen auf dem Foto gezeigt abweichen!<\/p>\n","protected":false},"excerpt":{"rendered":"<p>BASIC-Zubeh\u00f6rset f\u00fcr das N\u00e4hen mit der Hand, auch hilfreich f\u00fcr das N\u00e4hen an der Maschine.<\/p>\n","protected":false},"featured_media":14162,"comment_status":"open","ping_status":"closed","template":"","meta":[],"product_brand":[],"product_cat":[765],"product_tag":[],"class_list":{"0":"post-16164","1":"product","2":"type-product","3":"status-publish","4":"has-post-thumbnail","6":"product_cat-przyborniki-i-zestawy-do-szycia","8":"first","9":"instock","10":"taxable","11":"shipping-taxable","12":"purchasable","13":"product-type-simple"},"_links":{"self":[{"href":"https:\/\/gltestm.webology.pl\/de\/wp-json\/wp\/v2\/product\/16164","targetHints":{"allow":["GET"]}}],"collection":[{"href":"https:\/\/gltestm.webology.pl\/de\/wp-json\/wp\/v2\/product"}],"about":[{"href":"https:\/\/gltestm.webology.pl\/de\/wp-json\/wp\/v2\/types\/product"}],"replies":[{"embeddable":true,"href":"https:\/\/gltestm.webology.pl\/de\/wp-json\/wp\/v2\/comments?post=16164"}],"version-history":[{"count":0,"href":"https:\/\/gltestm.webology.pl\/de\/wp-json\/wp\/v2\/product\/16164\/revisions"}],"wp:featuredmedia":[{"embeddable":true,"href":"https:\/\/gltestm.webology.pl\/de\/wp-json\/wp\/v2\/media\/14162"}],"wp:attachment":[{"href":"https:\/\/gltestm.webology.pl\/de\/wp-json\/wp\/v2\/media?parent=16164"}],"wp:term":[{"taxonomy":"product_brand","embeddable":true,"href":"https:\/\/gltestm.webology.pl\/de\/wp-json\/wp\/v2\/product_brand?post=16164"},{"taxonomy":"product_cat","embeddable":true,"href":"https:\/\/gltestm.webology.pl\/de\/wp-json\/wp\/v2\/product_cat?post=16164"},{"taxonomy":"product_tag","embeddable":true,"href":"https:\/\/gltestm.webology.pl\/de\/wp-json\/wp\/v2\/product_tag?post=16164"}],"curies":[{"name":"wp","href":"https:\/\/api.w.org\/{rel}","templated":true}]}}