{"id":16156,"date":"2026-03-18T22:03:23","date_gmt":"2026-03-18T21:03:23","guid":{"rendered":"https:\/\/gltestm.webology.pl\/produkt\/universal-naehmaschinenkoffer\/"},"modified":"2026-03-22T21:45:55","modified_gmt":"2026-03-22T20:45:55","slug":"universal-naehmaschinenkoffer","status":"publish","type":"product","link":"https:\/\/gltestm.webology.pl\/de\/produkt\/universal-naehmaschinenkoffer\/","title":{"rendered":"Universal-N\u00e4hmaschinenkoffer"},"content":{"rendered":"<h2>Schutz und bequemer Transport Ihrer N\u00e4hmaschine<\/h2>\n<p>Suchen Sie nach einer M\u00f6glichkeit, Ihre <strong>N\u00e4hmaschine<\/strong> vor Wind und <strong>Wetter<\/strong> zu <strong>sch\u00fctzen<\/strong> und sie <strong>bequem<\/strong> von einem Ort zum anderen zu transportieren? Hier ist die L\u00f6sung f\u00fcr Sie! Jede N\u00e4hmaschine <strong>sollte ihren eigenen Koffer haben<\/strong>, der sie nicht nur vor <strong>Staub<\/strong> und <strong>Schmutz<\/strong> sch\u00fctzt, sondern auch den <strong>Transport<\/strong> und die Aufbewahrung im Schrank <strong>erleichtert<\/strong>.<\/p>\n<h2>Die wichtigsten Merkmale<\/h2>\n<ul>\n<li><strong>Schutz der<\/strong> N\u00e4hmaschine vor <strong>Staub<\/strong> und mechanischen <strong>Besch\u00e4digungen<\/strong> <\/li>\n<li><strong>Bequemer Transport<\/strong> dank stabiler Seiten, <strong>hartem Boden<\/strong> und leichtem Design<\/li>\n<li><strong>Drei gro\u00dfe<\/strong>, <strong>ger\u00e4umige<\/strong> <strong>Klettverschlusstaschen<\/strong> f\u00fcr Zubeh\u00f6r und praktische Utensilien<\/li>\n<li>Aus <strong>fleckenunempfindlichem<\/strong> Jacquard-Gewebe mit sch\u00f6nen silbrig-schwarzen Blumen<\/li>\n<li>Stilvolles Design<\/li>\n<li><strong>Bequeme Tragegriffe<\/strong><\/li>\n<li><strong>Wasserfeste<\/strong> Plakette auf der Vorderseite des Koffers mit Ihren Kontaktinformationen<\/li>\n<li>Abmessungen des<strong>Koffers<\/strong>: 42x25x33 cm<\/li>\n<\/ul>\n<h2>Praktische Taschen und robuste Konstruktion<\/h2>\n<p>Unser N\u00e4hmaschinenkoffer ist mit<strong> drei gro\u00dfen<\/strong>, ger\u00e4umigen <strong>Klettverschlusstaschen<\/strong> ausgestattet, in denen Sie alle <strong>ben\u00f6tigten<\/strong> <strong>Zubeh\u00f6rteile<\/strong> und <strong>Utensilien<\/strong> sicher verstauen k\u00f6nnen. Der harte Boden und die gepolsterten Seiten sch\u00fctzen Ihre Maschine vor Besch\u00e4digungen beim Transport.<\/p>\n<h2>Elegantes Design und leicht zu tragen<\/h2>\n<p>Unser Koffer aus <strong>schmutzabweisendem<\/strong> Jacquardmaterial mit sch\u00f6nen <strong>silbernen und schwarzen Blumen<\/strong> ist nicht nur funktional, sondern auch sehr stilvoll. Dank der praktischen Griffe und des <strong>geringen Gewichts<\/strong> l\u00e4sst sich die Maschine leicht von Ort zu Ort tragen.<\/p>\n<h2>Vergessen Sie Transportprobleme mit unserem Koffer<\/h2>\n<p>Machen Sie sich keine Gedanken mehr dar\u00fcber, wie Sie Ihre N\u00e4hmaschine <strong>sicher<\/strong> und <strong>bequem<\/strong> <strong>transportieren<\/strong> k\u00f6nnen. Unser N\u00e4hmaschinenkoffer ist die perfekte L\u00f6sung f\u00fcr Sie! Und dank der wasserdichten Plakette auf der Vorderseite des Koffers haben Sie Ihre Kontaktinformationen immer griffbereit, so dass Sie Ihre Maschine leicht wiederfinden k\u00f6nnen, falls sie unterwegs verloren geht.<\/p>\n","protected":false},"excerpt":{"rendered":"<p>Der Koffer sch\u00fctzt und erleichtert den Transport. Drei Taschen, harter Boden und gepolsterte Seiten. Hergestellt aus schmutzabweisendem Jacquard-Material in silber-schwarzer Blume. Bequeme Griffe und geringes Gewicht erm\u00f6glichen ein einfaches Tragen.<\/p>\n","protected":false},"featured_media":14311,"comment_status":"open","ping_status":"closed","template":"","meta":[],"product_brand":[],"product_cat":[540],"product_tag":[],"class_list":{"0":"post-16156","1":"product","2":"type-product","3":"status-publish","4":"has-post-thumbnail","6":"product_cat-pokrowce-i-walizki","8":"first","9":"instock","10":"taxable","11":"shipping-taxable","12":"purchasable","13":"product-type-simple"},"_links":{"self":[{"href":"https:\/\/gltestm.webology.pl\/de\/wp-json\/wp\/v2\/product\/16156","targetHints":{"allow":["GET"]}}],"collection":[{"href":"https:\/\/gltestm.webology.pl\/de\/wp-json\/wp\/v2\/product"}],"about":[{"href":"https:\/\/gltestm.webology.pl\/de\/wp-json\/wp\/v2\/types\/product"}],"replies":[{"embeddable":true,"href":"https:\/\/gltestm.webology.pl\/de\/wp-json\/wp\/v2\/comments?post=16156"}],"version-history":[{"count":0,"href":"https:\/\/gltestm.webology.pl\/de\/wp-json\/wp\/v2\/product\/16156\/revisions"}],"wp:featuredmedia":[{"embeddable":true,"href":"https:\/\/gltestm.webology.pl\/de\/wp-json\/wp\/v2\/media\/14311"}],"wp:attachment":[{"href":"https:\/\/gltestm.webology.pl\/de\/wp-json\/wp\/v2\/media?parent=16156"}],"wp:term":[{"taxonomy":"product_brand","embeddable":true,"href":"https:\/\/gltestm.webology.pl\/de\/wp-json\/wp\/v2\/product_brand?post=16156"},{"taxonomy":"product_cat","embeddable":true,"href":"https:\/\/gltestm.webology.pl\/de\/wp-json\/wp\/v2\/product_cat?post=16156"},{"taxonomy":"product_tag","embeddable":true,"href":"https:\/\/gltestm.webology.pl\/de\/wp-json\/wp\/v2\/product_tag?post=16156"}],"curies":[{"name":"wp","href":"https:\/\/api.w.org\/{rel}","templated":true}]}}