{"id":16152,"date":"2026-03-18T22:03:22","date_gmt":"2026-03-18T21:03:22","guid":{"rendered":"https:\/\/gltestm.webology.pl\/produkt\/led-lampe-fuer-naehmaschinen\/"},"modified":"2026-03-22T21:45:31","modified_gmt":"2026-03-22T20:45:31","slug":"led-lampe-fuer-naehmaschinen","status":"publish","type":"product","link":"https:\/\/gltestm.webology.pl\/de\/produkt\/led-lampe-fuer-naehmaschinen\/","title":{"rendered":"LED-Lampe f\u00fcr N\u00e4hmaschinen"},"content":{"rendered":"<p>LED-Lampe f\u00fcr N\u00e4hmaschine*<\/p>\n<p>Spezifikation:<\/p>\n<p>abmessung: 59 mm L x24 B mm<\/p>\n<p>spannung: 240 V<\/p>\n<p>leistung: 1 W<\/p>\n<p>80 Lm<\/p>\n<p>lebensdauer: bis zu 25000 h<\/p>\n<p>gewinde: E 14<\/p>\n<p>*Bitte \u00fcberpr\u00fcfen Sie die Abmessungen mit zuvor verwendeten Gl\u00fchbirnen.<\/p>\n","protected":false},"excerpt":{"rendered":"<p>LED-Lampe f\u00fcr N\u00e4hmaschinen<\/p>\n","protected":false},"featured_media":15627,"comment_status":"open","ping_status":"closed","template":"","meta":[],"product_brand":[],"product_cat":[495],"product_tag":[],"class_list":{"0":"post-16152","1":"product","2":"type-product","3":"status-publish","4":"has-post-thumbnail","6":"product_cat-zarowki-do-maszyn","8":"first","9":"instock","10":"taxable","11":"shipping-taxable","12":"purchasable","13":"product-type-simple"},"_links":{"self":[{"href":"https:\/\/gltestm.webology.pl\/de\/wp-json\/wp\/v2\/product\/16152","targetHints":{"allow":["GET"]}}],"collection":[{"href":"https:\/\/gltestm.webology.pl\/de\/wp-json\/wp\/v2\/product"}],"about":[{"href":"https:\/\/gltestm.webology.pl\/de\/wp-json\/wp\/v2\/types\/product"}],"replies":[{"embeddable":true,"href":"https:\/\/gltestm.webology.pl\/de\/wp-json\/wp\/v2\/comments?post=16152"}],"version-history":[{"count":0,"href":"https:\/\/gltestm.webology.pl\/de\/wp-json\/wp\/v2\/product\/16152\/revisions"}],"wp:featuredmedia":[{"embeddable":true,"href":"https:\/\/gltestm.webology.pl\/de\/wp-json\/wp\/v2\/media\/15627"}],"wp:attachment":[{"href":"https:\/\/gltestm.webology.pl\/de\/wp-json\/wp\/v2\/media?parent=16152"}],"wp:term":[{"taxonomy":"product_brand","embeddable":true,"href":"https:\/\/gltestm.webology.pl\/de\/wp-json\/wp\/v2\/product_brand?post=16152"},{"taxonomy":"product_cat","embeddable":true,"href":"https:\/\/gltestm.webology.pl\/de\/wp-json\/wp\/v2\/product_cat?post=16152"},{"taxonomy":"product_tag","embeddable":true,"href":"https:\/\/gltestm.webology.pl\/de\/wp-json\/wp\/v2\/product_tag?post=16152"}],"curies":[{"name":"wp","href":"https:\/\/api.w.org\/{rel}","templated":true}]}}