{"id":16148,"date":"2026-03-18T22:03:22","date_gmt":"2026-03-18T21:03:22","guid":{"rendered":"https:\/\/gltestm.webology.pl\/produkt\/einfaches-naehzeug\/"},"modified":"2026-03-22T21:07:37","modified_gmt":"2026-03-22T20:07:37","slug":"einfaches-naehzeug","status":"publish","type":"product","link":"https:\/\/gltestm.webology.pl\/de\/produkt\/einfaches-naehzeug\/","title":{"rendered":"Einfaches N\u00e4hzeug"},"content":{"rendered":"<h2><strong>Einfaches N\u00e4hset<\/strong><\/h2>\n<p><strong>Ein praktisches<\/strong> <strong>N\u00e4hset<\/strong>, das in jeder Situation n\u00fctzlich ist &#8211; zu Hause, bei der Arbeit und unterwegs! Leicht und funktionell &#8211; passt in Ihre Tasche oder Ihren Geldbeutel! Das Set enth\u00e4lt eine Grundausstattung, die f\u00fcr unerwartete Reparaturen n\u00fctzlich ist.<\/p>\n<h2>Inhalt des Sets<\/h2>\n<ul>\n<li>Schneider-Zentimeter 100 cm<\/li>\n<li>Verschiedenfarbige Handn\u00e4hgarne &#8211; 11 St.<\/li>\n<li>Scharfe Mini-Schere<\/li>\n<li>Fingerhut aus Plastik <\/li>\n<li>Einf\u00e4dler f\u00fcr Faden<\/li>\n<\/ul>\n","protected":false},"excerpt":{"rendered":"<p>SIMPLY Handn\u00e4hzubeh\u00f6r-Set. 15 Artikel, die f\u00fcr unerwartete Reparaturen notwendig sind.<\/p>\n","protected":false},"featured_media":14381,"comment_status":"open","ping_status":"closed","template":"","meta":[],"product_brand":[],"product_cat":[765],"product_tag":[],"class_list":{"0":"post-16148","1":"product","2":"type-product","3":"status-publish","4":"has-post-thumbnail","6":"product_cat-przyborniki-i-zestawy-do-szycia","8":"first","9":"instock","10":"taxable","11":"shipping-taxable","12":"purchasable","13":"product-type-simple"},"_links":{"self":[{"href":"https:\/\/gltestm.webology.pl\/de\/wp-json\/wp\/v2\/product\/16148","targetHints":{"allow":["GET"]}}],"collection":[{"href":"https:\/\/gltestm.webology.pl\/de\/wp-json\/wp\/v2\/product"}],"about":[{"href":"https:\/\/gltestm.webology.pl\/de\/wp-json\/wp\/v2\/types\/product"}],"replies":[{"embeddable":true,"href":"https:\/\/gltestm.webology.pl\/de\/wp-json\/wp\/v2\/comments?post=16148"}],"version-history":[{"count":0,"href":"https:\/\/gltestm.webology.pl\/de\/wp-json\/wp\/v2\/product\/16148\/revisions"}],"wp:featuredmedia":[{"embeddable":true,"href":"https:\/\/gltestm.webology.pl\/de\/wp-json\/wp\/v2\/media\/14381"}],"wp:attachment":[{"href":"https:\/\/gltestm.webology.pl\/de\/wp-json\/wp\/v2\/media?parent=16148"}],"wp:term":[{"taxonomy":"product_brand","embeddable":true,"href":"https:\/\/gltestm.webology.pl\/de\/wp-json\/wp\/v2\/product_brand?post=16148"},{"taxonomy":"product_cat","embeddable":true,"href":"https:\/\/gltestm.webology.pl\/de\/wp-json\/wp\/v2\/product_cat?post=16148"},{"taxonomy":"product_tag","embeddable":true,"href":"https:\/\/gltestm.webology.pl\/de\/wp-json\/wp\/v2\/product_tag?post=16148"}],"curies":[{"name":"wp","href":"https:\/\/api.w.org\/{rel}","templated":true}]}}