{"id":16144,"date":"2026-03-18T22:03:22","date_gmt":"2026-03-18T21:03:22","guid":{"rendered":"https:\/\/gltestm.webology.pl\/produkt\/gluehbirne-fuer-naehmaschinen-und-overlocks\/"},"modified":"2026-03-22T21:45:28","modified_gmt":"2026-03-22T20:45:28","slug":"gluehbirne-fuer-naehmaschinen-und-overlocks","status":"publish","type":"product","link":"https:\/\/gltestm.webology.pl\/de\/produkt\/gluehbirne-fuer-naehmaschinen-und-overlocks\/","title":{"rendered":"Gl\u00fchbirne f\u00fcr N\u00e4hmaschinen und Overlocks"},"content":{"rendered":"<p><strong><span><span><span>Die E14-N\u00e4hmaschinenlampe passt in Maschinen und Overlocks aus dem aktuellen Angebot.<\/span><\/span><\/span><\/strong><\/p>\n<p><strong><span><span><span>(ausgenommen elektronische und LED-Maschinen)<\/span><\/span><\/span><\/strong><\/p>\n<p><span><span><span><strong><span><span><span><span>Die Gl\u00fchbirne f\u00fcr N\u00e4hmaschinen ist ein Ersatzteil, das es Ihnen erm\u00f6glicht, Ihre Maschine richtig zu benutzen.<\/span><\/span><\/span><\/span><\/strong><\/span><\/span><\/span><\/p>\n<p><span><span><span><strong><span><span><span><span>Spezifikationen:<\/span><\/span><\/span><\/span><\/strong><\/span><\/span><\/span><\/p>\n<p><strong><span><span><span>gewinde: E14<\/span><\/span><\/span><\/strong><\/p>\n<p><strong><span><span><span>leistung: 15 W <br \/><\/span><\/span><\/span><\/strong><\/p>\n<p><span><span><span><strong><span><span><span><span>spannung: 230 V<\/span><\/span><\/span><\/span><\/strong><\/span><\/span><\/span><\/p>\n","protected":false},"excerpt":{"rendered":"<p>E14-Gl\u00fchbirne f\u00fcr N\u00e4hmaschinen und Overlocks<\/p>\n","protected":false},"featured_media":13128,"comment_status":"open","ping_status":"closed","template":"","meta":[],"product_brand":[],"product_cat":[495],"product_tag":[],"class_list":{"0":"post-16144","1":"product","2":"type-product","3":"status-publish","4":"has-post-thumbnail","6":"product_cat-zarowki-do-maszyn","8":"first","9":"instock","10":"taxable","11":"shipping-taxable","12":"purchasable","13":"product-type-simple"},"_links":{"self":[{"href":"https:\/\/gltestm.webology.pl\/de\/wp-json\/wp\/v2\/product\/16144","targetHints":{"allow":["GET"]}}],"collection":[{"href":"https:\/\/gltestm.webology.pl\/de\/wp-json\/wp\/v2\/product"}],"about":[{"href":"https:\/\/gltestm.webology.pl\/de\/wp-json\/wp\/v2\/types\/product"}],"replies":[{"embeddable":true,"href":"https:\/\/gltestm.webology.pl\/de\/wp-json\/wp\/v2\/comments?post=16144"}],"version-history":[{"count":0,"href":"https:\/\/gltestm.webology.pl\/de\/wp-json\/wp\/v2\/product\/16144\/revisions"}],"wp:featuredmedia":[{"embeddable":true,"href":"https:\/\/gltestm.webology.pl\/de\/wp-json\/wp\/v2\/media\/13128"}],"wp:attachment":[{"href":"https:\/\/gltestm.webology.pl\/de\/wp-json\/wp\/v2\/media?parent=16144"}],"wp:term":[{"taxonomy":"product_brand","embeddable":true,"href":"https:\/\/gltestm.webology.pl\/de\/wp-json\/wp\/v2\/product_brand?post=16144"},{"taxonomy":"product_cat","embeddable":true,"href":"https:\/\/gltestm.webology.pl\/de\/wp-json\/wp\/v2\/product_cat?post=16144"},{"taxonomy":"product_tag","embeddable":true,"href":"https:\/\/gltestm.webology.pl\/de\/wp-json\/wp\/v2\/product_tag?post=16144"}],"curies":[{"name":"wp","href":"https:\/\/api.w.org\/{rel}","templated":true}]}}