{"id":16140,"date":"2026-03-18T22:03:21","date_gmt":"2026-03-18T21:03:21","guid":{"rendered":"https:\/\/gltestm.webology.pl\/produkt\/big-box-naehzubehoer-set-zs-16\/"},"modified":"2026-03-22T21:45:28","modified_gmt":"2026-03-22T20:45:28","slug":"big-box-naehzubehoer-set-zs-16","status":"publish","type":"product","link":"https:\/\/gltestm.webology.pl\/de\/produkt\/big-box-naehzubehoer-set-zs-16\/","title":{"rendered":"Big Box-N\u00e4hzubeh\u00f6r-Set ZS-16"},"content":{"rendered":"<h2><strong>Was ist ein BIGBOX-Set?<\/strong><\/h2>\n<p>Das Big Box N\u00e4hset erm\u00f6glicht die praktische Aufbewahrung des gesamten N\u00e4hzubeh\u00f6rs, das Sie ben\u00f6tigen.<\/p>\n<p>Das Big Box Sewing Kit enth\u00e4lt drei Einschubebenen, in denen N\u00e4hzubeh\u00f6r und F\u00e4den f\u00fcr das N\u00e4hen mit der Maschine oder von Hand aufbewahrt werden k\u00f6nnen. Die Box ist mit einem Tragegriff ausgestattet.<\/p>\n<h2><strong>Bestandteile der Box<\/strong><\/h2>\n<p>Das Set enth\u00e4lt:<\/p>\n<ul>\n<li>mini-Schere,<\/li>\n<li>5 leere Maschinenspulen aus Kunststoff f\u00fcr das Untergarn,<\/li>\n<li>eine kleine Packung Stecknadeln mit farbigen Kunststoffk\u00f6pfen,<\/li>\n<li>ein 150 cm langes selbstaufrollendes N\u00e4hzenterimeter,<\/li>\n<li>einen Satz Handn\u00e4hnadeln,<\/li>\n<li>aufrei\u00dfer\/Schneider<\/li>\n<li>16 St\u00fcck 100% Polyestergarn in verschiedenen Farben von je 100 m<strong> L\u00e4nge <\/strong>.<\/li>\n<\/ul>\n","protected":false},"excerpt":{"rendered":"<p>Professionelles N\u00e4hzubeh\u00f6rset BIG BOX in einer praktischen Box<\/p>\n","protected":false},"featured_media":13744,"comment_status":"open","ping_status":"closed","template":"","meta":[],"product_brand":[],"product_cat":[765],"product_tag":[],"class_list":{"0":"post-16140","1":"product","2":"type-product","3":"status-publish","4":"has-post-thumbnail","6":"product_cat-przyborniki-i-zestawy-do-szycia","8":"first","9":"instock","10":"taxable","11":"shipping-taxable","12":"purchasable","13":"product-type-simple"},"_links":{"self":[{"href":"https:\/\/gltestm.webology.pl\/de\/wp-json\/wp\/v2\/product\/16140","targetHints":{"allow":["GET"]}}],"collection":[{"href":"https:\/\/gltestm.webology.pl\/de\/wp-json\/wp\/v2\/product"}],"about":[{"href":"https:\/\/gltestm.webology.pl\/de\/wp-json\/wp\/v2\/types\/product"}],"replies":[{"embeddable":true,"href":"https:\/\/gltestm.webology.pl\/de\/wp-json\/wp\/v2\/comments?post=16140"}],"version-history":[{"count":0,"href":"https:\/\/gltestm.webology.pl\/de\/wp-json\/wp\/v2\/product\/16140\/revisions"}],"wp:featuredmedia":[{"embeddable":true,"href":"https:\/\/gltestm.webology.pl\/de\/wp-json\/wp\/v2\/media\/13744"}],"wp:attachment":[{"href":"https:\/\/gltestm.webology.pl\/de\/wp-json\/wp\/v2\/media?parent=16140"}],"wp:term":[{"taxonomy":"product_brand","embeddable":true,"href":"https:\/\/gltestm.webology.pl\/de\/wp-json\/wp\/v2\/product_brand?post=16140"},{"taxonomy":"product_cat","embeddable":true,"href":"https:\/\/gltestm.webology.pl\/de\/wp-json\/wp\/v2\/product_cat?post=16140"},{"taxonomy":"product_tag","embeddable":true,"href":"https:\/\/gltestm.webology.pl\/de\/wp-json\/wp\/v2\/product_tag?post=16140"}],"curies":[{"name":"wp","href":"https:\/\/api.w.org\/{rel}","templated":true}]}}