{"id":16136,"date":"2026-03-18T22:03:21","date_gmt":"2026-03-18T21:03:21","guid":{"rendered":"https:\/\/gltestm.webology.pl\/produkt\/lucznik-overlocknadeln-5-stueck\/"},"modified":"2026-03-22T21:45:24","modified_gmt":"2026-03-22T20:45:24","slug":"lucznik-overlocknadeln-5-stueck","status":"publish","type":"product","link":"https:\/\/gltestm.webology.pl\/de\/produkt\/lucznik-overlocknadeln-5-stueck\/","title":{"rendered":"Lucznik Overlocknadeln 5 St\u00fcck."},"content":{"rendered":"<p>Lucznik S-2054 Nadeln mit <strong>einer d\u00fcnnen halben fl<\/strong> ask passen<strong> \u00e4ltere Modelle von Overlocks<\/strong> (sie passen nicht Overlocks aus Luczniks aktuellem Angebot). Das Set enth\u00e4lt 5 St\u00fcck Nadeln in der Gr\u00f6\u00dfe 90\/14.<\/p>\n<h2><strong>ACHTUNG<\/strong><strong>!<\/strong> <\/h2>\n<p>Verwenden Sie immer zwei gleiche Nadeln, wenn Sie mit einer Overlockmaschine n\u00e4hen. \u00dcberpr\u00fcfen Sie auch regelm\u00e4\u00dfig die Nadelspitze. Wenn Sie Verschlei\u00dferscheinungen feststellen, ersetzen Sie die Nadel durch eine neue. Der Zustand der Nadel wirkt sich auf die Qualit\u00e4t des Stichs aus, eine besch\u00e4digte Nadelspitze kann den gen\u00e4hten Stoff besch\u00e4digen. Nadeln sollten in ihrer Originalverpackung aufbewahrt werden, um Sch\u00e4den zu vermeiden.<\/p>\n","protected":false},"excerpt":{"rendered":"<p>Satz von 5 Nadeln S-2054 90\/14 mit d\u00fcnnem Kolben. Sie passen \u00e4ltere Modelle von Overlock-Maschinen<\/p>\n","protected":false},"featured_media":15311,"comment_status":"open","ping_status":"closed","template":"","meta":[],"product_brand":[],"product_cat":[520],"product_tag":[],"class_list":{"0":"post-16136","1":"product","2":"type-product","3":"status-publish","4":"has-post-thumbnail","6":"product_cat-igly-do-maszyn","8":"first","9":"instock","10":"taxable","11":"shipping-taxable","12":"purchasable","13":"product-type-simple"},"_links":{"self":[{"href":"https:\/\/gltestm.webology.pl\/de\/wp-json\/wp\/v2\/product\/16136","targetHints":{"allow":["GET"]}}],"collection":[{"href":"https:\/\/gltestm.webology.pl\/de\/wp-json\/wp\/v2\/product"}],"about":[{"href":"https:\/\/gltestm.webology.pl\/de\/wp-json\/wp\/v2\/types\/product"}],"replies":[{"embeddable":true,"href":"https:\/\/gltestm.webology.pl\/de\/wp-json\/wp\/v2\/comments?post=16136"}],"version-history":[{"count":0,"href":"https:\/\/gltestm.webology.pl\/de\/wp-json\/wp\/v2\/product\/16136\/revisions"}],"wp:featuredmedia":[{"embeddable":true,"href":"https:\/\/gltestm.webology.pl\/de\/wp-json\/wp\/v2\/media\/15311"}],"wp:attachment":[{"href":"https:\/\/gltestm.webology.pl\/de\/wp-json\/wp\/v2\/media?parent=16136"}],"wp:term":[{"taxonomy":"product_brand","embeddable":true,"href":"https:\/\/gltestm.webology.pl\/de\/wp-json\/wp\/v2\/product_brand?post=16136"},{"taxonomy":"product_cat","embeddable":true,"href":"https:\/\/gltestm.webology.pl\/de\/wp-json\/wp\/v2\/product_cat?post=16136"},{"taxonomy":"product_tag","embeddable":true,"href":"https:\/\/gltestm.webology.pl\/de\/wp-json\/wp\/v2\/product_tag?post=16136"}],"curies":[{"name":"wp","href":"https:\/\/api.w.org\/{rel}","templated":true}]}}