{"id":16132,"date":"2026-03-18T22:03:20","date_gmt":"2026-03-18T21:03:20","guid":{"rendered":"https:\/\/gltestm.webology.pl\/produkt\/bogenschuetzen-nadeln-dp5-90-100\/"},"modified":"2026-03-22T21:44:46","modified_gmt":"2026-03-22T20:44:46","slug":"bogenschuetzen-nadeln-dp5-90-100","status":"publish","type":"product","link":"https:\/\/gltestm.webology.pl\/de\/produkt\/bogenschuetzen-nadeln-dp5-90-100\/","title":{"rendered":"Bogensch\u00fctzen-Nadeln DP*5 (90, 100)"},"content":{"rendered":"<h2><strong>Lucznik DP*5 Nadelsatz (90, 100)<\/strong><\/h2>\n<p>Lucznik DP*5 Nadelset mit<strong> Rundkolben<\/strong>, passend f\u00fcr FN 2-8 und FN 2-5 Overlockmaschinen, bestehend aus:<\/p>\n<ul>\n<li>90\/14 &#8211; 3 St\u00fcck<\/li>\n<li>100\/16 &#8211; 2 St\u00fcck<\/li>\n<\/ul>\n<h2><strong>VERWENDEN SIE IMMER ZWEI GLEICHE NADELN, WENN SIE MIT EINER OVERLOCKMASCHINE N\u00c4HEN.<\/strong><\/h2>\n<p>Bei der Wahl der Nadelgr\u00f6\u00dfe gilt die einfache Regel, immer die kleinstm\u00f6gliche Gr\u00f6\u00dfe zu w\u00e4hlen, um das gen\u00e4hte Material nicht unn\u00f6tig zu perforieren. Man darf jedoch nicht vergessen, dass die Gr\u00f6\u00dfe der Nadel die Gr\u00f6\u00dfe der \u00d6se bestimmt, und die \u00d6se muss gro\u00df genug sein, damit sich der Faden frei bewegen kann.<\/p>\n<h2><strong>VERGESSEN!<\/strong><\/h2>\n<p>\u00dcberpr\u00fcfen Sie auch regelm\u00e4\u00dfig die Nadelspitze. Wenn Sie Anzeichen von Abnutzung feststellen, sollten Sie die Nadel durch eine neue ersetzen. Der Zustand der Nadel wirkt sich auf die Qualit\u00e4t des Stichs aus, eine besch\u00e4digte Nadelspitze kann den gen\u00e4hten Stoff besch\u00e4digen. Nadeln sollten in ihrer Originalverpackung aufbewahrt werden, um Besch\u00e4digungen zu vermeiden.<\/p>\n","protected":false},"excerpt":{"rendered":"<p>Nadelsatz auf Rundkolben 90\/14 &#8211; 3 St\u00fcck, 100\/16 2 St\u00fcck f\u00fcr Overlocker FN 2-8 und FN 2-5<\/p>\n","protected":false},"featured_media":14335,"comment_status":"open","ping_status":"closed","template":"","meta":[],"product_brand":[],"product_cat":[520],"product_tag":[],"class_list":{"0":"post-16132","1":"product","2":"type-product","3":"status-publish","4":"has-post-thumbnail","6":"product_cat-igly-do-maszyn","8":"first","9":"instock","10":"taxable","11":"shipping-taxable","12":"purchasable","13":"product-type-simple"},"_links":{"self":[{"href":"https:\/\/gltestm.webology.pl\/de\/wp-json\/wp\/v2\/product\/16132","targetHints":{"allow":["GET"]}}],"collection":[{"href":"https:\/\/gltestm.webology.pl\/de\/wp-json\/wp\/v2\/product"}],"about":[{"href":"https:\/\/gltestm.webology.pl\/de\/wp-json\/wp\/v2\/types\/product"}],"replies":[{"embeddable":true,"href":"https:\/\/gltestm.webology.pl\/de\/wp-json\/wp\/v2\/comments?post=16132"}],"version-history":[{"count":0,"href":"https:\/\/gltestm.webology.pl\/de\/wp-json\/wp\/v2\/product\/16132\/revisions"}],"wp:featuredmedia":[{"embeddable":true,"href":"https:\/\/gltestm.webology.pl\/de\/wp-json\/wp\/v2\/media\/14335"}],"wp:attachment":[{"href":"https:\/\/gltestm.webology.pl\/de\/wp-json\/wp\/v2\/media?parent=16132"}],"wp:term":[{"taxonomy":"product_brand","embeddable":true,"href":"https:\/\/gltestm.webology.pl\/de\/wp-json\/wp\/v2\/product_brand?post=16132"},{"taxonomy":"product_cat","embeddable":true,"href":"https:\/\/gltestm.webology.pl\/de\/wp-json\/wp\/v2\/product_cat?post=16132"},{"taxonomy":"product_tag","embeddable":true,"href":"https:\/\/gltestm.webology.pl\/de\/wp-json\/wp\/v2\/product_tag?post=16132"}],"curies":[{"name":"wp","href":"https:\/\/api.w.org\/{rel}","templated":true}]}}