{"id":16128,"date":"2026-03-18T22:03:20","date_gmt":"2026-03-18T21:03:20","guid":{"rendered":"https:\/\/gltestm.webology.pl\/produkt\/mineraloel-30ml\/"},"modified":"2026-03-22T21:44:37","modified_gmt":"2026-03-22T20:44:37","slug":"mineraloel-30ml","status":"publish","type":"product","link":"https:\/\/gltestm.webology.pl\/de\/produkt\/mineraloel-30ml\/","title":{"rendered":"Mineral\u00f6l 30ml"},"content":{"rendered":"<p><span><span><span><strong><span><span>Es ist ein reines Mineral\u00f6l, das zum \u00d6len der Mechanismen von N\u00e4hmaschinen aller Art geeignet ist. <\/span><\/span><\/strong><\/span><\/span><\/span><\/p>\n<p><span><span><span><strong><span><span>Verwendung bei Temperaturen bis zu 50\u00b0C.<br \/> Die Gr\u00f6\u00dfe der Flasche ist 50x100mm, die Spitze ist 2-5x25mm. <\/span><\/span><\/strong><\/span><\/span><\/span><\/p>\n<p><span><span><span><strong><span><span>Machen Sie vor dem Gebrauch ein Loch in die Flasche und verschlie\u00dfen Sie sie, um ein Auslaufen des \u00d6ls zu verhindern. <\/span><\/span><\/strong><\/span><\/span><\/span><\/p>\n","protected":false},"excerpt":{"rendered":"<p>Es ist ein reines Mineral\u00f6l, das zum \u00d6len der Mechanismen von N\u00e4hmaschinen aller Art geeignet ist. Verwendung bei Temperaturen bis zu 50\u00b0C<\/p>\n","protected":false},"featured_media":14547,"comment_status":"open","ping_status":"closed","template":"","meta":[],"product_brand":[],"product_cat":[535],"product_tag":[],"class_list":{"0":"post-16128","1":"product","2":"type-product","3":"status-publish","4":"has-post-thumbnail","6":"product_cat-oleje-do-maszyn","8":"first","9":"instock","10":"taxable","11":"shipping-taxable","12":"purchasable","13":"product-type-simple"},"_links":{"self":[{"href":"https:\/\/gltestm.webology.pl\/de\/wp-json\/wp\/v2\/product\/16128","targetHints":{"allow":["GET"]}}],"collection":[{"href":"https:\/\/gltestm.webology.pl\/de\/wp-json\/wp\/v2\/product"}],"about":[{"href":"https:\/\/gltestm.webology.pl\/de\/wp-json\/wp\/v2\/types\/product"}],"replies":[{"embeddable":true,"href":"https:\/\/gltestm.webology.pl\/de\/wp-json\/wp\/v2\/comments?post=16128"}],"version-history":[{"count":0,"href":"https:\/\/gltestm.webology.pl\/de\/wp-json\/wp\/v2\/product\/16128\/revisions"}],"wp:featuredmedia":[{"embeddable":true,"href":"https:\/\/gltestm.webology.pl\/de\/wp-json\/wp\/v2\/media\/14547"}],"wp:attachment":[{"href":"https:\/\/gltestm.webology.pl\/de\/wp-json\/wp\/v2\/media?parent=16128"}],"wp:term":[{"taxonomy":"product_brand","embeddable":true,"href":"https:\/\/gltestm.webology.pl\/de\/wp-json\/wp\/v2\/product_brand?post=16128"},{"taxonomy":"product_cat","embeddable":true,"href":"https:\/\/gltestm.webology.pl\/de\/wp-json\/wp\/v2\/product_cat?post=16128"},{"taxonomy":"product_tag","embeddable":true,"href":"https:\/\/gltestm.webology.pl\/de\/wp-json\/wp\/v2\/product_tag?post=16128"}],"curies":[{"name":"wp","href":"https:\/\/api.w.org\/{rel}","templated":true}]}}