{"id":16116,"date":"2026-03-18T22:03:19","date_gmt":"2026-03-18T21:03:19","guid":{"rendered":"https:\/\/gltestm.webology.pl\/produkt\/beissel-stretch-nadel-set-130-705-h-s-mix\/"},"modified":"2026-03-22T21:44:27","modified_gmt":"2026-03-22T20:44:27","slug":"beissel-stretch-nadel-set-130-705-h-s-mix","status":"publish","type":"product","link":"https:\/\/gltestm.webology.pl\/de\/produkt\/beissel-stretch-nadel-set-130-705-h-s-mix\/","title":{"rendered":"Beissel Stretch Nadel Set 130-705 H-S MIX"},"content":{"rendered":"<p><strong>Beissel Nadeln f\u00fcr Stretch 130-705 H-S MIX<\/strong><\/p>\n<p>Der Nadeltyp H-S \/SES\/- macht die Nadel sehr gut geeignet f\u00fcr schwer zu n\u00e4hende Maschenware \/Lycra und andere dichte, d\u00fcnne und stark elastische Maschenware\/, verbessert die Stichqualit\u00e4t, reduziert den Stichdurchgang und besch\u00e4digt empfindliche Materialien nicht.<\/p>\n<p>F\u00fcr Sehbehinderte konzipierte Nadeln haben eine spezielle Rille, die ein einfaches Einf\u00e4deln erm\u00f6glicht, auch wenn wir das Ohr nicht sehen k\u00f6nnen. Diese Nadeln werden auch von Menschen verwendet, die n\u00e4hen und in gewissem Ma\u00dfe behindert sind, z. B. durch die Parkinsonsche Krankheit.<\/p>\n<p><strong>Farbcodierte Kolbenst\u00e4rke.<\/strong><br \/><strong>Dicke der Nadel 3&#215;75, 2&#215;90.<\/strong><br \/><strong>Packung mit 5 St\u00fcck.<\/strong><br \/><strong>Halb-flach.<\/strong><\/p>\n<p>Lizenziert von BMN Beissel Maschinennadel Gmbh, Deutschland.<\/p>\n<p>Beissel Nadel:<br \/>wird gem\u00e4\u00df der DIN-Norm hergestellt<br \/>hergestellt nach SATRA, UK Standard<br \/>unterliegt einer Qualit\u00e4tskontrolle mit 155 Pr\u00fcfpunkten<\/p>\n<p>Beissel Maschinennadeln werden in Dutzenden von L\u00e4ndern auf allen Kontinenten eingesetzt. Die Altek Beissel Fabrik ist eine der letzten in der Welt, in der der Eigent\u00fcmer jeden Tag in der Produktion anwesend ist.<\/p>\n","protected":false},"excerpt":{"rendered":"<p>BEISSEL Halbflachnadel f\u00fcr Stretch MIX 130-705 H-S<\/p>\n","protected":false},"featured_media":13247,"comment_status":"open","ping_status":"closed","template":"","meta":[],"product_brand":[],"product_cat":[520],"product_tag":[],"class_list":{"0":"post-16116","1":"product","2":"type-product","3":"status-publish","4":"has-post-thumbnail","6":"product_cat-igly-do-maszyn","8":"first","9":"instock","10":"taxable","11":"shipping-taxable","12":"purchasable","13":"product-type-simple"},"_links":{"self":[{"href":"https:\/\/gltestm.webology.pl\/de\/wp-json\/wp\/v2\/product\/16116","targetHints":{"allow":["GET"]}}],"collection":[{"href":"https:\/\/gltestm.webology.pl\/de\/wp-json\/wp\/v2\/product"}],"about":[{"href":"https:\/\/gltestm.webology.pl\/de\/wp-json\/wp\/v2\/types\/product"}],"replies":[{"embeddable":true,"href":"https:\/\/gltestm.webology.pl\/de\/wp-json\/wp\/v2\/comments?post=16116"}],"version-history":[{"count":0,"href":"https:\/\/gltestm.webology.pl\/de\/wp-json\/wp\/v2\/product\/16116\/revisions"}],"wp:featuredmedia":[{"embeddable":true,"href":"https:\/\/gltestm.webology.pl\/de\/wp-json\/wp\/v2\/media\/13247"}],"wp:attachment":[{"href":"https:\/\/gltestm.webology.pl\/de\/wp-json\/wp\/v2\/media?parent=16116"}],"wp:term":[{"taxonomy":"product_brand","embeddable":true,"href":"https:\/\/gltestm.webology.pl\/de\/wp-json\/wp\/v2\/product_brand?post=16116"},{"taxonomy":"product_cat","embeddable":true,"href":"https:\/\/gltestm.webology.pl\/de\/wp-json\/wp\/v2\/product_cat?post=16116"},{"taxonomy":"product_tag","embeddable":true,"href":"https:\/\/gltestm.webology.pl\/de\/wp-json\/wp\/v2\/product_tag?post=16116"}],"curies":[{"name":"wp","href":"https:\/\/api.w.org\/{rel}","templated":true}]}}