{"id":16112,"date":"2026-03-18T22:03:19","date_gmt":"2026-03-18T21:03:19","guid":{"rendered":"https:\/\/gltestm.webology.pl\/produkt\/beissel-ledernadelset-130-705-h-ll\/"},"modified":"2026-03-22T21:44:23","modified_gmt":"2026-03-22T20:44:23","slug":"beissel-ledernadelset-130-705-h-ll","status":"publish","type":"product","link":"https:\/\/gltestm.webology.pl\/de\/produkt\/beissel-ledernadelset-130-705-h-ll\/","title":{"rendered":"Beissel Ledernadelset 130-705 H-LL"},"content":{"rendered":"<p><strong>Beissel-Nadeln f\u00fcr Leder 130-705 H-LL<\/strong><\/p>\n<p>BEISSEL Nadelset zum N\u00e4hen von Leder und leder\u00e4hnlichen Materialien.<\/p>\n<p>Die Nadel mit ihrer scharfen, dreieckigen Spitze schneidet m\u00fchelos durch Leder, so dass der Faden reibungslos durch das Loch gef\u00fchrt und die Naht ordnungsgem\u00e4\u00df vern\u00e4ht werden kann. Die Spitze ist leicht angewinkelt, so dass jeder einzelne Stich beim N\u00e4hen leicht schr\u00e4g liegt und einen dekorativen Effekt erzielt.<\/p>\n<p><strong>Farbcodierte Kolbenst\u00e4rke<\/strong><br \/><strong>Dicke der Nadel 2&#215;90, 2&#215;100, 1&#215;110. <\/strong><br \/><strong>Packung mit 5 St\u00fcck.<\/strong><br \/><strong>Halb-flach.<\/strong><\/p>\n<p>Lizenziert von BMN Beissel Maschinennadel Gmbh, Deutschland.<\/p>\n<p>Beissel Nadel:<br \/>wird in \u00dcbereinstimmung mit der DIN-Norm hergestellt<br \/>hergestellt nach SATRA, UK Standard<br \/>unterliegt einer Qualit\u00e4tskontrolle mit 155 Pr\u00fcfpunkten<\/p>\n<p>Beissel Maschinennadeln werden in Dutzenden von L\u00e4ndern auf allen Kontinenten eingesetzt. Die Altek Beissel Fabrik ist eine der letzten in der Welt, in der der Eigent\u00fcmer jeden Tag in der Produktion anwesend ist.<\/p>\n","protected":false},"excerpt":{"rendered":"<p>BEISSEL Halbflache Nadel f\u00fcr Leder 130-705 H-LL<\/p>\n","protected":false},"featured_media":15776,"comment_status":"open","ping_status":"closed","template":"","meta":[],"product_brand":[],"product_cat":[520],"product_tag":[],"class_list":{"0":"post-16112","1":"product","2":"type-product","3":"status-publish","4":"has-post-thumbnail","6":"product_cat-igly-do-maszyn","8":"first","9":"instock","10":"taxable","11":"shipping-taxable","12":"purchasable","13":"product-type-simple"},"_links":{"self":[{"href":"https:\/\/gltestm.webology.pl\/de\/wp-json\/wp\/v2\/product\/16112","targetHints":{"allow":["GET"]}}],"collection":[{"href":"https:\/\/gltestm.webology.pl\/de\/wp-json\/wp\/v2\/product"}],"about":[{"href":"https:\/\/gltestm.webology.pl\/de\/wp-json\/wp\/v2\/types\/product"}],"replies":[{"embeddable":true,"href":"https:\/\/gltestm.webology.pl\/de\/wp-json\/wp\/v2\/comments?post=16112"}],"version-history":[{"count":0,"href":"https:\/\/gltestm.webology.pl\/de\/wp-json\/wp\/v2\/product\/16112\/revisions"}],"wp:featuredmedia":[{"embeddable":true,"href":"https:\/\/gltestm.webology.pl\/de\/wp-json\/wp\/v2\/media\/15776"}],"wp:attachment":[{"href":"https:\/\/gltestm.webology.pl\/de\/wp-json\/wp\/v2\/media?parent=16112"}],"wp:term":[{"taxonomy":"product_brand","embeddable":true,"href":"https:\/\/gltestm.webology.pl\/de\/wp-json\/wp\/v2\/product_brand?post=16112"},{"taxonomy":"product_cat","embeddable":true,"href":"https:\/\/gltestm.webology.pl\/de\/wp-json\/wp\/v2\/product_cat?post=16112"},{"taxonomy":"product_tag","embeddable":true,"href":"https:\/\/gltestm.webology.pl\/de\/wp-json\/wp\/v2\/product_tag?post=16112"}],"curies":[{"name":"wp","href":"https:\/\/api.w.org\/{rel}","templated":true}]}}