{"id":16100,"date":"2026-03-18T22:03:18","date_gmt":"2026-03-18T21:03:18","guid":{"rendered":"https:\/\/gltestm.webology.pl\/produkt\/beissel-nadelsatz-fuer-denim-und-folie-130-705-hj\/"},"modified":"2026-03-22T21:44:18","modified_gmt":"2026-03-22T20:44:18","slug":"beissel-nadelsatz-fuer-denim-und-folie-130-705-hj","status":"publish","type":"product","link":"https:\/\/gltestm.webology.pl\/de\/produkt\/beissel-nadelsatz-fuer-denim-und-folie-130-705-hj\/","title":{"rendered":"Beissel-Nadelsatz f\u00fcr Denim und Folie 130-705 HJ"},"content":{"rendered":"<p><strong>Beissel-Nadeln f\u00fcr Denim und Folie 130-705 HJ<\/strong><\/p>\n<p>Scharfe, kr\u00e4ftige Nadeln mit einem relativ gro\u00dfen \u00d6hr durchdringen das Material nicht nur leichter, sondern f\u00fchren auch die F\u00e4den besser hindurch, insbesondere die Zierf\u00e4den f\u00fcr Jeansstoffe, und erm\u00f6glichen so ein sauberes Abbinden der N\u00e4hte.<\/p>\n<p><strong>Farbcodierte Kolbenst\u00e4rke.<\/strong><br \/><strong>Nadeldicke 2&#215;90, 2&#215;100, 1&#215;110. <\/strong><br \/><strong>Packung mit 5 St\u00fcck.<\/strong><br \/><strong>Halb-flach.<\/strong><\/p>\n<p>Lizenziert von BMN Beissel Maschinennadel Gmbh, Deutschland.<\/p>\n<p>Beissel Nadel:<\/p>\n<p>wird in \u00dcbereinstimmung mit der DIN-Norm hergestellt<br \/>hergestellt nach SATRA, UK Standard<br \/>unterliegt einer Qualit\u00e4tskontrolle mit 155 Pr\u00fcfpunkten<\/p>\n<p>Beissel Maschinennadeln werden in Dutzenden von L\u00e4ndern auf allen Kontinenten eingesetzt. Die Altek Beissel Fabrik ist eine der letzten in der Welt, in der der Eigent\u00fcmer jeden Tag in der Produktion anwesend ist.<\/p>\n","protected":false},"excerpt":{"rendered":"<p>BEISSEL Halbflachnadel f\u00fcr Stoffe wie Denim, Skai, Folie, Wachstuch 130-705 HJ<\/p>\n","protected":false},"featured_media":13280,"comment_status":"open","ping_status":"closed","template":"","meta":[],"product_brand":[],"product_cat":[520],"product_tag":[],"class_list":{"0":"post-16100","1":"product","2":"type-product","3":"status-publish","4":"has-post-thumbnail","6":"product_cat-igly-do-maszyn","8":"first","9":"instock","10":"taxable","11":"shipping-taxable","12":"purchasable","13":"product-type-simple"},"_links":{"self":[{"href":"https:\/\/gltestm.webology.pl\/de\/wp-json\/wp\/v2\/product\/16100","targetHints":{"allow":["GET"]}}],"collection":[{"href":"https:\/\/gltestm.webology.pl\/de\/wp-json\/wp\/v2\/product"}],"about":[{"href":"https:\/\/gltestm.webology.pl\/de\/wp-json\/wp\/v2\/types\/product"}],"replies":[{"embeddable":true,"href":"https:\/\/gltestm.webology.pl\/de\/wp-json\/wp\/v2\/comments?post=16100"}],"version-history":[{"count":0,"href":"https:\/\/gltestm.webology.pl\/de\/wp-json\/wp\/v2\/product\/16100\/revisions"}],"wp:featuredmedia":[{"embeddable":true,"href":"https:\/\/gltestm.webology.pl\/de\/wp-json\/wp\/v2\/media\/13280"}],"wp:attachment":[{"href":"https:\/\/gltestm.webology.pl\/de\/wp-json\/wp\/v2\/media?parent=16100"}],"wp:term":[{"taxonomy":"product_brand","embeddable":true,"href":"https:\/\/gltestm.webology.pl\/de\/wp-json\/wp\/v2\/product_brand?post=16100"},{"taxonomy":"product_cat","embeddable":true,"href":"https:\/\/gltestm.webology.pl\/de\/wp-json\/wp\/v2\/product_cat?post=16100"},{"taxonomy":"product_tag","embeddable":true,"href":"https:\/\/gltestm.webology.pl\/de\/wp-json\/wp\/v2\/product_tag?post=16100"}],"curies":[{"name":"wp","href":"https:\/\/api.w.org\/{rel}","templated":true}]}}